{"id":7139,"date":"2025-09-16T16:46:09","date_gmt":"2025-09-16T14:46:09","guid":{"rendered":"https:\/\/motorrad-erinnerungen.de\/2026\/produkt\/reise-motorrad-ride-on-4-2012-bmw-r-1200-gs-mit-81-kw-110-ps-im-vergleichstest-victory-judge-mit-66-kw-90-ps-als-neuheit-fuer-2012\/"},"modified":"2025-09-16T16:53:18","modified_gmt":"2025-09-16T14:53:18","slug":"reise-motorrad-ride-on-4-2012-bmw-r-1200-gs-mit-81-kw-110-ps-im-vergleichstest-victory-judge-mit-66-kw-90-ps-als-neuheit-fuer-2012","status":"publish","type":"product","link":"https:\/\/motorrad-erinnerungen.de\/shop\/produkt\/reise-motorrad-ride-on-4-2012-bmw-r-1200-gs-mit-81-kw-110-ps-im-vergleichstest-victory-judge-mit-66-kw-90-ps-als-neuheit-fuer-2012\/","title":{"rendered":"REISE MOTORRAD ride on! 4\/2012 \u2013 BMW R 1200 GS mit 81 kW (110 PS) im Vergleichstest, Victory Judge mit 66 kW (90 PS) als Neuheit f\u00fcr 2012"},"content":{"rendered":"<p>Hier k\u00f6nnen Sie das Motorrad-Magazin \u201eREISE MOTORRAD ride on! 4\/2012\u201c erwerben.<\/p>\n<h2>\ud83d\udccc In dieser Ausgabe finden Sie u.a. folgende Berichte:<\/h2>\n<ul>\n<li><strong>BMW R 1200 GS<\/strong> mit 81 kW (110 PS) im Vergleichstest \u2013 5 Reise-Enduros im Vergleich, Honda Crosstourer DCT vs. Yamaha XTZ1200Z Super T\u00e9n\u00e9r\u00e9 vs. Moto Guzzi Stelvio NTX vs. BMW R 1200 GS Triple Black ABS vs. Triumph Tiger Explorer, Testbericht auf 23 Seiten <\/li>\n<li><strong>Honda Crosstourer DCT<\/strong> mit 95 kW (129 PS) im Vergleichstest \u2013 5 Reise-Enduros im Vergleich, Honda Crosstourer DCT vs. Yamaha XTZ1200Z Super T\u00e9n\u00e9r\u00e9 vs. Moto Guzzi Stelvio NTX vs. BMW R 1200 GS Triple Black ABS vs. Triumph Tiger Explorer, Testbericht auf 23 Seiten <\/li>\n<li><strong>Moto Guzzi Stelvio 1200 8V NTX<\/strong> mit 77 kW (105 PS) im Vergleichstest \u2013 5 Reise-Enduros im Vergleich, Honda Crosstourer DCT vs. Yamaha XTZ1200Z Super T\u00e9n\u00e9r\u00e9 vs. Moto Guzzi Stelvio NTX vs. BMW R 1200 GS Triple Black ABS vs. Triumph Tiger Explorer, Testbericht auf 23 Seiten <\/li>\n<li><strong>Triumph Tiger Explorer<\/strong> mit 101 kW (137 PS) im Vergleichstest \u2013 5 Reise-Enduros im Vergleich, Honda Crosstourer DCT vs. Yamaha XTZ1200Z Super T\u00e9n\u00e9r\u00e9 vs. Moto Guzzi Stelvio NTX vs. BMW R 1200 GS Triple Black ABS vs. Triumph Tiger Explorer, Testbericht auf 23 Seiten <\/li>\n<li><strong>Yamaha XT 1200 Z Super T\u00e9n\u00e9r\u00e9<\/strong> mit 81 kW (110 PS) im Vergleichstest \u2013 5 Reise-Enduros im Vergleich, Honda Crosstourer DCT vs. Yamaha XTZ1200Z Super T\u00e9n\u00e9r\u00e9 vs. Moto Guzzi Stelvio NTX vs. BMW R 1200 GS Triple Black ABS vs. Triumph Tiger Explorer, Testbericht auf 23 Seiten <\/li>\n<li><strong>Victory Judge<\/strong> mit 66 kW (90 PS) als Neuheit f\u00fcr 2012 \u2013 Vorstellung auf 2 Seiten <\/li>\n<li><strong>Moto Guzzi V7 Stone \/ Special \/ Racer<\/strong> mit 37 kW (50 PS) als Neuheit f\u00fcr 2012 \u2013 Vorstellung auf 3 Seiten <\/li>\n<li><strong>Piaggio X10<\/strong> mit 24 kW (33 PS) als Neuheit f\u00fcr 2012 \u2013 Vorstellung auf 2 Seiten <\/li>\n<\/ul>\n<h2>\ud83d\udce6 Versand &amp; Service<\/h2>\n<ul>\n<li>\u2713 Kostenloser Versand in Deutschland, Auslandsversand f\u00fcr eine geringe Pauschale<\/li>\n<li>\u2713 Erfahrung aus \u00fcber 30.000 erfolgreichen Sendungen<\/li>\n<li>\u2713 Ihre Zeitschrift wird sicher und liebevoll verpackt<\/li>\n<\/ul>\n<h2>\ud83c\udf0d Zustand der Zeitschrift<\/h2>\n<p><strong>Gebraucht, weil gelesen, durchgebl\u00e4ttert oder gestapelt \ud83d\ude09<\/strong> dem Alter angemessen gut bis sehr gut erhalten. Alles original. Es k\u00f6nnen Klebespuren von Abo-Adressaufklebern vorhanden sein.<\/p>\n","protected":false},"excerpt":{"rendered":"<p>BMW R 1200 GS: 5 Reise-Enduros im Vergleich, Honda Crosstourer DCT vs. Yamaha XTZ1200Z Super T\u00e9n\u00e9r\u00e9 vs. Moto Guzzi Stelvio NTX vs. BMW R 1200 GS Triple Black ABS vs. Triumph Tiger Explorer, Testbericht auf 23 Seiten . Honda Crosstourer DCT: 5 Reise-Enduros im Vergleich, Honda Crosstourer DCT vs.<\/p>\n","protected":false},"featured_media":7138,"template":"","meta":{"iawp_total_views":2},"product_brand":[],"product_cat":[29],"product_tag":[3391,3604,3605,3852,3870,7024,7025,2646],"class_list":{"0":"post-7139","1":"product","2":"type-product","3":"status-publish","4":"has-post-thumbnail","6":"product_cat-reise-motorrad-ride-on","7":"product_tag-yamaha-xt-1200-z-super-tenere","8":"product_tag-triumph-tiger-explorer","9":"product_tag-honda-crosstourer-dct","10":"product_tag-moto-guzzi-v7-stone-special-racer","11":"product_tag-victory-judge","12":"product_tag-moto-guzzi-stelvio-1200-8v-ntx-2","13":"product_tag-piaggio-x10","14":"product_tag-bmw-r-1200-gs","16":"first","17":"instock","18":"shipping-taxable","19":"purchasable","20":"product-type-simple"},"_links":{"self":[{"href":"https:\/\/motorrad-erinnerungen.de\/shop\/wp-json\/wp\/v2\/product\/7139","targetHints":{"allow":["GET"]}}],"collection":[{"href":"https:\/\/motorrad-erinnerungen.de\/shop\/wp-json\/wp\/v2\/product"}],"about":[{"href":"https:\/\/motorrad-erinnerungen.de\/shop\/wp-json\/wp\/v2\/types\/product"}],"wp:featuredmedia":[{"embeddable":true,"href":"https:\/\/motorrad-erinnerungen.de\/shop\/wp-json\/wp\/v2\/media\/7138"}],"wp:attachment":[{"href":"https:\/\/motorrad-erinnerungen.de\/shop\/wp-json\/wp\/v2\/media?parent=7139"}],"wp:term":[{"taxonomy":"product_brand","embeddable":true,"href":"https:\/\/motorrad-erinnerungen.de\/shop\/wp-json\/wp\/v2\/product_brand?post=7139"},{"taxonomy":"product_cat","embeddable":true,"href":"https:\/\/motorrad-erinnerungen.de\/shop\/wp-json\/wp\/v2\/product_cat?post=7139"},{"taxonomy":"product_tag","embeddable":true,"href":"https:\/\/motorrad-erinnerungen.de\/shop\/wp-json\/wp\/v2\/product_tag?post=7139"}],"curies":[{"name":"wp","href":"https:\/\/api.w.org\/{rel}","templated":true}]}}