{"id":7207,"date":"2025-09-16T21:45:03","date_gmt":"2025-09-16T19:45:03","guid":{"rendered":"https:\/\/motorrad-erinnerungen.de\/2026\/produkt\/tourenfahrer-2-1987-kawasaki-klr-650-mit-35-kw-48-ps-oder-20-kw-27-ps-im-vergleichstest\/"},"modified":"2026-04-05T12:30:51","modified_gmt":"2026-04-05T10:30:51","slug":"tourenfahrer-2-1987-kawasaki-klr-650-mit-35-kw-48-ps-oder-20-kw-27-ps-im-vergleichstest","status":"publish","type":"product","link":"https:\/\/motorrad-erinnerungen.de\/shop\/produkt\/tourenfahrer-2-1987-kawasaki-klr-650-mit-35-kw-48-ps-oder-20-kw-27-ps-im-vergleichstest\/","title":{"rendered":"Tourenfahrer 2\/1987 \u2013 Kawasaki KLR 650 vs. Yamaha XT 600 Z T\u00e9n\u00e9r\u00e9"},"content":{"rendered":"<p>Enduro-Duell auf sieben Seiten \u2013 das ist der <strong>Tourenfahrer 2\/1987<\/strong>.<\/p>\n<h2>\ud83d\udccc Freuen Sie sich auf interessante Beitr\u00e4ge unter anderem zu:<\/h2>\n<ul>\n<li><strong>Kawasaki KLR 650<\/strong> (48 PS \/ 27 PS) vs. <strong>Yamaha XT 600 Z T\u00e9n\u00e9r\u00e9<\/strong> (46 PS) im Vergleichstest \u2013 Testbericht auf 7 Seiten<\/li>\n<li><strong>BMW K 75 Basic<\/strong> mit 75 PS im Touren-Test \u2013 Testbericht auf 5 Seiten<\/li>\n<li><strong>Suzuki LS 650 Savage<\/strong> mit 27 PS im Touren-Test \u2013 Testbericht auf 4 Seiten<\/li>\n<\/ul>\n<h2>\ud83d\udca1 Tipp<\/h2>\n<ul>\n<li>Ein (Reise-) Motorrad-Magazin kann auch eine willkommene \u00dcberraschung f\u00fcr Motorrad-\/Rollerfans sein &#8230; <strong>zum Verschenken von Erinnerungen &#8230; Tr\u00e4umen<\/strong> &#8230;<\/li>\n<\/ul>\n<h2>\ud83d\udce6 Versand &amp; Service<\/h2>\n<ul>\n<li>\u2713 Kostenloser Versand in Deutschland, Auslandsversand f\u00fcr eine geringe Pauschale<\/li>\n<li>\u2713 Erfahrung aus \u00fcber 30.000 erfolgreichen Sendungen<\/li>\n<li>\u2713 Ihre Zeitschrift wird sicher und liebevoll verpackt<\/li>\n<\/ul>\n<h2>\ud83c\udf0d Zustand der Zeitschrift<\/h2>\n<ul>\n<li><strong>Gebraucht, weil gelesen, durchgebl\u00e4ttert oder gestapelt \ud83d\ude09<\/strong><\/li>\n<li>dem Alter angemessen gut bis sehr gut erhalten, alles original<\/li>\n<\/ul>\n","protected":false},"excerpt":{"rendered":"<p>Kawasaki KLR 650 vs. Yamaha XT 600 Z T\u00e9n\u00e9r\u00e9 Vergleichstest (7 S.) \u2013 plus BMW K 75 Basic Testbericht (5 S.) und Suzuki LS 650 Savage Touren-Test (4 S.).<\/p>\n","protected":false},"featured_media":7206,"template":"","meta":{"iawp_total_views":1},"product_brand":[],"product_cat":[30],"product_tag":[1454,1515,1641,7048],"class_list":{"0":"post-7207","1":"product","2":"type-product","3":"status-publish","4":"has-post-thumbnail","6":"product_cat-tourenfahrer","7":"product_tag-suzuki-ls-650-savage","8":"product_tag-kawasaki-klr-650","9":"product_tag-yamaha-xt-600-z-tenere","10":"product_tag-bmw-k-75-basic","12":"first","13":"instock","14":"shipping-taxable","15":"purchasable","16":"product-type-simple"},"_links":{"self":[{"href":"https:\/\/motorrad-erinnerungen.de\/shop\/wp-json\/wp\/v2\/product\/7207","targetHints":{"allow":["GET"]}}],"collection":[{"href":"https:\/\/motorrad-erinnerungen.de\/shop\/wp-json\/wp\/v2\/product"}],"about":[{"href":"https:\/\/motorrad-erinnerungen.de\/shop\/wp-json\/wp\/v2\/types\/product"}],"wp:featuredmedia":[{"embeddable":true,"href":"https:\/\/motorrad-erinnerungen.de\/shop\/wp-json\/wp\/v2\/media\/7206"}],"wp:attachment":[{"href":"https:\/\/motorrad-erinnerungen.de\/shop\/wp-json\/wp\/v2\/media?parent=7207"}],"wp:term":[{"taxonomy":"product_brand","embeddable":true,"href":"https:\/\/motorrad-erinnerungen.de\/shop\/wp-json\/wp\/v2\/product_brand?post=7207"},{"taxonomy":"product_cat","embeddable":true,"href":"https:\/\/motorrad-erinnerungen.de\/shop\/wp-json\/wp\/v2\/product_cat?post=7207"},{"taxonomy":"product_tag","embeddable":true,"href":"https:\/\/motorrad-erinnerungen.de\/shop\/wp-json\/wp\/v2\/product_tag?post=7207"}],"curies":[{"name":"wp","href":"https:\/\/api.w.org\/{rel}","templated":true}]}}