{"id":7304,"date":"2025-09-16T22:58:20","date_gmt":"2025-09-16T20:58:20","guid":{"rendered":"https:\/\/motorrad-erinnerungen.de\/2026\/produkt\/tourenfahrer-7-1994-kawasaki-zz-r-1100-mit-74-kw-100-ps-als-reise-motorrad-getestet-honda-xrv-africa-twin-zubehoer-empfehlungen\/"},"modified":"2026-04-05T13:12:25","modified_gmt":"2026-04-05T11:12:25","slug":"tourenfahrer-7-1994-kawasaki-zz-r-1100-mit-74-kw-100-ps-als-reise-motorrad-getestet-honda-xrv-africa-twin-zubehoer-empfehlungen","status":"publish","type":"product","link":"https:\/\/motorrad-erinnerungen.de\/shop\/produkt\/tourenfahrer-7-1994-kawasaki-zz-r-1100-mit-74-kw-100-ps-als-reise-motorrad-getestet-honda-xrv-africa-twin-zubehoer-empfehlungen\/","title":{"rendered":"Tourenfahrer 7\/1994 \u2013 Kawasaki ZZ-R 1100; Honda Africa Twin Zubeh\u00f6r"},"content":{"rendered":"<p>Superbike auf Reisen und Enduro-Zubeh\u00f6r-Wissen \u2013 das bietet der <strong>Tourenfahrer 7\/1994<\/strong>.<\/p>\n<h2>\ud83d\udccc Freuen Sie sich auf interessante Beitr\u00e4ge unter anderem zu:<\/h2>\n<ul>\n<li><strong>Kawasaki ZZ-R 1100<\/strong> mit 100 PS als Reise-Motorrad \u2013 Touren-Test auf 8 Seiten<\/li>\n<li><strong>Yamaha XTZ 660 T\u00e9n\u00e9r\u00e9<\/strong> mit 48 PS als Reise-Motorrad \u2013 Touren-Test auf 7 Seiten<\/li>\n<li><strong>Honda Africa Twin<\/strong> Zubeh\u00f6r-Empfehlungen \u2013 Zubeh\u00f6r-Spezial Teil 1 auf 6 Seiten<\/li>\n<li><strong>Honda CB Seven Fifty<\/strong> als Sauer\/Wing-Gespann \u2013 Vorstellung auf 3 Seiten<\/li>\n<\/ul>\n<h2>\ud83d\udca1 Tipp<\/h2>\n<ul>\n<li>Ein (Reise-) Motorrad-Magazin kann auch eine willkommene \u00dcberraschung f\u00fcr Motorrad-\/Rollerfans sein &#8230; <strong>zum Verschenken von Erinnerungen &#8230; Tr\u00e4umen<\/strong> &#8230;<\/li>\n<\/ul>\n<h2>\ud83d\udce6 Versand &amp; Service<\/h2>\n<ul>\n<li>\u2713 Kostenloser Versand in Deutschland, Auslandsversand f\u00fcr eine geringe Pauschale<\/li>\n<li>\u2713 Erfahrung aus \u00fcber 30.000 erfolgreichen Sendungen<\/li>\n<li>\u2713 Ihre Zeitschrift wird sicher und liebevoll verpackt<\/li>\n<\/ul>\n<h2>\ud83c\udf0d Zustand der Zeitschrift<\/h2>\n<ul>\n<li><strong>Gebraucht, weil gelesen, durchgebl\u00e4ttert oder gestapelt \ud83d\ude09<\/strong><\/li>\n<li>dem Alter angemessen gut bis sehr gut erhalten, alles original<\/li>\n<\/ul>\n","protected":false},"excerpt":{"rendered":"<p>Kawasaki ZZ-R 1100 Touren-Test (8 S.) und Yamaha XTZ 660 T\u00e9n\u00e9r\u00e9 Touren-Test (7 S.) \u2013 plus Honda Africa Twin Zubeh\u00f6r-Spezial Teil 1 (6 S.) und Honda CB Seven Fifty Sauer\/Wing-Gespann Vorstellung (3 S.).<\/p>\n","protected":false},"featured_media":7303,"template":"","meta":{"iawp_total_views":0},"product_brand":[],"product_cat":[30],"product_tag":[14613,1714,1797,2297,3323],"class_list":{"0":"post-7304","1":"product","2":"type-product","3":"status-publish","4":"has-post-thumbnail","6":"product_cat-tourenfahrer","7":"product_tag-sauer-gespann-2","8":"product_tag-kawasaki-zz-r-1100","9":"product_tag-yamaha-xtz-660-tenere","10":"product_tag-honda-xrv-africa-twin","11":"product_tag-honda-cb-seven-fifty","13":"first","14":"instock","15":"shipping-taxable","16":"purchasable","17":"product-type-simple"},"_links":{"self":[{"href":"https:\/\/motorrad-erinnerungen.de\/shop\/wp-json\/wp\/v2\/product\/7304","targetHints":{"allow":["GET"]}}],"collection":[{"href":"https:\/\/motorrad-erinnerungen.de\/shop\/wp-json\/wp\/v2\/product"}],"about":[{"href":"https:\/\/motorrad-erinnerungen.de\/shop\/wp-json\/wp\/v2\/types\/product"}],"wp:featuredmedia":[{"embeddable":true,"href":"https:\/\/motorrad-erinnerungen.de\/shop\/wp-json\/wp\/v2\/media\/7303"}],"wp:attachment":[{"href":"https:\/\/motorrad-erinnerungen.de\/shop\/wp-json\/wp\/v2\/media?parent=7304"}],"wp:term":[{"taxonomy":"product_brand","embeddable":true,"href":"https:\/\/motorrad-erinnerungen.de\/shop\/wp-json\/wp\/v2\/product_brand?post=7304"},{"taxonomy":"product_cat","embeddable":true,"href":"https:\/\/motorrad-erinnerungen.de\/shop\/wp-json\/wp\/v2\/product_cat?post=7304"},{"taxonomy":"product_tag","embeddable":true,"href":"https:\/\/motorrad-erinnerungen.de\/shop\/wp-json\/wp\/v2\/product_tag?post=7304"}],"curies":[{"name":"wp","href":"https:\/\/api.w.org\/{rel}","templated":true}]}}