{"id":7712,"date":"2025-09-16T23:24:02","date_gmt":"2025-09-16T21:24:02","guid":{"rendered":"https:\/\/motorrad-erinnerungen.de\/2026\/produkt\/tourenfahrer-12-2012-bmw-g-650-gs-sertao-mit-35-kw-48-ps-im-touren-test-yamaha-xtz-660-tenere-mit-35-kw-48-ps-abs-im-touren-test\/"},"modified":"2026-04-06T23:36:27","modified_gmt":"2026-04-06T21:36:27","slug":"tourenfahrer-12-2012-bmw-g-650-gs-sertao-mit-35-kw-48-ps-im-touren-test-yamaha-xtz-660-tenere-mit-35-kw-48-ps-abs-im-touren-test","status":"publish","type":"product","link":"https:\/\/motorrad-erinnerungen.de\/shop\/produkt\/tourenfahrer-12-2012-bmw-g-650-gs-sertao-mit-35-kw-48-ps-im-touren-test-yamaha-xtz-660-tenere-mit-35-kw-48-ps-abs-im-touren-test\/","title":{"rendered":"Tourenfahrer 12\/2012 \u2013 BMW G 650 GS Sert\u00e3o vs. Yamaha XTZ 660 T\u00e9n\u00e9r\u00e9"},"content":{"rendered":"<p>Zwei Singles duellieren sich auf Schotter und Asphalt, w\u00e4hrend drei Maxi-Roller um den Rollertourer-Thron k\u00e4mpfen \u2013 ein vollgepacktes Jahresfinale im <strong>Tourenfahrer 12\/2012<\/strong>.<\/p>\n<h2>\ud83d\udccc Freuen Sie sich auf interessante Beitr\u00e4ge unter anderem zu:<\/h2>\n<ul>\n<li><strong>BMW G 650 GS Sert\u00e3o<\/strong> (48 PS) vs. <strong>Yamaha XTZ 660 T\u00e9n\u00e9r\u00e9<\/strong> (48 PS) + ABS \u2013 Single-Duell auf 8 Seiten<\/li>\n<li><strong>BMW C 650 GT<\/strong> (60 PS) vs. <strong>Honda Integra 700<\/strong> (52 PS) vs. <strong>Suzuki Burgman 650<\/strong> (56 PS) \u2013 Maxi-Roller-Dreikampf auf 6 Seiten<\/li>\n<li><strong>Yamaha FJR 1300 A<\/strong> (146 PS) \u2013 Fahrbericht auf 4 Seiten<\/li>\n<li><strong>BMW K 1200 RS<\/strong> (ab 2003) \u2013 Gebrauchtkauf-Tipps auf 6 Seiten<\/li>\n<li><strong>Hercules W 2000, ein Klassiker<\/strong> \u2013 Youngtimer-Vorstellung auf 4 Seiten<\/li>\n<li><strong>Can-Am Spyder ST, ein Sporttourer<\/strong> \u2013 Vorstellung auf 2 Seiten<\/li>\n<\/ul>\n<h2>\ud83d\udca1 Tipp<\/h2>\n<ul>\n<li>Ein (Reise-) Motorrad-Magazin kann auch eine willkommene \u00dcberraschung f\u00fcr Motorrad-\/Rollerfans sein &#8230; <strong>zum Verschenken von Erinnerungen &#8230; Tr\u00e4umen<\/strong> &#8230;<\/li>\n<\/ul>\n<h2>\ud83d\udce6 Versand &amp; Service<\/h2>\n<ul>\n<li>\u2713 Kostenloser Versand in Deutschland, Auslandsversand f\u00fcr eine geringe Pauschale<\/li>\n<li>\u2713 Erfahrung aus \u00fcber 30.000 erfolgreichen Sendungen<\/li>\n<li>\u2713 Ihre Zeitschrift wird sicher und liebevoll verpackt<\/li>\n<\/ul>\n<h2>\ud83c\udf0d Zustand der Zeitschrift<\/h2>\n<ul>\n<li><strong>Gebraucht, weil gelesen, durchgebl\u00e4ttert oder gestapelt \ud83d\ude09<\/strong><\/li>\n<li>dem Alter angemessen gut bis sehr gut erhalten, alles original<\/li>\n<\/ul>\n","protected":false},"excerpt":{"rendered":"<p>Single-Duell BMW G 650 GS Sert\u00e3o vs. Yamaha XTZ 660 T\u00e9n\u00e9r\u00e9 (8 S.) und Maxi-Roller-Dreikampf BMW C 650 GT vs. Honda Integra 700 vs. Suzuki Burgman 650 (6 S.) \u2013 plus Yamaha FJR 1300 A (4 S.), BMW K 1200 RS Gebrauchtkauf und Hercules W 2000 Youngtimer (4 S.).<\/p>\n","protected":false},"featured_media":7711,"template":"","meta":{"iawp_total_views":0},"product_brand":[],"product_cat":[30],"product_tag":[14779,50,1797,2124,2644,3612,3647,7069,7077],"class_list":{"0":"post-7712","1":"product","2":"type-product","3":"status-publish","4":"has-post-thumbnail","6":"product_cat-tourenfahrer","7":"product_tag-can-am-spyder-st","8":"product_tag-hercules-w-2000","9":"product_tag-yamaha-xtz-660-tenere","10":"product_tag-bmw-k-1200-rs","11":"product_tag-yamaha-fjr-1300-a","12":"product_tag-bmw-g-650-gs-sertao","13":"product_tag-bmw-c-650-gt","14":"product_tag-suzuki-burgman-650","15":"product_tag-honda-integra-700","17":"first","18":"instock","19":"shipping-taxable","20":"purchasable","21":"product-type-simple"},"_links":{"self":[{"href":"https:\/\/motorrad-erinnerungen.de\/shop\/wp-json\/wp\/v2\/product\/7712","targetHints":{"allow":["GET"]}}],"collection":[{"href":"https:\/\/motorrad-erinnerungen.de\/shop\/wp-json\/wp\/v2\/product"}],"about":[{"href":"https:\/\/motorrad-erinnerungen.de\/shop\/wp-json\/wp\/v2\/types\/product"}],"wp:featuredmedia":[{"embeddable":true,"href":"https:\/\/motorrad-erinnerungen.de\/shop\/wp-json\/wp\/v2\/media\/7711"}],"wp:attachment":[{"href":"https:\/\/motorrad-erinnerungen.de\/shop\/wp-json\/wp\/v2\/media?parent=7712"}],"wp:term":[{"taxonomy":"product_brand","embeddable":true,"href":"https:\/\/motorrad-erinnerungen.de\/shop\/wp-json\/wp\/v2\/product_brand?post=7712"},{"taxonomy":"product_cat","embeddable":true,"href":"https:\/\/motorrad-erinnerungen.de\/shop\/wp-json\/wp\/v2\/product_cat?post=7712"},{"taxonomy":"product_tag","embeddable":true,"href":"https:\/\/motorrad-erinnerungen.de\/shop\/wp-json\/wp\/v2\/product_tag?post=7712"}],"curies":[{"name":"wp","href":"https:\/\/api.w.org\/{rel}","templated":true}]}}