{"id":7726,"date":"2025-09-16T23:24:06","date_gmt":"2025-09-16T21:24:06","guid":{"rendered":"https:\/\/motorrad-erinnerungen.de\/2026\/produkt\/tourenfahrer-7-2013-bmw-f-800-gs-adventure-mit-63-kw-85-ps-test-technik-mz-ets-250-trophy-sport-als-gespann-mit-19-ps-erinnerungen\/"},"modified":"2026-04-06T23:42:28","modified_gmt":"2026-04-06T21:42:28","slug":"tourenfahrer-7-2013-bmw-f-800-gs-adventure-mit-63-kw-85-ps-test-technik-mz-ets-250-trophy-sport-als-gespann-mit-19-ps-erinnerungen","status":"publish","type":"product","link":"https:\/\/motorrad-erinnerungen.de\/shop\/produkt\/tourenfahrer-7-2013-bmw-f-800-gs-adventure-mit-63-kw-85-ps-test-technik-mz-ets-250-trophy-sport-als-gespann-mit-19-ps-erinnerungen\/","title":{"rendered":"Tourenfahrer 7\/2013 \u2013 BMW F 800 GS Adventure; MZ ETS 250 Gespann"},"content":{"rendered":"<p>BMWs neues Reise-Enduro-Flaggschiff geht auf gro\u00dfe Fahrt, und eine DDR-Legende zeigt ihr Gesicht als Gespann \u2013 das bietet der <strong>Tourenfahrer 7\/2013<\/strong>.<\/p>\n<h2>\ud83d\udccc Freuen Sie sich auf interessante Beitr\u00e4ge unter anderem zu:<\/h2>\n<ul>\n<li><strong>BMW F 800 GS Adventure<\/strong> (85 PS) \u2013 Test &#038; Technik auf 8 Seiten<\/li>\n<li><strong>Honda Gold Wing F6B<\/strong> (118 PS) \u2013 Fahrbericht auf 2 Seiten<\/li>\n<li><strong>Yamaha XT 1200 Z Super T\u00e9n\u00e9r\u00e9 Worldcrosser<\/strong> (110 PS) \u2013 Fahrbericht auf 2 Seiten<\/li>\n<li><strong>MZ ETS 250 Trophy Sport als Gespann<\/strong> (19 PS) \u2013 Youngtimer-Vorstellung auf 4 Seiten<\/li>\n<\/ul>\n<h2>\ud83d\udca1 Tipp<\/h2>\n<ul>\n<li>Ein (Reise-) Motorrad-Magazin kann auch eine willkommene \u00dcberraschung f\u00fcr Motorrad-\/Rollerfans sein &#8230; <strong>zum Verschenken von Erinnerungen &#8230; Tr\u00e4umen<\/strong> &#8230;<\/li>\n<\/ul>\n<h2>\ud83d\udce6 Versand &amp; Service<\/h2>\n<ul>\n<li>\u2713 Kostenloser Versand in Deutschland, Auslandsversand f\u00fcr eine geringe Pauschale<\/li>\n<li>\u2713 Erfahrung aus \u00fcber 30.000 erfolgreichen Sendungen<\/li>\n<li>\u2713 Ihre Zeitschrift wird sicher und liebevoll verpackt<\/li>\n<\/ul>\n<h2>\ud83c\udf0d Zustand der Zeitschrift<\/h2>\n<ul>\n<li><strong>Gebraucht, weil gelesen, durchgebl\u00e4ttert oder gestapelt \ud83d\ude09<\/strong><\/li>\n<li>dem Alter angemessen gut bis sehr gut erhalten, alles original<\/li>\n<\/ul>\n","protected":false},"excerpt":{"rendered":"<p>BMW F 800 GS Adventure Testbericht (8 S.) \u2013 plus Honda Gold Wing F6B (2 S.), Yamaha Super T\u00e9n\u00e9r\u00e9 Worldcrosser (2 S.) und MZ ETS 250 Trophy Sport als Gespann Youngtimer (4 S.).<\/p>\n","protected":false},"featured_media":7725,"template":"","meta":{"iawp_total_views":0},"product_brand":[],"product_cat":[30],"product_tag":[3679,3696,7078,3617],"class_list":{"0":"post-7726","1":"product","2":"type-product","3":"status-publish","4":"has-post-thumbnail","6":"product_cat-tourenfahrer","7":"product_tag-honda-gold-wing-f6b","8":"product_tag-bmw-f-800-gs-adventure","9":"product_tag-mz-ets-250-trophy-sport-als-gespann","10":"product_tag-yamaha-xt-1200-z-super-tenere-worldcrosser","12":"first","13":"instock","14":"shipping-taxable","15":"purchasable","16":"product-type-simple"},"_links":{"self":[{"href":"https:\/\/motorrad-erinnerungen.de\/shop\/wp-json\/wp\/v2\/product\/7726","targetHints":{"allow":["GET"]}}],"collection":[{"href":"https:\/\/motorrad-erinnerungen.de\/shop\/wp-json\/wp\/v2\/product"}],"about":[{"href":"https:\/\/motorrad-erinnerungen.de\/shop\/wp-json\/wp\/v2\/types\/product"}],"wp:featuredmedia":[{"embeddable":true,"href":"https:\/\/motorrad-erinnerungen.de\/shop\/wp-json\/wp\/v2\/media\/7725"}],"wp:attachment":[{"href":"https:\/\/motorrad-erinnerungen.de\/shop\/wp-json\/wp\/v2\/media?parent=7726"}],"wp:term":[{"taxonomy":"product_brand","embeddable":true,"href":"https:\/\/motorrad-erinnerungen.de\/shop\/wp-json\/wp\/v2\/product_brand?post=7726"},{"taxonomy":"product_cat","embeddable":true,"href":"https:\/\/motorrad-erinnerungen.de\/shop\/wp-json\/wp\/v2\/product_cat?post=7726"},{"taxonomy":"product_tag","embeddable":true,"href":"https:\/\/motorrad-erinnerungen.de\/shop\/wp-json\/wp\/v2\/product_tag?post=7726"}],"curies":[{"name":"wp","href":"https:\/\/api.w.org\/{rel}","templated":true}]}}