{"id":773,"date":"2025-09-03T21:40:14","date_gmt":"2025-09-03T19:40:14","guid":{"rendered":"https:\/\/motorrad-erinnerungen.de\/2026\/produkt\/motorrad-17-1977-test-bmw-r-80-7-test-honda-cb-400-t-hawk-test-kawasaki-kh-125-test-puch-cobra-6-gt\/"},"modified":"2025-12-17T23:38:19","modified_gmt":"2025-12-17T22:38:19","slug":"motorrad-17-1977-test-bmw-r-80-7-test-honda-cb-400-t-hawk-test-kawasaki-kh-125-test-puch-cobra-6-gt","status":"publish","type":"product","link":"https:\/\/motorrad-erinnerungen.de\/shop\/produkt\/motorrad-17-1977-test-bmw-r-80-7-test-honda-cb-400-t-hawk-test-kawasaki-kh-125-test-puch-cobra-6-gt\/","title":{"rendered":"MOTORRAD 17\/1977 \u2013 BMW R 80\/7; Honda CB 400 T-Hawk; Kawasaki KH 125; Puch Cobra 6 GT"},"content":{"rendered":"<p>Hier k\u00f6nnen Sie die Ausgabe &#8222;MOTORRAD 17\/1977&#8220; erwerben.<\/p>\n<h2>\ud83d\udcccInhalt dieser Ausgabe (u.a.):<\/h2>\n<ul>\n<li><strong>BMW R 80\/7<\/strong> mit 37 kW (50 PS) Test &amp; Technik \u2013 Testbericht in Wort und Bild auf 7 Seiten<\/li>\n<li><strong>Honda CB 400 T-Hawk<\/strong> mit 32 kW (43 PS) Test &amp; Technik \u2013 Fahrbericht in Wort und Bild auf 3 Seiten<\/li>\n<li><strong>Kawasaki KH 125<\/strong> mit 7,36 kW (10 PS) Test &amp; Technik \u2013 Testbericht in Wort und Bild auf 3 Seiten<\/li>\n<li><strong>Puch Cobra 6 GT<\/strong> mit 4,6 kW (6,25 PS) Test &amp; Technik \u2013 Testbericht in Wort und Bild auf 3 Seiten<\/li>\n<\/ul>\n<h2>\ud83c\udf0d Zustand der Zeitschrift<\/h2>\n<ul>\n<li><strong>Gebraucht, weil gelesen, durchgebl\u00e4ttert oder gestapelt \ud83d\ude09<\/strong>\u00a0dem Alter angemessen gut bis sehr gut erhalten.<\/li>\n<li>Alles original, Klebespuren von abgel\u00f6sten Abo-Versandaufklebern k\u00f6nnen vorhanden sein.<\/li>\n<\/ul>\n<h2>\ud83d\udce6 Versand &amp; Service<\/h2>\n<ul>\n<li>Kostenloser Versand innerhalb Deutschlands<\/li>\n<li>Versand auch ins Ausland m\u00f6glich<\/li>\n<li>Sicher verpackt \u2013 wir wissen, wie wertvoll diese Sch\u00e4tze sind!<\/li>\n<\/ul>\n","protected":false},"excerpt":{"rendered":"<p>der K\u00e4ufer erh\u00e4lt zum gesuchten Thema immer zus\u00e4tzlich die originale, komplette Zeitschrift<\/p>\n","protected":false},"featured_media":772,"template":"","meta":{"iawp_total_views":1},"product_brand":[],"product_cat":[23],"product_tag":[670,671,668,669],"class_list":{"0":"post-773","1":"product","2":"type-product","3":"status-publish","4":"has-post-thumbnail","6":"product_cat-motorrad","7":"product_tag-kawasaki-kh-125","8":"product_tag-puch-cobra-6-gt","9":"product_tag-bmw-r-80-7","10":"product_tag-honda-cb-400-t-hawk","12":"first","13":"instock","14":"shipping-taxable","15":"purchasable","16":"product-type-simple"},"_links":{"self":[{"href":"https:\/\/motorrad-erinnerungen.de\/shop\/wp-json\/wp\/v2\/product\/773","targetHints":{"allow":["GET"]}}],"collection":[{"href":"https:\/\/motorrad-erinnerungen.de\/shop\/wp-json\/wp\/v2\/product"}],"about":[{"href":"https:\/\/motorrad-erinnerungen.de\/shop\/wp-json\/wp\/v2\/types\/product"}],"wp:featuredmedia":[{"embeddable":true,"href":"https:\/\/motorrad-erinnerungen.de\/shop\/wp-json\/wp\/v2\/media\/772"}],"wp:attachment":[{"href":"https:\/\/motorrad-erinnerungen.de\/shop\/wp-json\/wp\/v2\/media?parent=773"}],"wp:term":[{"taxonomy":"product_brand","embeddable":true,"href":"https:\/\/motorrad-erinnerungen.de\/shop\/wp-json\/wp\/v2\/product_brand?post=773"},{"taxonomy":"product_cat","embeddable":true,"href":"https:\/\/motorrad-erinnerungen.de\/shop\/wp-json\/wp\/v2\/product_cat?post=773"},{"taxonomy":"product_tag","embeddable":true,"href":"https:\/\/motorrad-erinnerungen.de\/shop\/wp-json\/wp\/v2\/product_tag?post=773"}],"curies":[{"name":"wp","href":"https:\/\/api.w.org\/{rel}","templated":true}]}}