{"id":775,"date":"2025-09-03T21:40:14","date_gmt":"2025-09-03T19:40:14","guid":{"rendered":"https:\/\/motorrad-erinnerungen.de\/2026\/produkt\/motorrad-18-1977-test-honda-cb-550-f2-test-honda-cb-750-f2-test-suzuki-gt-380-test-yamaha-bop\/"},"modified":"2025-12-17T23:37:43","modified_gmt":"2025-12-17T22:37:43","slug":"motorrad-18-1977-test-honda-cb-550-f2-test-honda-cb-750-f2-test-suzuki-gt-380-test-yamaha-bop","status":"publish","type":"product","link":"https:\/\/motorrad-erinnerungen.de\/shop\/produkt\/motorrad-18-1977-test-honda-cb-550-f2-test-honda-cb-750-f2-test-suzuki-gt-380-test-yamaha-bop\/","title":{"rendered":"MOTORRAD 18\/1977 \u2013 Honda CB 550 F2; Honda CB 750 F2; Suzuki GT 380; Yamaha Bop"},"content":{"rendered":"<p>Hier k\u00f6nnen Sie die Ausgabe &#8222;MOTORRAD 18\/1977&#8220; erwerben.<\/p>\n<h2>\ud83d\udcccInhalt dieser Ausgabe (u.a.):<\/h2>\n<ul>\n<li><strong>Honda CB 550 F2<\/strong> mit 37 kW (50 PS) Test &amp; Technik \u2013 Testbericht in Wort und Bild auf 4 Seiten<\/li>\n<li><strong>Honda CB 750 F2<\/strong> mit 54 kW (73 PS) Test &amp; Technik \u2013 Fahrbericht in Wort und Bild auf 2 Seiten<\/li>\n<li><strong>Suzuki GT 380<\/strong> mit 20 kW (27 PS) Test &amp; Technik \u2013 Testbericht in Wort und Bild auf 4 Seiten<\/li>\n<li><strong>Yamaha Bop<\/strong> mit 2,2 kW (2,96 PS) Test &amp; Technik \u2013 Testbericht in Wort und Bild auf 4 Seiten<\/li>\n<\/ul>\n<h2>\ud83c\udf0d Zustand der Zeitschrift<\/h2>\n<ul>\n<li><strong>Gebraucht, weil gelesen, durchgebl\u00e4ttert oder gestapelt \ud83d\ude09<\/strong>\u00a0dem Alter angemessen gut bis sehr gut erhalten.<\/li>\n<li>Alles original, Klebespuren von abgel\u00f6sten Abo-Versandaufklebern k\u00f6nnen vorhanden sein.<\/li>\n<\/ul>\n<h2>\ud83d\udce6 Versand &amp; Service<\/h2>\n<ul>\n<li>Kostenloser Versand innerhalb Deutschlands<\/li>\n<li>Versand auch ins Ausland m\u00f6glich<\/li>\n<li>Sicher verpackt \u2013 wir wissen, wie wertvoll diese Sch\u00e4tze sind!<\/li>\n<\/ul>\n","protected":false},"excerpt":{"rendered":"<p>der K\u00e4ufer erh\u00e4lt zum gesuchten Thema immer zus\u00e4tzlich die originale, komplette Zeitschrift<\/p>\n","protected":false},"featured_media":774,"template":"","meta":{"iawp_total_views":5},"product_brand":[],"product_cat":[23],"product_tag":[477,499,500,6389],"class_list":{"0":"post-775","1":"product","2":"type-product","3":"status-publish","4":"has-post-thumbnail","6":"product_cat-motorrad","7":"product_tag-suzuki-gt-380","8":"product_tag-honda-cb-550-f2","9":"product_tag-honda-cb-750-f2","10":"product_tag-yamaha-bop","12":"first","13":"instock","14":"shipping-taxable","15":"purchasable","16":"product-type-simple"},"_links":{"self":[{"href":"https:\/\/motorrad-erinnerungen.de\/shop\/wp-json\/wp\/v2\/product\/775","targetHints":{"allow":["GET"]}}],"collection":[{"href":"https:\/\/motorrad-erinnerungen.de\/shop\/wp-json\/wp\/v2\/product"}],"about":[{"href":"https:\/\/motorrad-erinnerungen.de\/shop\/wp-json\/wp\/v2\/types\/product"}],"wp:featuredmedia":[{"embeddable":true,"href":"https:\/\/motorrad-erinnerungen.de\/shop\/wp-json\/wp\/v2\/media\/774"}],"wp:attachment":[{"href":"https:\/\/motorrad-erinnerungen.de\/shop\/wp-json\/wp\/v2\/media?parent=775"}],"wp:term":[{"taxonomy":"product_brand","embeddable":true,"href":"https:\/\/motorrad-erinnerungen.de\/shop\/wp-json\/wp\/v2\/product_brand?post=775"},{"taxonomy":"product_cat","embeddable":true,"href":"https:\/\/motorrad-erinnerungen.de\/shop\/wp-json\/wp\/v2\/product_cat?post=775"},{"taxonomy":"product_tag","embeddable":true,"href":"https:\/\/motorrad-erinnerungen.de\/shop\/wp-json\/wp\/v2\/product_tag?post=775"}],"curies":[{"name":"wp","href":"https:\/\/api.w.org\/{rel}","templated":true}]}}