{"id":777,"date":"2025-09-03T21:40:15","date_gmt":"2025-09-03T19:40:15","guid":{"rendered":"https:\/\/motorrad-erinnerungen.de\/2026\/produkt\/motorrad-19-1977-test-laverda-500-test-jawa-350-test-ducati-125-enduro-test-suzuki-ts-125\/"},"modified":"2025-12-17T23:37:09","modified_gmt":"2025-12-17T22:37:09","slug":"motorrad-19-1977-test-laverda-500-test-jawa-350-test-ducati-125-enduro-test-suzuki-ts-125","status":"publish","type":"product","link":"https:\/\/motorrad-erinnerungen.de\/shop\/produkt\/motorrad-19-1977-test-laverda-500-test-jawa-350-test-ducati-125-enduro-test-suzuki-ts-125\/","title":{"rendered":"MOTORRAD 19\/1977 \u2013 Laverda 500; Jawa 350; Ducati 125 Enduro; Suzuki TS 125"},"content":{"rendered":"<p>Hier k\u00f6nnen Sie die Ausgabe &#8222;MOTORRAD 19\/1977&#8220; erwerben.<\/p>\n<h2>\ud83d\udcccInhalt dieser Ausgabe (u.a.):<\/h2>\n<ul>\n<li><strong>Laverda 500<\/strong> mit 32 kW (44 PS) Test &amp; Technik \u2013 Testbericht in Wort und Bild auf 3 Seiten<\/li>\n<li><strong>Jawa 350<\/strong> mit 17 kW (23 PS) Test &amp; Technik \u2013 Testbericht in Wort und Bild auf 2 Seiten<\/li>\n<li><strong>Ducati 125 Enduro<\/strong> mit 12,5 kW (17 PS) Test &amp; Technik \u2013 Testbericht in Wort und Bild auf 2 Seiten<\/li>\n<li><strong>Suzuki TS 125<\/strong> mit 7 kW (9,6 PS) Test &amp; Technik \u2013 Testbericht in Wort und Bild auf 2 Seiten<\/li>\n<\/ul>\n<h2>\ud83c\udf0d Zustand der Zeitschrift<\/h2>\n<ul>\n<li><strong>Gebraucht, weil gelesen, durchgebl\u00e4ttert oder gestapelt \ud83d\ude09<\/strong>\u00a0dem Alter angemessen gut bis sehr gut erhalten.<\/li>\n<li>Alles original, Klebespuren von abgel\u00f6sten Abo-Versandaufklebern k\u00f6nnen vorhanden sein.<\/li>\n<\/ul>\n<h2>\ud83d\udce6 Versand &amp; Service<\/h2>\n<ul>\n<li>Kostenloser Versand innerhalb Deutschlands<\/li>\n<li>Versand auch ins Ausland m\u00f6glich<\/li>\n<li>Sicher verpackt \u2013 wir wissen, wie wertvoll diese Sch\u00e4tze sind!<\/li>\n<\/ul>\n","protected":false},"excerpt":{"rendered":"<p>der K\u00e4ufer erh\u00e4lt zum gesuchten Thema immer zus\u00e4tzlich die originale, komplette Zeitschrift<\/p>\n","protected":false},"featured_media":776,"template":"","meta":{"iawp_total_views":1},"product_brand":[],"product_cat":[23],"product_tag":[479,672,673,674],"class_list":{"0":"post-777","1":"product","2":"type-product","3":"status-publish","4":"has-post-thumbnail","6":"product_cat-motorrad","7":"product_tag-suzuki-ts-125","8":"product_tag-laverda-500","9":"product_tag-jawa-350","10":"product_tag-ducati-125-enduro","12":"first","13":"instock","14":"shipping-taxable","15":"purchasable","16":"product-type-simple"},"_links":{"self":[{"href":"https:\/\/motorrad-erinnerungen.de\/shop\/wp-json\/wp\/v2\/product\/777","targetHints":{"allow":["GET"]}}],"collection":[{"href":"https:\/\/motorrad-erinnerungen.de\/shop\/wp-json\/wp\/v2\/product"}],"about":[{"href":"https:\/\/motorrad-erinnerungen.de\/shop\/wp-json\/wp\/v2\/types\/product"}],"wp:featuredmedia":[{"embeddable":true,"href":"https:\/\/motorrad-erinnerungen.de\/shop\/wp-json\/wp\/v2\/media\/776"}],"wp:attachment":[{"href":"https:\/\/motorrad-erinnerungen.de\/shop\/wp-json\/wp\/v2\/media?parent=777"}],"wp:term":[{"taxonomy":"product_brand","embeddable":true,"href":"https:\/\/motorrad-erinnerungen.de\/shop\/wp-json\/wp\/v2\/product_brand?post=777"},{"taxonomy":"product_cat","embeddable":true,"href":"https:\/\/motorrad-erinnerungen.de\/shop\/wp-json\/wp\/v2\/product_cat?post=777"},{"taxonomy":"product_tag","embeddable":true,"href":"https:\/\/motorrad-erinnerungen.de\/shop\/wp-json\/wp\/v2\/product_tag?post=777"}],"curies":[{"name":"wp","href":"https:\/\/api.w.org\/{rel}","templated":true}]}}