{"id":781,"date":"2025-09-03T21:40:16","date_gmt":"2025-09-03T19:40:16","guid":{"rendered":"https:\/\/motorrad-erinnerungen.de\/2026\/produkt\/motorrad-21-1977-kawasaki-z-1000-z1-r-test-fantic-caballero-125-trial-test-honda-cb-250-400-t-test-gilera-50-touring\/"},"modified":"2025-12-17T23:35:49","modified_gmt":"2025-12-17T22:35:49","slug":"motorrad-21-1977-kawasaki-z-1000-z1-r-test-fantic-caballero-125-trial-test-honda-cb-250-400-t-test-gilera-50-touring","status":"publish","type":"product","link":"https:\/\/motorrad-erinnerungen.de\/shop\/produkt\/motorrad-21-1977-kawasaki-z-1000-z1-r-test-fantic-caballero-125-trial-test-honda-cb-250-400-t-test-gilera-50-touring\/","title":{"rendered":"MOTORRAD 21\/1977 \u2013 Kawasaki Z 1000 Z1-R; Fantic Caballero 125 Trial; Honda CB 250 \/ 400 T"},"content":{"rendered":"<p>Hier k\u00f6nnen Sie die Ausgabe &#8222;MOTORRAD 21\/1977&#8220; erwerben.<\/p>\n<h2>\ud83d\udcccInhalt dieser Ausgabe (u.a.):<\/h2>\n<ul>\n<li><strong>Kawasaki Z 1000 Z1-R<\/strong> mit 66 kW (90 PS) als Neuheit f\u00fc 1978 \u2013 Vorstellung in Wort und Bild auf 4 Seiten<\/li>\n<li><strong>Fantic Caballero 125 Trial<\/strong> mit 7,36 kW (10 PS) Test &amp; Technik \u2013 Testbericht in Wort und Bild auf 2 Seiten<\/li>\n<li><strong>Honda CB 250 \/ 400 T<\/strong> mit 12,5\/20 kW (17\/27 PS) im Test \u2013 Fahrberichte in Wort und Bild auf 4 Seiten<\/li>\n<li><strong>Gilera 50 Touring<\/strong> mit 1,84 kW (2,5 PS) Test &amp; Technik \u2013 Testbericht in Wort und Bild auf 2 Seiten<\/li>\n<li><strong>Bultaco Matador<\/strong> mit 12 kW (16 PS) Test &amp; Technik \u2013 Testbericht in Wort und Bild auf 3 Seiten<\/li>\n<\/ul>\n<h2>\ud83c\udf0d Zustand der Zeitschrift<\/h2>\n<ul>\n<li><strong>Gebraucht, weil gelesen, durchgebl\u00e4ttert oder gestapelt \ud83d\ude09<\/strong>\u00a0dem Alter angemessen gut bis sehr gut erhalten.<\/li>\n<li>Alles original, Klebespuren von abgel\u00f6sten Abo-Versandaufklebern k\u00f6nnen vorhanden sein.<\/li>\n<\/ul>\n<h2>\ud83d\udce6 Versand &amp; Service<\/h2>\n<ul>\n<li>Kostenloser Versand innerhalb Deutschlands<\/li>\n<li>Versand auch ins Ausland m\u00f6glich<\/li>\n<li>Sicher verpackt \u2013 wir wissen, wie wertvoll diese Sch\u00e4tze sind!<\/li>\n<\/ul>\n","protected":false},"excerpt":{"rendered":"<p>der K\u00e4ufer erh\u00e4lt zum gesuchten Thema immer zus\u00e4tzlich die originale, komplette Zeitschrift<\/p>\n","protected":false},"featured_media":780,"template":"","meta":{"iawp_total_views":0},"product_brand":[],"product_cat":[23],"product_tag":[676,677,693,694,695],"class_list":{"0":"post-781","1":"product","2":"type-product","3":"status-publish","4":"has-post-thumbnail","6":"product_cat-motorrad","7":"product_tag-kawasaki-z-1000-z1-r","8":"product_tag-gilera-50-touring","9":"product_tag-bultaco-matador","10":"product_tag-honda-cb-250-400-t","11":"product_tag-fantic-caballero-125-trial","13":"first","14":"instock","15":"shipping-taxable","16":"purchasable","17":"product-type-simple"},"_links":{"self":[{"href":"https:\/\/motorrad-erinnerungen.de\/shop\/wp-json\/wp\/v2\/product\/781","targetHints":{"allow":["GET"]}}],"collection":[{"href":"https:\/\/motorrad-erinnerungen.de\/shop\/wp-json\/wp\/v2\/product"}],"about":[{"href":"https:\/\/motorrad-erinnerungen.de\/shop\/wp-json\/wp\/v2\/types\/product"}],"wp:featuredmedia":[{"embeddable":true,"href":"https:\/\/motorrad-erinnerungen.de\/shop\/wp-json\/wp\/v2\/media\/780"}],"wp:attachment":[{"href":"https:\/\/motorrad-erinnerungen.de\/shop\/wp-json\/wp\/v2\/media?parent=781"}],"wp:term":[{"taxonomy":"product_brand","embeddable":true,"href":"https:\/\/motorrad-erinnerungen.de\/shop\/wp-json\/wp\/v2\/product_brand?post=781"},{"taxonomy":"product_cat","embeddable":true,"href":"https:\/\/motorrad-erinnerungen.de\/shop\/wp-json\/wp\/v2\/product_cat?post=781"},{"taxonomy":"product_tag","embeddable":true,"href":"https:\/\/motorrad-erinnerungen.de\/shop\/wp-json\/wp\/v2\/product_tag?post=781"}],"curies":[{"name":"wp","href":"https:\/\/api.w.org\/{rel}","templated":true}]}}