{"id":7852,"date":"2025-09-16T23:24:40","date_gmt":"2025-09-16T21:24:40","guid":{"rendered":"https:\/\/motorrad-erinnerungen.de\/2026\/produkt\/tourenfahrer-11-2018-bmw-r-ninet-racer-mit-81-kw-110-ps-im-vergleichstest-kawasaki-z-900-rs-cafe-mit-82-kw-111-ps-im-vergleichstest\/"},"modified":"2026-04-15T22:43:56","modified_gmt":"2026-04-15T20:43:56","slug":"tourenfahrer-11-2018-bmw-r-ninet-racer-mit-81-kw-110-ps-im-vergleichstest-kawasaki-z-900-rs-cafe-mit-82-kw-111-ps-im-vergleichstest","status":"publish","type":"product","link":"https:\/\/motorrad-erinnerungen.de\/shop\/produkt\/tourenfahrer-11-2018-bmw-r-ninet-racer-mit-81-kw-110-ps-im-vergleichstest-kawasaki-z-900-rs-cafe-mit-82-kw-111-ps-im-vergleichstest\/","title":{"rendered":"TOURENFAHRER 11\/2018 \u2013 BMW R nineT Racer vs. Kawasaki Z 900 RS Cafe"},"content":{"rendered":"<p>BMW R 1250 GS-Weltpremiere, Neo-Retro-Dreikampf und gleich zwei Roller-Vergleiche \u2013 der <strong>Tourenfahrer 11\/2018<\/strong> ist randvoll mit Tests.<\/p>\n<h2>\ud83d\udccc Freuen Sie sich auf interessante Beitr\u00e4ge unter anderem zu:<\/h2>\n<ul>\n<li><strong>BMW R 1250 GS<\/strong> \u2013 mit (136 PS) im Test \u2013 Fahrbericht und technische Informationen auf insgesamt 6 Seiten<\/li>\n<li><strong>Yamaha T\u00e9n\u00e9r\u00e9 700<\/strong> \u2013 mit (75 PS) im Test \u2013 Fahrbericht auf 4 Seiten<\/li>\n<li><strong>BMW R nineT Racer (110 PS) vs. Kawasaki Z 900 RS Cafe (111 PS) vs. Yamaha XSR 900 (115 PS)<\/strong> \u2013 Testbericht auf 10 Seiten<\/li>\n<li><strong>Kymco AK 550i (54 PS) vs. Suzuki Burgman 400 (31PS) vs. Yamaha Tmax SX Sport Edition (46 PS)<\/strong> \u2013 Testbericht auf 8 Seiten<\/li>\n<li><strong>Suzuki Hayabusa 1300, der Souver\u00e4n<\/strong> \u2013 Erinnerungen auf 4 Seiten<\/li>\n<\/ul>\n<h2>\ud83d\udca1 Tipp<\/h2>\n<ul>\n<li>Ein (Reise-) Motorrad-Magazin kann auch eine willkommene \u00dcberraschung f\u00fcr Motorrad-\/Rollerfans sein &#8230; <strong>zum Verschenken von Erinnerungen &#8230; Tr\u00e4umen<\/strong> &#8230;<\/li>\n<\/ul>\n<h2>\ud83d\udce6 Versand &amp; Service<\/h2>\n<ul>\n<li>\u2713 Kostenloser Versand in Deutschland, Auslandsversand f\u00fcr eine geringe Pauschale<\/li>\n<li>\u2713 Erfahrung aus \u00fcber 30.000 erfolgreichen Sendungen<\/li>\n<li>\u2713 Ihre Zeitschrift wird sicher und liebevoll verpackt<\/li>\n<\/ul>\n<h2>\ud83c\udf0d Zustand der Zeitschrift<\/h2>\n<ul>\n<li><strong>Gebraucht, weil gelesen, durchgebl\u00e4ttert oder gestapelt \ud83d\ude09<\/strong><\/li>\n<li>dem Alter angemessen gut bis sehr gut erhalten, alles original<\/li>\n<\/ul>\n","protected":false},"excerpt":{"rendered":"<p>BMW R 1250 GS (136 PS) Weltpremiere-Fahrbericht. BMW R nineT Racer (110 PS) vs. Kawasaki Z 900 RS Cafe (111 PS) vs. Yamaha XSR 900 (115 PS) auf 10 Seiten<\/p>\n","protected":false},"featured_media":7851,"template":"","meta":{"iawp_total_views":0},"product_brand":[],"product_cat":[30],"product_tag":[7088,7131,7132,7133,7134,7135,7136,3061,5108],"class_list":{"0":"post-7852","1":"product","2":"type-product","3":"status-publish","4":"has-post-thumbnail","6":"product_cat-tourenfahrer","7":"product_tag-yamaha-xsr-900","8":"product_tag-bmw-r-1250-gs","9":"product_tag-yamaha-tenere-700","10":"product_tag-bmw-r-ninet-racer","11":"product_tag-kawasaki-z-900-rs-cafe","12":"product_tag-kymco-ak-550i","13":"product_tag-yamaha-tmax-sx-sport-edition","14":"product_tag-suzuki-hayabusa-1300","15":"product_tag-suzuki-burgman-400","17":"first","18":"instock","19":"shipping-taxable","20":"purchasable","21":"product-type-simple"},"_links":{"self":[{"href":"https:\/\/motorrad-erinnerungen.de\/shop\/wp-json\/wp\/v2\/product\/7852","targetHints":{"allow":["GET"]}}],"collection":[{"href":"https:\/\/motorrad-erinnerungen.de\/shop\/wp-json\/wp\/v2\/product"}],"about":[{"href":"https:\/\/motorrad-erinnerungen.de\/shop\/wp-json\/wp\/v2\/types\/product"}],"wp:featuredmedia":[{"embeddable":true,"href":"https:\/\/motorrad-erinnerungen.de\/shop\/wp-json\/wp\/v2\/media\/7851"}],"wp:attachment":[{"href":"https:\/\/motorrad-erinnerungen.de\/shop\/wp-json\/wp\/v2\/media?parent=7852"}],"wp:term":[{"taxonomy":"product_brand","embeddable":true,"href":"https:\/\/motorrad-erinnerungen.de\/shop\/wp-json\/wp\/v2\/product_brand?post=7852"},{"taxonomy":"product_cat","embeddable":true,"href":"https:\/\/motorrad-erinnerungen.de\/shop\/wp-json\/wp\/v2\/product_cat?post=7852"},{"taxonomy":"product_tag","embeddable":true,"href":"https:\/\/motorrad-erinnerungen.de\/shop\/wp-json\/wp\/v2\/product_tag?post=7852"}],"curies":[{"name":"wp","href":"https:\/\/api.w.org\/{rel}","templated":true}]}}