{"id":7914,"date":"2025-09-16T23:24:56","date_gmt":"2025-09-16T21:24:56","guid":{"rendered":"https:\/\/motorrad-erinnerungen.de\/2026\/produkt\/tourenfahrer-11-12-1995-bmw-k-1100-lt-mit-74-kw-100-ps-im-vergleichstest-honda-st-1100-pan-european-mit-72-kw-98-ps-im-vergleichstest\/"},"modified":"2026-04-05T13:20:08","modified_gmt":"2026-04-05T11:20:08","slug":"tourenfahrer-11-12-1995-bmw-k-1100-lt-mit-74-kw-100-ps-im-vergleichstest-honda-st-1100-pan-european-mit-72-kw-98-ps-im-vergleichstest","status":"publish","type":"product","link":"https:\/\/motorrad-erinnerungen.de\/shop\/produkt\/tourenfahrer-11-12-1995-bmw-k-1100-lt-mit-74-kw-100-ps-im-vergleichstest-honda-st-1100-pan-european-mit-72-kw-98-ps-im-vergleichstest\/","title":{"rendered":"Tourenfahrer 11\/12 1995 \u2013 BMW K 1100 LT vs. Honda ST 1100 vs. BMW R 1100 RT"},"content":{"rendered":"<p>Der gro\u00dfe Tourer-Dreikampf zum Jahresabschluss \u2013 das bietet der <strong>Tourenfahrer 11\/12 1995<\/strong>.<\/p>\n<h2>\ud83d\udccc Freuen Sie sich auf interessante Beitr\u00e4ge unter anderem zu:<\/h2>\n<ul>\n<li><strong>BMW K 1100 LT<\/strong> (100 PS) vs. <strong>Honda ST 1100 Pan European<\/strong> (98 PS) vs. <strong>BMW R 1100 RT<\/strong> (90 PS) \u2013 Dreier-Vergleichstest auf 12 Seiten<\/li>\n<li><strong>Yamaha XTZ T\u00e9n\u00e9r\u00e9<\/strong> \u2013 13 Jahre Enduro-Legende, Spezial auf 5 Seiten<\/li>\n<\/ul>\n<h2>\ud83d\udca1 Tipp<\/h2>\n<ul>\n<li>Ein (Reise-) Motorrad-Magazin kann auch eine willkommene \u00dcberraschung f\u00fcr Motorrad-\/Rollerfans sein &#8230; <strong>zum Verschenken von Erinnerungen &#8230; Tr\u00e4umen<\/strong> &#8230;<\/li>\n<\/ul>\n<h2>\ud83d\udce6 Versand &amp; Service<\/h2>\n<ul>\n<li>\u2713 Kostenloser Versand in Deutschland, Auslandsversand f\u00fcr eine geringe Pauschale<\/li>\n<li>\u2713 Erfahrung aus \u00fcber 30.000 erfolgreichen Sendungen<\/li>\n<li>\u2713 Ihre Zeitschrift wird sicher und liebevoll verpackt<\/li>\n<\/ul>\n<h2>\ud83c\udf0d Zustand der Zeitschrift<\/h2>\n<ul>\n<li><strong>Gebraucht, weil gelesen, durchgebl\u00e4ttert oder gestapelt \ud83d\ude09<\/strong><\/li>\n<li>dem Alter angemessen gut bis sehr gut erhalten, alles original<\/li>\n<\/ul>\n","protected":false},"excerpt":{"rendered":"<p>Dreier-Vergleich BMW K 1100 LT vs. Honda ST 1100 Pan European vs. BMW R 1100 RT (12 S.) \u2013 plus Yamaha XTZ T\u00e9n\u00e9r\u00e9 13-Jahre-Enduro-Spezial (5 S.).<\/p>\n","protected":false},"featured_media":7913,"template":"","meta":{"iawp_total_views":3},"product_brand":[],"product_cat":[30],"product_tag":[3157,1709,1829,2040],"class_list":{"0":"post-7914","1":"product","2":"type-product","3":"status-publish","4":"has-post-thumbnail","6":"product_cat-tourenfahrer","7":"product_tag-yamaha-tenere","8":"product_tag-honda-st-1100-pan-european","9":"product_tag-bmw-k-1100-lt","10":"product_tag-bmw-r-1100-rt","12":"first","13":"instock","14":"shipping-taxable","15":"purchasable","16":"product-type-simple"},"_links":{"self":[{"href":"https:\/\/motorrad-erinnerungen.de\/shop\/wp-json\/wp\/v2\/product\/7914","targetHints":{"allow":["GET"]}}],"collection":[{"href":"https:\/\/motorrad-erinnerungen.de\/shop\/wp-json\/wp\/v2\/product"}],"about":[{"href":"https:\/\/motorrad-erinnerungen.de\/shop\/wp-json\/wp\/v2\/types\/product"}],"wp:featuredmedia":[{"embeddable":true,"href":"https:\/\/motorrad-erinnerungen.de\/shop\/wp-json\/wp\/v2\/media\/7913"}],"wp:attachment":[{"href":"https:\/\/motorrad-erinnerungen.de\/shop\/wp-json\/wp\/v2\/media?parent=7914"}],"wp:term":[{"taxonomy":"product_brand","embeddable":true,"href":"https:\/\/motorrad-erinnerungen.de\/shop\/wp-json\/wp\/v2\/product_brand?post=7914"},{"taxonomy":"product_cat","embeddable":true,"href":"https:\/\/motorrad-erinnerungen.de\/shop\/wp-json\/wp\/v2\/product_cat?post=7914"},{"taxonomy":"product_tag","embeddable":true,"href":"https:\/\/motorrad-erinnerungen.de\/shop\/wp-json\/wp\/v2\/product_tag?post=7914"}],"curies":[{"name":"wp","href":"https:\/\/api.w.org\/{rel}","templated":true}]}}