{"id":8135,"date":"2025-09-20T15:21:56","date_gmt":"2025-09-20T13:21:56","guid":{"rendered":"https:\/\/motorrad-erinnerungen.de\/2026\/produkt\/motorrad-06-2016-adventure-vergleichstest-fahrberichte-super-duke-gt-hypermotard-sv-650\/"},"modified":"2026-01-15T21:13:22","modified_gmt":"2026-01-15T20:13:22","slug":"motorrad-06-2016-adventure-vergleichstest-fahrberichte-super-duke-gt-hypermotard-sv-650","status":"publish","type":"product","link":"https:\/\/motorrad-erinnerungen.de\/shop\/produkt\/motorrad-06-2016-adventure-vergleichstest-fahrberichte-super-duke-gt-hypermotard-sv-650\/","title":{"rendered":"MOTORRAD 06\/2016 \u2013 Adventure-Vergleichstest, Fahrberichte Super Duke GT\/Hypermotard\/SV 650"},"content":{"rendered":"<p><strong>Die Motorrad\u2011Zeitschrift \u201eMOTORRAD 06\/2016\u201c vom 4.3.2016 wird hier zum Kauf angeboten.<\/strong><\/p>\n<p>Saisonstart mit gro\u00dfem Adventure\u2011Vergleich: <strong>BMW F 800 GS<\/strong>, <strong>Africa Twin<\/strong>, <strong>KTM 1190 Adventure R<\/strong>, <strong>Triumph Tiger 800 XCA<\/strong> und <strong>Yamaha XT 660 Z T\u00e9n\u00e9r\u00e9<\/strong>. Dazu Fahrberichte zu Super Duke GT, Hypermotard und SV 650.<\/p>\n<p>\ud83d\udccc <strong>Freuen Sie sich auf folgende Titel-Themen:<\/strong><\/p>\n<ul style=\"margin-left: 1.25em; padding-left: 1.25em; list-style-position: outside;\">\n<li><strong>BMW F 800 GS<\/strong> \u2013 Vergleichstest Adventure\u2011Bikes<\/li>\n<li><strong>Honda CRF 1000 L Africa Twin<\/strong> \u2013 Vergleichstest Adventure\u2011Bikes<\/li>\n<li><strong>KTM 1190 Adventure R<\/strong> \u2013 Vergleichstest Adventure\u2011Bikes<\/li>\n<li><strong>Triumph Tiger 800 XCA<\/strong> \u2013 Vergleichstest Adventure\u2011Bikes<\/li>\n<li><strong>Yamaha XT 660 Z T\u00e9n\u00e9r\u00e9<\/strong> \u2013 Vergleichstest Adventure\u2011Bikes<\/li>\n<li><strong>KTM Super Duke GT<\/strong> \u2013 Fahrbericht<\/li>\n<li><strong>Ducati Hypermotard<\/strong> \u2013 Fahrbericht<\/li>\n<li><strong>Suzuki SV 650<\/strong> \u2013 Fahrbericht<\/li>\n<\/ul>\n<p>\u2795 <strong>Weitere Tests &amp; Highlights<\/strong><\/p>\n<ul style=\"margin-left: 1.25em; padding-left: 1.25em; list-style-position: outside;\">\n<li><strong>Honda CB 500 F und CBR 500 R<\/strong>\u00a0\u2013 ein Herz und zwei Seelen<\/li>\n<li><strong>Kawasaki ZX-10R alt vs. neu<\/strong>\u00a0\u2013 fast lupenreine Rennmaschine noch sch\u00e4rfer<\/li>\n<li><strong>BMW R 1200 GS<\/strong>\u00a0\u2013 Gebrauchtkauf-Ratgeber<\/li>\n<li><strong>Portr\u00e4t: 23 Jahre Moto M\u00fcnch<\/strong>\u00a0\u2013 Interview mit Holger Aue<\/li>\n<li><strong>Bayerische Alpenstra\u00dfe<\/strong>\u00a0\u2013 Traumroute durch Bayern<\/li>\n<li><strong>Schottische Landschaften<\/strong>\u00a0\u2013 Motorradtour durch Schottland<\/li>\n<li style=\"list-style: none;\"><\/li>\n<\/ul>\n<p>\ud83d\udca1 <strong>Tipp<\/strong><\/p>\n<p>Eine Motorrad\u2011Zeitschrift kann auch eine willkommene \u00dcberraschung f\u00fcr Motorrad\u2011\/Rollerfans sein \u2013 <strong>zum Verschenken von Erinnerungen \u2026 Tr\u00e4umen \u2026<\/strong><\/p>\n<p>\ud83d\udce6 <strong>Versand &amp; Service<\/strong><\/p>\n<ul style=\"margin-left: 1.25em; padding-left: 1.25em; list-style-position: outside;\">\n<li>\u2713 Kostenloser Versand in Deutschland, Auslandsversand f\u00fcr eine geringe Pauschale<\/li>\n<li>\u2713 Erfahrung aus weit \u00fcber 30.000 erfolgreichen Sendungen<\/li>\n<li>\u2713 Ihre Zeitschrift wird sicher und liebevoll verpackt<\/li>\n<\/ul>\n<p>\ud83c\udf0d <strong>Zustand der Zeitschrift<\/strong><\/p>\n<p><strong>Gebraucht, weil gelesen, durchgebl\u00e4ttert oder gestapelt \ud83d\ude01<\/strong> dem Alter angemessen gut bis sehr gut erhalten.<br \/>\nAlles original; Klebespuren von abgel\u00f6sten Abo\u2011Versandaufklebern k\u00f6nnen vorhanden sein.<\/p>\n","protected":false},"excerpt":{"rendered":"<p>Vergleichstest Adventure\u2011Bikes mit BMW F 800 GS, Africa Twin, KTM 1190 Adventure R, Tiger 800 XCA und XT 660 Z T\u00e9n\u00e9r\u00e9. Plus Fahrberichte Super Duke GT, Hypermotard, SV 650.<\/p>\n","protected":false},"featured_media":13562,"template":"","meta":{"iawp_total_views":1},"product_brand":[],"product_cat":[23],"product_tag":[7285,7326,7334,7335,2305,2646,3116,3133,3546,3650,7144],"class_list":{"0":"post-8135","1":"product","2":"type-product","3":"status-publish","4":"has-post-thumbnail","6":"product_cat-motorrad","7":"product_tag-honda-crf-1000-l-africa-twin","8":"product_tag-ktm-super-duke-gt","9":"product_tag-honda-cb-500-f-und-cbr-500-r","10":"product_tag-kawasaki-zx-10r-alt-vs-neu","11":"product_tag-suzuki-sv-650","12":"product_tag-bmw-r-1200-gs","13":"product_tag-bmw-f-800-gs","14":"product_tag-yamaha-xt-660-z-tenere","15":"product_tag-ducati-hypermotard","16":"product_tag-ktm-1190-adventure-r","17":"product_tag-triumph-tiger-800-xca","19":"first","20":"instock","21":"sold-individually","22":"shipping-taxable","23":"purchasable","24":"product-type-simple"},"_links":{"self":[{"href":"https:\/\/motorrad-erinnerungen.de\/shop\/wp-json\/wp\/v2\/product\/8135","targetHints":{"allow":["GET"]}}],"collection":[{"href":"https:\/\/motorrad-erinnerungen.de\/shop\/wp-json\/wp\/v2\/product"}],"about":[{"href":"https:\/\/motorrad-erinnerungen.de\/shop\/wp-json\/wp\/v2\/types\/product"}],"wp:featuredmedia":[{"embeddable":true,"href":"https:\/\/motorrad-erinnerungen.de\/shop\/wp-json\/wp\/v2\/media\/13562"}],"wp:attachment":[{"href":"https:\/\/motorrad-erinnerungen.de\/shop\/wp-json\/wp\/v2\/media?parent=8135"}],"wp:term":[{"taxonomy":"product_brand","embeddable":true,"href":"https:\/\/motorrad-erinnerungen.de\/shop\/wp-json\/wp\/v2\/product_brand?post=8135"},{"taxonomy":"product_cat","embeddable":true,"href":"https:\/\/motorrad-erinnerungen.de\/shop\/wp-json\/wp\/v2\/product_cat?post=8135"},{"taxonomy":"product_tag","embeddable":true,"href":"https:\/\/motorrad-erinnerungen.de\/shop\/wp-json\/wp\/v2\/product_tag?post=8135"}],"curies":[{"name":"wp","href":"https:\/\/api.w.org\/{rel}","templated":true}]}}