{"id":8295,"date":"2025-09-21T20:14:07","date_gmt":"2025-09-21T18:14:07","guid":{"rendered":"https:\/\/motorrad-erinnerungen.de\/2026\/?post_type=product&#038;p=8295"},"modified":"2026-01-15T20:50:13","modified_gmt":"2026-01-15T19:50:13","slug":"motorrad-21-2017-kawasaki-z-900-rs-neuheit-2018-ducati-panigale-v4-12-klapphelme-test-196-seiten","status":"publish","type":"product","link":"https:\/\/motorrad-erinnerungen.de\/shop\/produkt\/motorrad-21-2017-kawasaki-z-900-rs-neuheit-2018-ducati-panigale-v4-12-klapphelme-test-196-seiten\/","title":{"rendered":"MOTORRAD 21\/2017 &#8211; Kawasaki Z 900 RS Neuheit 2018, Ducati Panigale V4, 12 Klapphelme Test, 196 Seiten"},"content":{"rendered":"<p>Die Motorrad\u2011Zeitschrift<strong> MOTORRAD Ausgabe 21\/2017 \u2013 vom 29. September 2017<\/strong>\u00a0wird hier zum Kauf angeboten.<\/p>\n<p>Die starke Ausgabe mit 196 Seiten, exklusiver Kawasaki Z 900 RS f\u00fcr 2018, Ducati Panigale V4 1100 und gro\u00dfem Klapphelme-Test.<\/p>\n<h3>\ud83c\udfcd\ufe0f Exklusiv &#8211; Neuheit 2018:<\/h3>\n<p>\u2022 <strong>Kawasaki Z 900 RS<\/strong> &#8211; Retro-Naked mit modernem Herz<br \/>\n\u2022 <strong>Ducati Panigale V4 1100<\/strong> &#8211; Italienisches V4-Superbike<\/p>\n<h3>\ud83d\udd25 Konzept-Vergleich Zweizylinder-Tourer:<\/h3>\n<p>\u2022 <strong>BMW R 1200 RT<\/strong> &#8211; Deutscher Luxus-Tourer<br \/>\n\u2022 <strong>KTM 1290 Super Duke GT<\/strong> &#8211; \u00d6sterreichischer Sport-Tourer<br \/>\n\u2022 <strong>Yamaha XT 1200 ZE Super T\u00e9n\u00e9r\u00e9<\/strong> &#8211; Japanische Adventure-Maschine<\/p>\n<h3>\ud83c\udfaf 12 Klapphelme im Test:<\/h3>\n<p>\u2022 <strong>Umfassender Helmtest<\/strong> &#8211; Sicherheit und Komfort im Vergleich<\/p>\n<h3>\ud83c\udfaf Weitere Themen u.a.:<\/h3>\n<p>\u2022 <strong>BMW G 310 GS<\/strong> &#8211; Fahrbericht der kleinen Adventure<br \/>\n\u2022 <strong>Top-Test Honda CBR 650 F<\/strong> &#8211; Sport-Tourer im Check<br \/>\n\u2022 <strong>Vergleichstest Kawasaki Ninja 650 vs. Yamaha Tracer 700<\/strong> &#8211; Mittelklasse-Duell<br \/>\n\u2022 <strong>Vergleichstest Husqvarna FE 350 und TE 300i<\/strong> &#8211; Viertakter vs. Zweitakter mit Einspritzung<br \/>\n\u2022 <strong>Vergleichstest Kymco AK 550i vs. Yamaha TMax DX &#8211; <\/strong>was haben die Grossroller wirklich drauf?<br \/>\n\u2022 <strong>Triumph Tiger 1050 &#8211; <\/strong>vielseitig, passt in keine Schublade, Gebrauchtkauf-Ratgeber<\/p>\n<h3>\ud83d\udca1\u00a0<strong>Tipp<\/strong><\/h3>\n<p><b>\u2022\u00a0<\/b>Eine Motorrad\u2011Zeitschrift kann auch eine willkommene \u00dcberraschung f\u00fcr Motorrad\u2011\/Rollerfans sein\u00a0<em><br \/>\n<b>\u2022\u00a0<\/b><\/em><b>Z<\/b><strong>um Verschenken von Erinnerungen \u2026 Tr\u00e4umen \u2026<\/strong><em><br \/>\n<\/em><\/p>\n<h3>\ud83d\udce6\u00a0<strong>Versand &amp; Service<\/strong><\/h3>\n<p><b>\u2022\u00a0<\/b>Kostenloser Versand in Deutschland, Auslandsversand f\u00fcr eine geringe Pauschale<br \/>\n<b>\u2022\u00a0<\/b>Erfahrung aus weit \u00fcber 30.000 erfolgreichen Sendungen<br \/>\n<b>\u2022\u00a0<\/b>Ihre Zeitschrift wird sicher und liebevoll verpackt<\/p>\n<h3>\ud83c\udf0d\u00a0<strong>Zustand der Zeitschrift<\/strong><\/h3>\n<p>Gebraucht, weil gelesen, durchgebl\u00e4ttert oder gestapelt \ud83d\ude0a dem Alter angemessen gut bis sehr gut erhalten.<br \/>\nAlles original, Klebespuren von abgel\u00f6sten Abo\u2011Versandaufklebern k\u00f6nnen vorhanden sein.<\/p>\n","protected":false},"excerpt":{"rendered":"<p>MOTORRAD Ausgabe 21\/2017 &#8211; Starke 196 Seiten mit exklusiver Kawasaki Z 900 RS Neuheit 2018, Ducati Panigale V4 und gro\u00dfem Klapphelme-Test.<\/p>\n","protected":false},"featured_media":13523,"template":"","meta":{"iawp_total_views":0},"product_brand":[],"product_cat":[23],"product_tag":[7096,7118,7135,7433,7545,7547,2807,7549,3002,7550,3755,7551,3797,7605,7091,7606],"class_list":{"0":"post-8295","1":"product","2":"type-product","3":"status-publish","4":"has-post-thumbnail","6":"product_cat-motorrad","7":"product_tag-yamaha-tracer-700","8":"product_tag-bmw-g-310-gs","9":"product_tag-kymco-ak-550i","10":"product_tag-kawasaki-ninja-650","11":"product_tag-12-klapphelme-test","12":"product_tag-action-team-programm-2018","13":"product_tag-bmw-r-1200-rt","14":"product_tag-ducati-panigale-v4-1100","15":"product_tag-triumph-tiger-1050","16":"product_tag-kawasaki-z-900-rs-neuheit-2018","17":"product_tag-yamaha-xt-1200-ze-super-tenere","18":"product_tag-retro-naked","19":"product_tag-honda-cbr-650-f","20":"product_tag-husqvarna-fe-350-und-te-300i","21":"product_tag-ktm-1290-super-duke-gt","22":"product_tag-yamaha-tmax-dx","24":"first","25":"instock","26":"shipping-taxable","27":"purchasable","28":"product-type-simple"},"_links":{"self":[{"href":"https:\/\/motorrad-erinnerungen.de\/shop\/wp-json\/wp\/v2\/product\/8295","targetHints":{"allow":["GET"]}}],"collection":[{"href":"https:\/\/motorrad-erinnerungen.de\/shop\/wp-json\/wp\/v2\/product"}],"about":[{"href":"https:\/\/motorrad-erinnerungen.de\/shop\/wp-json\/wp\/v2\/types\/product"}],"wp:featuredmedia":[{"embeddable":true,"href":"https:\/\/motorrad-erinnerungen.de\/shop\/wp-json\/wp\/v2\/media\/13523"}],"wp:attachment":[{"href":"https:\/\/motorrad-erinnerungen.de\/shop\/wp-json\/wp\/v2\/media?parent=8295"}],"wp:term":[{"taxonomy":"product_brand","embeddable":true,"href":"https:\/\/motorrad-erinnerungen.de\/shop\/wp-json\/wp\/v2\/product_brand?post=8295"},{"taxonomy":"product_cat","embeddable":true,"href":"https:\/\/motorrad-erinnerungen.de\/shop\/wp-json\/wp\/v2\/product_cat?post=8295"},{"taxonomy":"product_tag","embeddable":true,"href":"https:\/\/motorrad-erinnerungen.de\/shop\/wp-json\/wp\/v2\/product_tag?post=8295"}],"curies":[{"name":"wp","href":"https:\/\/api.w.org\/{rel}","templated":true}]}}