{"id":8298,"date":"2025-09-21T20:14:08","date_gmt":"2025-09-21T18:14:08","guid":{"rendered":"https:\/\/motorrad-erinnerungen.de\/2026\/?post_type=product&#038;p=8298"},"modified":"2026-03-16T16:39:06","modified_gmt":"2026-03-16T15:39:06","slug":"motorrad-24-2017-messe-news-brandneu-2018-bmw-f-850-gs-ducati-panigale-v4-s-34-versicherungstarife-vergleich","status":"publish","type":"product","link":"https:\/\/motorrad-erinnerungen.de\/shop\/produkt\/motorrad-24-2017-messe-news-brandneu-2018-bmw-f-850-gs-ducati-panigale-v4-s-34-versicherungstarife-vergleich\/","title":{"rendered":"MOTORRAD 24\/2017 &#8211; Messe-News brandneu 2018, BMW F 850 GS, Ducati Panigale V4 S, 34 Versicherungstarife Vergleich"},"content":{"rendered":"<p>Die Motorrad\u2011Zeitschrift<strong> \u201eMOTORRAD 24\/2017\u201c<\/strong> vom 10. November 2017 wird hier zum Kauf angeboten.<\/p>\n<p>Die gro\u00dfe Messe-News Ausgabe mit brandneuen Modellen f\u00fcr 2018, BMW F 850 GS Fahrbericht und gro\u00dfem Versicherungs-Vergleich.<\/p>\n<h3>\ud83c\udfcd\ufe0f Messe-News &#8211; Brandneu f\u00fcr 2018:<\/h3>\n<p>\u2022 <strong>BMW F 850 GS<\/strong> &#8211; Neue Adventure-Generation<br \/>\n\u2022 <strong>Ducati Panigale V4 S<\/strong> &#8211; Italienisches V4-Superbike<br \/>\n\u2022 <strong>Husqvarna Vitpilen 701<\/strong> &#8211; Schwedisches Design-Bike<br \/>\n\u2022 <strong>Kawasaki Ninja H2 SX<\/strong> &#8211; Turbo-Sport-Tourer<br \/>\n\u2022 <strong>Yamaha Tracer 900 GT<\/strong> &#8211; Sport-Tourer Update<br \/>\n\u2022 <strong>Honda CB 1000 R<\/strong> &#8211; Naked-Fighter Neuauflage<br \/>\n\u2022 <strong>Ducati Scrambler 1100 Special<\/strong> &#8211; Gro\u00dfer Scrambler<br \/>\n\u2022 <strong>Kawasaki Z 900 RS Caf\u00e9<\/strong> &#8211; Caf\u00e9-Racer-Variante<br \/>\n\u2022 <strong>KTM 790 Duke<\/strong> &#8211; Mittelklasse-Naked<\/p>\n<h3>\ud83d\udd25 Dauertest Herbstausfahrt:<\/h3>\n<p>\u2022 <strong>BMW G 310 R<\/strong> &#8211; Kleine Naked-Maschine<br \/>\n\u2022 <strong>Ducati Multistrada 950<\/strong> &#8211; Italienischer Allrounder<br \/>\n\u2022 <strong>Harley-Davidson Sportster XL 1200 CA<\/strong> &#8211; US-Cruiser<br \/>\n\u2022 <strong>Honda Africa Twin<\/strong> &#8211; Adventure-Klassiker<br \/>\n\u2022 <strong>Honda Fireblade<\/strong> &#8211; Supersport-Referenz<br \/>\n\u2022 <strong>Triumph Thruxton<\/strong> &#8211; Caf\u00e9-Racer<br \/>\n\u2022 <strong>Yamaha YZF-R1<\/strong> &#8211; Supersport-Power<\/p>\n<h3>\ud83c\udfaf 34 Tarife im Check:<\/h3>\n<p>\u2022 <strong>Gro\u00dfer Versicherungs-Vergleich<\/strong> &#8211; MOTORRAD Top-Tarif<br \/>\n\u2022 <strong>Umfassende Analyse<\/strong> &#8211; Die besten Konditionen f\u00fcr Motorradfahrer<\/p>\n<h3>\ud83c\udfaf Weitere Themen u.a.:<\/h3>\n<p>\u2022\u00a0<b>Ducati Monster 821 \u2013 <\/b>das Facelift ist dem Mittelklasse-Naked-Bike gut bekommen, Fahrbericht<br \/>\n\u2022\u00a0<b>Benelli Leoncino \u2013 <\/b>wie br\u00fcllt der junge L\u00f6we aus chinesischer Produktion, Fahrbericht<br \/>\n\u2022\u00a0<b>KTM Freeride 250 F \u2013 <\/b>pfiffiges Konzept, Test kompakt<br \/>\n\u2022\u00a0<b>Yamaha YZF-R1 \u2013 <\/b>20 Jahre, die Ur-R1 trifft das aktuelle Modell<br \/>\n\u2022\u00a0<b>Honda Hornet 600 \u2013 <\/b>Bestseller zu fairen Preisen, Gebrauchtkauf<\/p>\n<h3>\ud83d\udca1\u00a0<strong>Tipp<\/strong><\/h3>\n<p><b>\u2022\u00a0<\/b>Eine Motorrad\u2011Zeitschrift kann auch eine willkommene \u00dcberraschung f\u00fcr Motorrad\u2011\/Rollerfans sein\u00a0<em><br \/>\n<b>\u2022\u00a0<\/b><\/em><b>Z<\/b><strong>um Verschenken von Erinnerungen \u2026 Tr\u00e4umen \u2026<\/strong><em><br \/>\n<\/em><\/p>\n<h3>\ud83d\udce6\u00a0<strong>Versand &amp; Service<\/strong><\/h3>\n<p><b>\u2022\u00a0<\/b>Kostenloser Versand in Deutschland, Auslandsversand f\u00fcr eine geringe Pauschale<br \/>\n<b>\u2022\u00a0<\/b>Erfahrung aus weit \u00fcber 30.000 erfolgreichen Sendungen<br \/>\n<b>\u2022\u00a0<\/b>Ihre Zeitschrift wird sicher und liebevoll verpackt<\/p>\n<h3>\ud83c\udf0d\u00a0<strong>Zustand der Zeitschrift<\/strong><\/h3>\n<p>Gebraucht, weil gelesen, durchgebl\u00e4ttert oder gestapelt \ud83d\ude0a dem Alter angemessen gut bis sehr gut erhalten.<br \/>\nAlles original, Klebespuren von abgel\u00f6sten Abo\u2011Versandaufklebern k\u00f6nnen vorhanden sein.<\/p>\n","protected":false},"excerpt":{"rendered":"<p>MOTORRAD Ausgabe 24\/2017 &#8211; Gro\u00dfe Messe-News brandneue Modelle 2018, BMW F 850 GS Fahrbericht, Ducati Panigale V4 S und 34 Versicherungstarife im Check.<\/p>\n","protected":false},"featured_media":13519,"template":"","meta":{"iawp_total_views":1},"product_brand":[],"product_cat":[23],"product_tag":[2648,7569,3132,7570,3789,7610,7123,7611,7126,7134,7141,7359,7531,2218,7565,2526,7568],"class_list":{"0":"post-8298","1":"product","2":"type-product","3":"status-publish","4":"has-post-thumbnail","6":"product_cat-motorrad","7":"product_tag-honda-hornet-600","8":"product_tag-ducati-scrambler-1100-special","9":"product_tag-honda-cb-1000-r","10":"product_tag-messe-news-brandneu-2018","11":"product_tag-ducati-monster-821","12":"product_tag-benelli-leoncino","13":"product_tag-bmw-f-850-gs","14":"product_tag-ktm-freeride-250-f","15":"product_tag-yamaha-tracer-900-gt","16":"product_tag-kawasaki-z-900-rs-cafe","17":"product_tag-ktm-790-duke","18":"product_tag-husqvarna-vitpilen-701","19":"product_tag-kawasaki-ninja-h2-sx","20":"product_tag-yamaha-yzf-r1","21":"product_tag-34-versicherungstarife-vergleich","22":"product_tag-honda-fireblade","23":"product_tag-ducati-panigale-v4-s","25":"first","26":"instock","27":"shipping-taxable","28":"purchasable","29":"product-type-simple"},"_links":{"self":[{"href":"https:\/\/motorrad-erinnerungen.de\/shop\/wp-json\/wp\/v2\/product\/8298","targetHints":{"allow":["GET"]}}],"collection":[{"href":"https:\/\/motorrad-erinnerungen.de\/shop\/wp-json\/wp\/v2\/product"}],"about":[{"href":"https:\/\/motorrad-erinnerungen.de\/shop\/wp-json\/wp\/v2\/types\/product"}],"wp:featuredmedia":[{"embeddable":true,"href":"https:\/\/motorrad-erinnerungen.de\/shop\/wp-json\/wp\/v2\/media\/13519"}],"wp:attachment":[{"href":"https:\/\/motorrad-erinnerungen.de\/shop\/wp-json\/wp\/v2\/media?parent=8298"}],"wp:term":[{"taxonomy":"product_brand","embeddable":true,"href":"https:\/\/motorrad-erinnerungen.de\/shop\/wp-json\/wp\/v2\/product_brand?post=8298"},{"taxonomy":"product_cat","embeddable":true,"href":"https:\/\/motorrad-erinnerungen.de\/shop\/wp-json\/wp\/v2\/product_cat?post=8298"},{"taxonomy":"product_tag","embeddable":true,"href":"https:\/\/motorrad-erinnerungen.de\/shop\/wp-json\/wp\/v2\/product_tag?post=8298"}],"curies":[{"name":"wp","href":"https:\/\/api.w.org\/{rel}","templated":true}]}}