{"id":8299,"date":"2025-09-21T20:14:08","date_gmt":"2025-09-21T18:14:08","guid":{"rendered":"https:\/\/motorrad-erinnerungen.de\/2026\/?post_type=product&#038;p=8299"},"modified":"2026-03-21T18:32:20","modified_gmt":"2026-03-21T17:32:20","slug":"motorrad-25-2017-retro-oder-techno-messetrends-2018-bmw-f-850-gs-gewinnspiel-kawasaki-z-900-rs","status":"publish","type":"product","link":"https:\/\/motorrad-erinnerungen.de\/shop\/produkt\/motorrad-25-2017-retro-oder-techno-messetrends-2018-bmw-f-850-gs-gewinnspiel-kawasaki-z-900-rs\/","title":{"rendered":"MOTORRAD 25\/2017 &#8211; Retro oder Techno Messetrends 2018, Doppel-Top-Test BMW G 310 R \/ GS, Impression Retro-125er"},"content":{"rendered":"<p>Die Motorrad\u2011Zeitschrift<strong> \u201eMOTORRAD Ausgabe 25\/2017&#8243; \u2013 <\/strong>vom 24. November 2017\u00a0wird hier zum Kauf angeboten.<\/p>\n<p>Die spektakul\u00e4re Ausgabe mit Retro oder Techno Messetrends f\u00fcr 2018 und gro\u00dfem Technik-R\u00fcckblick 2007 &#8211; 2017, zehn Jahre Fortschritt?<\/p>\n<h3>\ud83d\udd25 <strong>Retro oder Techno<\/strong> &#8211; Messetrends f\u00fcr 2018:<\/h3>\n<p>\u2022 <strong>Honda Monkey 125<\/strong> &#8211; Kultiges Mini-Bike kehrt zur\u00fcck<br \/>\n\u2022 <strong>Royal Enfield Interceptor 650 Twin<\/strong> &#8211; Britischer Parallel-Twin<br \/>\n\u2022 <strong>Yamaha T\u00e9n\u00e9r\u00e9 700 World Raid<\/strong> &#8211; Adventure-Maschine<br \/>\n\u2022 <strong>KTM 790 Adventure R Prototyp<\/strong> &#8211; Neue Mittelklasse-Adventure<br \/>\n\u2022 <strong>Moto Guzzi V85 Prototyp<\/strong> &#8211; Italienische Adventure-Alternative<\/p>\n<h3>\ud83c\udfaf Alt gegen Neu:<\/h3>\n<p>\u2022 <strong>BMW R 1200 GS<\/strong> &#8211; Generationenvergleich<br \/>\n\u2022 <strong>Honda Fireblade<\/strong> &#8211; Evolution des Supersportlers<br \/>\n\u2022 <strong>Suzuki SV 650<\/strong> &#8211; Klassiker im Wandel der Zeit<\/p>\n<h3>\ud83c\udf0d Technik 2007 und 2017:<\/h3>\n<p>\u2022 <strong>Zehn Jahre Fortschritt<\/strong> &#8211; Wie sich die Motorradtechnik entwickelt hat<\/p>\n<h3>\ud83c\udfc6 Warm im Winter!:<\/h3>\n<p>\u2022 <strong>Richtig angezogen auf gro\u00dfe Tour<\/strong> &#8211; Winterausr\u00fcstung im Test<\/p>\n<h3>\ud83c\udfaf Weitere Themen u.a.:<\/h3>\n<p>\u2022 <b>Harley-Davidson Fat Bob \u2013 <\/b>Test der st\u00e4rksten Softail<b><br \/>\n\u2022 BMW G 310 R\/GS \u2013 <\/b>TOP-Test, die Einsteiger-BMWs im 1000-Punkte-Test<br \/>\n<b>\u2022 Benelli TRK 502 vs. Honda CB 500 X \u2013 <\/b>Vergleichstest<b><br \/>\n\u2022 Impression Retro-125er \u2013 <\/b>Kreidler Dice CR 125i + Mash 125 Black Seven + Mondial hps 125i, sehen ganz sch\u00f6n alt aus<\/p>\n<h3>\ud83d\udca1\u00a0<strong>Tipp<\/strong><\/h3>\n<p><b>\u2022\u00a0<\/b>Eine Motorrad\u2011Zeitschrift kann auch eine willkommene \u00dcberraschung f\u00fcr Motorrad\u2011\/Rollerfans sein\u00a0<em><br \/>\n<b>\u2022\u00a0<\/b><\/em><b>Z<\/b><strong>um Verschenken von Erinnerungen \u2026 Tr\u00e4umen \u2026<\/strong><em><br \/>\n<\/em><\/p>\n<h3>\ud83d\udce6\u00a0<strong>Versand &amp; Service<\/strong><\/h3>\n<p><b>\u2022\u00a0<\/b>Kostenloser Versand in Deutschland, Auslandsversand f\u00fcr eine geringe Pauschale<br \/>\n<b>\u2022\u00a0<\/b>Erfahrung aus weit \u00fcber 30.000 erfolgreichen Sendungen<br \/>\n<b>\u2022\u00a0<\/b>Ihre Zeitschrift wird sicher und liebevoll verpackt<\/p>\n<h3>\ud83c\udf0d\u00a0<strong>Zustand der Zeitschrift<\/strong><\/h3>\n<p>Gebraucht, weil gelesen, durchgebl\u00e4ttert oder gestapelt \ud83d\ude0a dem Alter angemessen gut bis sehr gut erhalten.<br \/>\nAlles original, Klebespuren von abgel\u00f6sten Abo\u2011Versandaufklebern k\u00f6nnen vorhanden sein.<\/p>\n","protected":false},"excerpt":{"rendered":"<p>MOTORRAD Ausgabe 25\/2017 &#8211; Retro oder Techno Messetrends f\u00fcr 2018, zu gewinnende BMW F 850 GS und Kawasaki Z 900 RS plus zehn Jahre Technik-Fortschritt.<\/p>\n","protected":false},"featured_media":13520,"template":"","meta":{"iawp_total_views":16},"product_brand":[],"product_cat":[23],"product_tag":[7498,7574,7575,7576,7577,2305,7578,2526,7581,3697,7612,6884,7613,7125,7614,7132,7615],"class_list":{"0":"post-8299","1":"product","2":"type-product","3":"status-publish","4":"has-post-thumbnail","6":"product_cat-motorrad","7":"product_tag-benelli-trk-502","8":"product_tag-bmw-r-1200-gs-generationenvergleich","9":"product_tag-honda-fireblade-evolution","10":"product_tag-honda-monkey-125","11":"product_tag-ktm-790-adventure-r-prototyp","12":"product_tag-suzuki-sv-650","13":"product_tag-moto-guzzi-v85-prototyp","14":"product_tag-honda-fireblade","15":"product_tag-royal-enfield-interceptor-650-twin","16":"product_tag-honda-cb-500-x","17":"product_tag-bmw-g-310-r-gs","18":"product_tag-harley-davidson-fat-bob","19":"product_tag-kreidler-dice-cr-125i","20":"product_tag-kawasaki-z-900-rs","21":"product_tag-mash-125-black-seven","22":"product_tag-yamaha-tenere-700","23":"product_tag-mondial-hps-125i","25":"first","26":"instock","27":"shipping-taxable","28":"purchasable","29":"product-type-simple"},"_links":{"self":[{"href":"https:\/\/motorrad-erinnerungen.de\/shop\/wp-json\/wp\/v2\/product\/8299","targetHints":{"allow":["GET"]}}],"collection":[{"href":"https:\/\/motorrad-erinnerungen.de\/shop\/wp-json\/wp\/v2\/product"}],"about":[{"href":"https:\/\/motorrad-erinnerungen.de\/shop\/wp-json\/wp\/v2\/types\/product"}],"wp:featuredmedia":[{"embeddable":true,"href":"https:\/\/motorrad-erinnerungen.de\/shop\/wp-json\/wp\/v2\/media\/13520"}],"wp:attachment":[{"href":"https:\/\/motorrad-erinnerungen.de\/shop\/wp-json\/wp\/v2\/media?parent=8299"}],"wp:term":[{"taxonomy":"product_brand","embeddable":true,"href":"https:\/\/motorrad-erinnerungen.de\/shop\/wp-json\/wp\/v2\/product_brand?post=8299"},{"taxonomy":"product_cat","embeddable":true,"href":"https:\/\/motorrad-erinnerungen.de\/shop\/wp-json\/wp\/v2\/product_cat?post=8299"},{"taxonomy":"product_tag","embeddable":true,"href":"https:\/\/motorrad-erinnerungen.de\/shop\/wp-json\/wp\/v2\/product_tag?post=8299"}],"curies":[{"name":"wp","href":"https:\/\/api.w.org\/{rel}","templated":true}]}}