{"id":8607,"date":"2025-09-24T13:22:09","date_gmt":"2025-09-24T11:22:09","guid":{"rendered":"https:\/\/motorrad-erinnerungen.de\/2026\/?post_type=product&#038;p=8607"},"modified":"2026-03-20T23:24:19","modified_gmt":"2026-03-20T22:24:19","slug":"motorrad-classic-78-2017-30-jahre-honda-xl-600-v-bmw-r-75-5-kawasaki-h2-vincent-black-lightning","status":"publish","type":"product","link":"https:\/\/motorrad-erinnerungen.de\/shop\/produkt\/motorrad-classic-78-2017-30-jahre-honda-xl-600-v-bmw-r-75-5-kawasaki-h2-vincent-black-lightning\/","title":{"rendered":"MOTORRAD Classic 7+8\/2017 \u2013 Honda XL 600 V, BMW R 75\/5, Kawasaki 750 H2"},"content":{"rendered":"<h3>Zum Kauf angeboten wird die Zeitschrift\u00a0<strong>\u201e<\/strong>MOTORRAD Classic Ausgabe 7+8\/2017&#8243; \u2013 Jubil\u00e4umsausgabe \u201e30 Jahre\u201c<\/h3>\n<hr \/>\n<h2>\ud83d\udccc Freuen Sie sich auf interessante Beitr\u00e4ge, u.a.<\/h2>\n<ul>\n<li><strong>30 Jahre:<\/strong> R\u00fcckblick auf die Motorradgeschichte von 1987\u20132017<\/li>\n<li><strong>Erfolgsgeschichte:<\/strong> Motorrad-Entwicklung bei BMW &amp; Honda von 1969\u20131989<\/li>\n<li><strong>Jubil\u00e4umsmodelle:<\/strong>\n<ul>\n<li>30 Jahre Honda XL 600 V Transalp<\/li>\n<li>40 Jahre Triumph Bonneville Silver Jubilee<\/li>\n<li>50 Jahre Restaurierung M\u00fcnch Mammut<\/li>\n<li>60 Jahre Harley-Davidson Sportster<\/li>\n<\/ul>\n<\/li>\n<li><strong>Technik &amp; Szene:<\/strong> Umbau auf Elektronik-Z\u00fcndung, Leserwahl Classic 2017<\/li>\n<li><strong>Im Fokus:<\/strong> BMW R 75\/5, BMW K1, Honda CB 750 Four, Honda RC30<\/li>\n<li><strong>Weitere Klassiker:<\/strong> Vincent Black Lightning, Yamaha TZR 250, Kawasaki 750 H2<\/li>\n<li><strong>Touren:<\/strong> BMW R5 &amp; Triumph T100 Tiger unterwegs<\/li>\n<\/ul>\n<hr \/>\n<h2>\ud83d\udca1 Tipp<\/h2>\n<ul>\n<li>Ein Motorrad-Magazin mit Themen \u00fcber Oldtimer \/ Youngtimer kann auch eine willkommene \u00dcberraschung f\u00fcr Motorrad-\/Rollerfans sein \u2026\u00a0<strong>zum Verschenken von Erinnerungen \u2026 Tr\u00e4umen<\/strong>\u00a0\u2026<\/li>\n<\/ul>\n<h2>\ud83c\udf0d Zustand der Zeitschrift<\/h2>\n<ul>\n<li>Gebraucht, weil gelesen, durchgebl\u00e4ttert oder gestapelt \ud83d\ude09<\/li>\n<li>Dem Alter angemessen gut bis sehr gut erhalten<\/li>\n<li>Alles original<\/li>\n<li>Klebespuren von abgel\u00f6sten Abo-Versandaufklebern k\u00f6nnen vorhanden sein<\/li>\n<\/ul>\n<h2>\ud83d\udce6 Versand &amp; Service<\/h2>\n<ul>\n<li>\u2713 Versand gratis in Deutschland<\/li>\n<li>\u2713 Auf Wunsch auch internationaler Versand<\/li>\n<li>\u2713 Stabil verpackt, damit die Zeitschrift heil bei Ihnen ankommt<\/li>\n<\/ul>\n","protected":false},"excerpt":{"rendered":"<p>Diese gro\u00dfe Jubil\u00e4umsausgabe mit 148 Seiten feiert 30 Jahre Motorrad Classic. Ein R\u00fcckblick auf besondere Modelle, Fahrer und Meilensteine \u2013 mit vielen historischen Beitr\u00e4gen, Technik-Reportagen und Sonderberichten.<\/p>\n","protected":false},"featured_media":8636,"template":"","meta":{"iawp_total_views":1},"product_brand":[],"product_cat":[25],"product_tag":[1708,1774,4125,4523,37,5882,44,7287,55,7649,362,7650,927,1482,1551],"class_list":{"0":"post-8607","1":"product","2":"type-product","3":"status-publish","4":"has-post-thumbnail","6":"product_cat-motorrad-classic","7":"product_tag-muench-mammut","8":"product_tag-bmw-k1","9":"product_tag-triumph-t100-tiger","10":"product_tag-bmw-r5","11":"product_tag-bmw-r-75-5","12":"product_tag-vincent-black-lightning","13":"product_tag-harley-davidson-sportster","14":"product_tag-honda-rc30","15":"product_tag-honda-cb-750-four","16":"product_tag-30-jahre-motorradgeschichte","17":"product_tag-kawasaki-750-h2","18":"product_tag-jubilaeumsausgabe","19":"product_tag-triumph-bonneville","20":"product_tag-yamaha-tzr-250","21":"product_tag-honda-xl-600-v-transalp","23":"first","24":"instock","25":"sold-individually","26":"shipping-taxable","27":"purchasable","28":"product-type-simple"},"_links":{"self":[{"href":"https:\/\/motorrad-erinnerungen.de\/shop\/wp-json\/wp\/v2\/product\/8607","targetHints":{"allow":["GET"]}}],"collection":[{"href":"https:\/\/motorrad-erinnerungen.de\/shop\/wp-json\/wp\/v2\/product"}],"about":[{"href":"https:\/\/motorrad-erinnerungen.de\/shop\/wp-json\/wp\/v2\/types\/product"}],"wp:featuredmedia":[{"embeddable":true,"href":"https:\/\/motorrad-erinnerungen.de\/shop\/wp-json\/wp\/v2\/media\/8636"}],"wp:attachment":[{"href":"https:\/\/motorrad-erinnerungen.de\/shop\/wp-json\/wp\/v2\/media?parent=8607"}],"wp:term":[{"taxonomy":"product_brand","embeddable":true,"href":"https:\/\/motorrad-erinnerungen.de\/shop\/wp-json\/wp\/v2\/product_brand?post=8607"},{"taxonomy":"product_cat","embeddable":true,"href":"https:\/\/motorrad-erinnerungen.de\/shop\/wp-json\/wp\/v2\/product_cat?post=8607"},{"taxonomy":"product_tag","embeddable":true,"href":"https:\/\/motorrad-erinnerungen.de\/shop\/wp-json\/wp\/v2\/product_tag?post=8607"}],"curies":[{"name":"wp","href":"https:\/\/api.w.org\/{rel}","templated":true}]}}