{"id":8613,"date":"2025-09-24T13:22:09","date_gmt":"2025-09-24T11:22:09","guid":{"rendered":"https:\/\/motorrad-erinnerungen.de\/2026\/?post_type=product&#038;p=8613"},"modified":"2026-02-18T13:31:42","modified_gmt":"2026-02-18T12:31:42","slug":"motorrad-classic-11-2018-50-jahre-honda-cb-750","status":"publish","type":"product","link":"https:\/\/motorrad-erinnerungen.de\/shop\/produkt\/motorrad-classic-11-2018-50-jahre-honda-cb-750\/","title":{"rendered":"MOTORRAD Classic 11\/2018 \u2013 50 Jahre Honda CB 750; Captain America"},"content":{"rendered":"<h3>Zum Kauf angeboten wird die Zeitschrift\u00a0<strong>\u201e<\/strong>MOTORRAD Classic Ausgabe 11\/2018&#8243;<\/h3>\n<hr \/>\n<h2>\ud83d\udccc Freuen Sie sich auf interessante Beitr\u00e4ge, u.a.<\/h2>\n<ul>\n<li><strong>Jubil\u00e4um:<\/strong> 50 Jahre Honda CB 750 \u2013 Die Ikone im Portr\u00e4t<\/li>\n<li><strong>Kawasaki 350 A7 SS:<\/strong> Seltener Zweitakt-Scrambler<\/li>\n<li><strong>Triumph T100 R Daytona:<\/strong> Britischer 500er-Twin<\/li>\n<li><strong>Captain America:<\/strong> Die Easy-Rider-Legende aus dem Kultfilm<\/li>\n<li><strong>Laverda 1000 V6:<\/strong> Bol d\u2019Or-Rennmaschine von 1978<\/li>\n<li><strong>TT-Sieger-Ducati:<\/strong> Replika von Hailwoods Isle-of-Man-Siegerbike<\/li>\n<\/ul>\n<hr \/>\n<h2>\ud83d\udca1 Tipp<\/h2>\n<ul>\n<li>Ein Motorrad-Magazin mit Themen \u00fcber Oldtimer \/ Youngtimer kann auch eine willkommene \u00dcberraschung f\u00fcr Motorrad-\/Rollerfans sein \u2026\u00a0<strong>zum Verschenken von Erinnerungen \u2026 Tr\u00e4umen<\/strong>\u00a0\u2026<\/li>\n<\/ul>\n<h2>\ud83c\udf0d Zustand der Zeitschrift<\/h2>\n<ul>\n<li>Gebraucht, weil gelesen, durchgebl\u00e4ttert oder gestapelt \ud83d\ude09<\/li>\n<li>Dem Alter angemessen gut bis sehr gut erhalten<\/li>\n<li>Alles original<\/li>\n<li>Klebespuren von abgel\u00f6sten Abo-Versandaufklebern k\u00f6nnen vorhanden sein<\/li>\n<\/ul>\n<h2>\ud83d\udce6 Versand &amp; Service<\/h2>\n<ul>\n<li>\u2713 Versand gratis in Deutschland<\/li>\n<li>\u2713 Auf Wunsch auch internationaler Versand<\/li>\n<li>\u2713 Stabil verpackt, damit die Zeitschrift heil bei Ihnen ankommt<\/li>\n<\/ul>\n","protected":false},"excerpt":{"rendered":"<p>Diese Ausgabe feiert 50 Jahre Honda CB 750 \u2013 das Motorrad, das die Welt ver\u00e4nderte. Die CB 750 war nicht nur ein technischer Meilenstein, sondern auch ein stilpr\u00e4gendes Modell f\u00fcr die kommenden Jahrzehnte. Dazu gibt\u2019s eine spannende Auswahl an Kultmaschinen, Rarit\u00e4ten und einem legend\u00e4ren Film-Motorrad.<\/p>\n","protected":false},"featured_media":8642,"template":"","meta":{"iawp_total_views":1},"product_brand":[],"product_cat":[25],"product_tag":[7692,7693,327,7694,7648,7695,7650,7696,7655,7787,7677,7688,7689,7690,7691],"class_list":{"0":"post-8613","1":"product","2":"type-product","3":"status-publish","4":"has-post-thumbnail","6":"product_cat-motorrad-classic","7":"product_tag-laverda-1000-v6","8":"product_tag-rennmotorrad","9":"product_tag-honda-cb-750","10":"product_tag-sonderheft","11":"product_tag-youngtimer","12":"product_tag-triumph-t100-r-daytona","13":"product_tag-jubilaeumsausgabe","14":"product_tag-tt-ducati","15":"product_tag-klassiker","16":"product_tag-hailwoods-isle-of-man-siegerbike","17":"product_tag-oldtimer","18":"product_tag-captain-america","19":"product_tag-easy-rider","20":"product_tag-hailwood","21":"product_tag-kawasaki-350-a7-ss","23":"first","24":"instock","25":"shipping-taxable","26":"purchasable","27":"product-type-simple"},"_links":{"self":[{"href":"https:\/\/motorrad-erinnerungen.de\/shop\/wp-json\/wp\/v2\/product\/8613","targetHints":{"allow":["GET"]}}],"collection":[{"href":"https:\/\/motorrad-erinnerungen.de\/shop\/wp-json\/wp\/v2\/product"}],"about":[{"href":"https:\/\/motorrad-erinnerungen.de\/shop\/wp-json\/wp\/v2\/types\/product"}],"wp:featuredmedia":[{"embeddable":true,"href":"https:\/\/motorrad-erinnerungen.de\/shop\/wp-json\/wp\/v2\/media\/8642"}],"wp:attachment":[{"href":"https:\/\/motorrad-erinnerungen.de\/shop\/wp-json\/wp\/v2\/media?parent=8613"}],"wp:term":[{"taxonomy":"product_brand","embeddable":true,"href":"https:\/\/motorrad-erinnerungen.de\/shop\/wp-json\/wp\/v2\/product_brand?post=8613"},{"taxonomy":"product_cat","embeddable":true,"href":"https:\/\/motorrad-erinnerungen.de\/shop\/wp-json\/wp\/v2\/product_cat?post=8613"},{"taxonomy":"product_tag","embeddable":true,"href":"https:\/\/motorrad-erinnerungen.de\/shop\/wp-json\/wp\/v2\/product_tag?post=8613"}],"curies":[{"name":"wp","href":"https:\/\/api.w.org\/{rel}","templated":true}]}}