{"id":8615,"date":"2025-09-24T13:22:09","date_gmt":"2025-09-24T11:22:09","guid":{"rendered":"https:\/\/motorrad-erinnerungen.de\/2026\/?post_type=product&#038;p=8615"},"modified":"2026-03-27T13:19:08","modified_gmt":"2026-03-27T12:19:08","slug":"motorrad-classic-12-2019-ducati-750-ss-paris-dakar-emc-500-indian-road-racer","status":"publish","type":"product","link":"https:\/\/motorrad-erinnerungen.de\/shop\/produkt\/motorrad-classic-12-2019-ducati-750-ss-paris-dakar-emc-500-indian-road-racer\/","title":{"rendered":"MOTORRAD Classic 1+2\/2019 \u2013 Ducati 750 SS, Paris-Dakar, EMC 500, Indian Road-Racer"},"content":{"rendered":"<h3>Zum Kauf angeboten wird die Zeitschrift\u00a0<strong>\u201e<\/strong>MOTORRAD Classic Ausgabe 1+2\/2019&#8243;<\/h3>\n<hr \/>\n<h2>\ud83d\udccc Freuen Sie sich auf interessante Beitr\u00e4ge, u.a.<\/h2>\n<ul>\n<li><strong>Ducati 750 SS:<\/strong> Ein Leben mit der Sport-Ikone<\/li>\n<li><strong>40 Jahre Paris-Dakar:<\/strong> R\u00fcckblick auf die gro\u00dfe W\u00fcstenrallye<\/li>\n<li><strong>Indian Road-Racer von 1924:<\/strong> Eine von nur drei Maschinen weltweit<\/li>\n<li><strong>EMC 500:<\/strong> Zweitakt-Prototyp mit Doppelkolben<\/li>\n<li><strong>Helmut Fath:<\/strong> Eigenbau-Vierzylinder des WM-Fahrers im Portr\u00e4t<\/li>\n<li><strong>Nachdruck:<\/strong> Vergleichstest von 1975 \u2013 BMW R 75\/6, Honda CB 750 F1, Suzuki GT 750<\/li>\n<\/ul>\n<hr \/>\n<h2>\ud83d\udca1 Tipp<\/h2>\n<ul>\n<li>Ein Motorrad-Magazin mit Themen \u00fcber Oldtimer \/ Youngtimer kann auch eine willkommene \u00dcberraschung f\u00fcr Motorrad-\/Rollerfans sein \u2026\u00a0<strong>zum Verschenken von Erinnerungen \u2026 Tr\u00e4umen<\/strong>\u00a0\u2026<\/li>\n<\/ul>\n<h2>\ud83c\udf0d Zustand der Zeitschrift<\/h2>\n<ul>\n<li>Gebraucht, weil gelesen, durchgebl\u00e4ttert oder gestapelt \ud83d\ude09<\/li>\n<li>Dem Alter angemessen gut bis sehr gut erhalten<\/li>\n<li>Alles original<\/li>\n<li>Klebespuren von abgel\u00f6sten Abo-Versandaufklebern k\u00f6nnen vorhanden sein<\/li>\n<\/ul>\n<h2>\ud83d\udce6 Versand &amp; Service<\/h2>\n<ul>\n<li>\u2713 Versand gratis in Deutschland<\/li>\n<li>\u2713 Auf Wunsch auch internationaler Versand<\/li>\n<li>\u2713 Stabil verpackt, damit die Zeitschrift heil bei Ihnen ankommt<\/li>\n<\/ul>\n","protected":false},"excerpt":{"rendered":"<p>Diese Doppelausgabe widmet sich der legend\u00e4ren Ducati 750 SS \u2013 eine der pr\u00e4gendsten Sport-Ikonen der Motorradgeschichte. Daneben gibt es spannende Beitr\u00e4ge \u00fcber die Rallye Paris-Dakar, au\u00dfergew\u00f6hnliche Technik-Rarit\u00e4ten und historische Rennmaschinen.<\/p>\n","protected":false},"featured_media":8644,"template":"","meta":{"iawp_total_views":1},"product_brand":[],"product_cat":[25],"product_tag":[7677,7685,7705,7706,7707,7709,446,14337,470,513,514,7648],"class_list":{"0":"post-8615","1":"product","2":"type-product","3":"status-publish","4":"has-post-thumbnail","6":"product_cat-motorrad-classic","7":"product_tag-oldtimer","8":"product_tag-vergleichstest","9":"product_tag-emc-500","10":"product_tag-helmut-fath","11":"product_tag-indian-road-racer","12":"product_tag-paris-dakar","13":"product_tag-suzuki-gt-750","14":"product_tag-ducati-supersport-600-750-800-1000","15":"product_tag-ducati-750-ss","16":"product_tag-bmw-r-75-6","17":"product_tag-honda-cb-750-f1","18":"product_tag-youngtimer","20":"first","21":"instock","22":"shipping-taxable","23":"purchasable","24":"product-type-simple"},"_links":{"self":[{"href":"https:\/\/motorrad-erinnerungen.de\/shop\/wp-json\/wp\/v2\/product\/8615","targetHints":{"allow":["GET"]}}],"collection":[{"href":"https:\/\/motorrad-erinnerungen.de\/shop\/wp-json\/wp\/v2\/product"}],"about":[{"href":"https:\/\/motorrad-erinnerungen.de\/shop\/wp-json\/wp\/v2\/types\/product"}],"wp:featuredmedia":[{"embeddable":true,"href":"https:\/\/motorrad-erinnerungen.de\/shop\/wp-json\/wp\/v2\/media\/8644"}],"wp:attachment":[{"href":"https:\/\/motorrad-erinnerungen.de\/shop\/wp-json\/wp\/v2\/media?parent=8615"}],"wp:term":[{"taxonomy":"product_brand","embeddable":true,"href":"https:\/\/motorrad-erinnerungen.de\/shop\/wp-json\/wp\/v2\/product_brand?post=8615"},{"taxonomy":"product_cat","embeddable":true,"href":"https:\/\/motorrad-erinnerungen.de\/shop\/wp-json\/wp\/v2\/product_cat?post=8615"},{"taxonomy":"product_tag","embeddable":true,"href":"https:\/\/motorrad-erinnerungen.de\/shop\/wp-json\/wp\/v2\/product_tag?post=8615"}],"curies":[{"name":"wp","href":"https:\/\/api.w.org\/{rel}","templated":true}]}}