{"id":8616,"date":"2025-09-24T13:22:09","date_gmt":"2025-09-24T11:22:09","guid":{"rendered":"https:\/\/motorrad-erinnerungen.de\/2026\/?post_type=product&#038;p=8616"},"modified":"2026-03-17T22:40:25","modified_gmt":"2026-03-17T21:40:25","slug":"motorrad-classic-9-2019-kawasaki-z-1000-excelsior-super-x-japauto-1000-vx-triumph-bonneville","status":"publish","type":"product","link":"https:\/\/motorrad-erinnerungen.de\/shop\/produkt\/motorrad-classic-9-2019-kawasaki-z-1000-excelsior-super-x-japauto-1000-vx-triumph-bonneville\/","title":{"rendered":"MOTORRAD Classic 9\/2019 \u2013 Kawasaki Z 1000, Excelsior Super X, Japauto 1000 VX"},"content":{"rendered":"<h3>Zum Kauf angeboten wird die Zeitschrift\u00a0<strong>\u201e<\/strong>MOTORRAD Classic Ausgabe 9\/2019&#8243;<\/h3>\n<hr \/>\n<h2>\ud83d\udccc Freuen Sie sich auf interessante Beitr\u00e4ge, u.a.<\/h2>\n<ul>\n<li><strong>Kawasaki Z 1000:<\/strong> Modellgeschichte von Z1-R bis Z 1000 R im gro\u00dfen Vergleich<\/li>\n<li><strong>Triumph Bonneville:<\/strong> Kaufberatung zu den britischen Unit-Twins<\/li>\n<li><strong>Excelsior Super X:<\/strong> Rares aus Amerika mit Charme und Geschichte<\/li>\n<li><strong>Japauto 1000 VX:<\/strong> Erste 1000er-Honda aus Frankreich<\/li>\n<li><strong>70 Jahre Grand Prix:<\/strong> Die fr\u00fchen Jahre des Motorrad-Rennsports<\/li>\n<li><strong>Classic Leserwahl 2019:<\/strong> Mit Gewinnspiel \u2013 Royal Enfield Interceptor 650<\/li>\n<\/ul>\n<hr \/>\n<h2>\ud83d\udca1 Tipp<\/h2>\n<ul>\n<li>Ein Motorrad-Magazin mit Themen \u00fcber Oldtimer \/ Youngtimer kann auch eine willkommene \u00dcberraschung f\u00fcr Motorrad-\/Rollerfans sein \u2026\u00a0<strong>zum Verschenken von Erinnerungen \u2026 Tr\u00e4umen<\/strong>\u00a0\u2026<\/li>\n<\/ul>\n<h2>\ud83c\udf0d Zustand der Zeitschrift<\/h2>\n<ul>\n<li>Gebraucht, weil gelesen, durchgebl\u00e4ttert oder gestapelt \ud83d\ude09<\/li>\n<li>Dem Alter angemessen gut bis sehr gut erhalten<\/li>\n<li>Alles original<\/li>\n<li>Klebespuren von abgel\u00f6sten Abo-Versandaufklebern k\u00f6nnen vorhanden sein<\/li>\n<\/ul>\n<h2>\ud83d\udce6 Versand &amp; Service<\/h2>\n<ul>\n<li>\u2713 Versand gratis in Deutschland<\/li>\n<li>\u2713 Auf Wunsch auch internationaler Versand<\/li>\n<li>\u2713 Stabil verpackt, damit die Zeitschrift heil bei Ihnen ankommt<\/li>\n<\/ul>\n","protected":false},"excerpt":{"rendered":"<p>Die September-Ausgabe 2019 steht ganz im Zeichen der legend\u00e4ren Kawasaki Z 1000 \u2013 vom Urmodell Z1-R \u00fcber die MK II bis zur Z 1000 R. Erg\u00e4nzt wird das Heft durch Berichte \u00fcber seltene Klassiker wie die Excelsior Super X und Japauto 1000 VX sowie einen R\u00fcckblick auf die fr\u00fchen Jahre des Grand Prix. Ein Muss f\u00fcr Freunde gro\u00dfvolumiger Motorr\u00e4der!<\/p>\n","protected":false},"featured_media":8645,"template":"","meta":{"iawp_total_views":1},"product_brand":[],"product_cat":[25],"product_tag":[7712,7713,7714,7715,7716,7717,624,14319,927,6240,7710,7711],"class_list":{"0":"post-8616","1":"product","2":"type-product","3":"status-publish","4":"has-post-thumbnail","6":"product_cat-motorrad-classic","7":"product_tag-japauto-1000-vx","8":"product_tag-z1-r","9":"product_tag-z1000-fi","10":"product_tag-z1000-mkii","11":"product_tag-z1000-r","12":"product_tag-z1000-st","13":"product_tag-kawasaki-z-1000-ab-2003","14":"product_tag-kawasaki-z-1000-klassisch","15":"product_tag-triumph-bonneville","16":"product_tag-royal-enfield","17":"product_tag-excelsior-super-x","18":"product_tag-grand-prix-geschichte","20":"first","21":"instock","22":"shipping-taxable","23":"purchasable","24":"product-type-simple"},"_links":{"self":[{"href":"https:\/\/motorrad-erinnerungen.de\/shop\/wp-json\/wp\/v2\/product\/8616","targetHints":{"allow":["GET"]}}],"collection":[{"href":"https:\/\/motorrad-erinnerungen.de\/shop\/wp-json\/wp\/v2\/product"}],"about":[{"href":"https:\/\/motorrad-erinnerungen.de\/shop\/wp-json\/wp\/v2\/types\/product"}],"wp:featuredmedia":[{"embeddable":true,"href":"https:\/\/motorrad-erinnerungen.de\/shop\/wp-json\/wp\/v2\/media\/8645"}],"wp:attachment":[{"href":"https:\/\/motorrad-erinnerungen.de\/shop\/wp-json\/wp\/v2\/media?parent=8616"}],"wp:term":[{"taxonomy":"product_brand","embeddable":true,"href":"https:\/\/motorrad-erinnerungen.de\/shop\/wp-json\/wp\/v2\/product_brand?post=8616"},{"taxonomy":"product_cat","embeddable":true,"href":"https:\/\/motorrad-erinnerungen.de\/shop\/wp-json\/wp\/v2\/product_cat?post=8616"},{"taxonomy":"product_tag","embeddable":true,"href":"https:\/\/motorrad-erinnerungen.de\/shop\/wp-json\/wp\/v2\/product_tag?post=8616"}],"curies":[{"name":"wp","href":"https:\/\/api.w.org\/{rel}","templated":true}]}}