{"id":8623,"date":"2025-09-24T13:22:10","date_gmt":"2025-09-24T11:22:10","guid":{"rendered":"https:\/\/motorrad-erinnerungen.de\/2026\/?post_type=product&#038;p=8623"},"modified":"2026-02-18T13:50:19","modified_gmt":"2026-02-18T12:50:19","slug":"motorrad-classic-3-2021-ducati-750-gt-honda-cb-77-moto-guzzi-sport-15","status":"publish","type":"product","link":"https:\/\/motorrad-erinnerungen.de\/shop\/produkt\/motorrad-classic-3-2021-ducati-750-gt-honda-cb-77-moto-guzzi-sport-15\/","title":{"rendered":"Motorrad Classic 3\/2021 \u2013 Ducati 750 GT, Honda CB 77, Moto Guzzi Sport 15"},"content":{"rendered":"<h3>Zum Kauf angeboten wird die Zeitschrift\u00a0<strong>\u201e<\/strong>Motorrad Classic 3\/2021&#8243;<\/h3>\n<h2>\ud83d\udccc Freuen Sie sich auf interessante Beitr\u00e4ge, u.a.<\/h2>\n<ul>\n<li><strong>Ducati 750 GT<\/strong> \u2013 Die V2-Legende wird 50<\/li>\n<li><strong>Honda CB 77<\/strong> \u2013 Dauerbeziehung mit Kultstatus<\/li>\n<li><strong>Benelli SEI Eigenbau<\/strong> \u2013 Sechszylinder-Classic-Racer mit Stil<\/li>\n<li><strong>Moto Guzzi Sport 15<\/strong> \u2013 Top-Restaurierung<\/li>\n<li><strong>Norton P92<\/strong> \u2013 Einzylinder-Prototyp<\/li>\n<li>Kleinkraftr\u00e4der 1978 im Vergleich \u2013 <strong>Nachdruck<\/strong><\/li>\n<li>Mehr Dauerfestigkeit durch Verfestigungsstrahlen \u2013 <strong>Service<\/strong><\/li>\n<\/ul>\n<h2>\ud83d\udca1 Tipp<\/h2>\n<ul>\n<li>Ein Motorrad-Magazin mit Themen \u00fcber Oldtimer \/ Youngtimer kann auch eine willkommene \u00dcberraschung f\u00fcr Motorrad-\/Rollerfans sein \u2026\u00a0<strong>zum Verschenken von Erinnerungen \u2026 Tr\u00e4umen<\/strong>\u00a0\u2026<\/li>\n<\/ul>\n<h2>\ud83c\udf0d Zustand der Zeitschrift<\/h2>\n<ul>\n<li>Gebraucht, weil gelesen, durchgebl\u00e4ttert oder gestapelt \ud83d\ude09<\/li>\n<li>Dem Alter angemessen gut bis sehr gut erhalten<\/li>\n<li>Alles original<\/li>\n<li>Klebespuren von abgel\u00f6sten Abo-Versandaufklebern k\u00f6nnen vorhanden sein<\/li>\n<\/ul>\n<h2>\ud83d\udce6 Versand &amp; Service<\/h2>\n<ul>\n<li>\u2713 Versand gratis in Deutschland<\/li>\n<li>\u2713 Auf Wunsch auch internationaler Versand<\/li>\n<li>\u2713 Stabil verpackt, damit die Zeitschrift heil bei Ihnen ankommt<\/li>\n<\/ul>\n","protected":false},"excerpt":{"rendered":"<p>Im M\u00e4rz 2021 feiert <strong>Motorrad Classic<\/strong> die V2-Legende Ducati 750 GT. Dazu kommen spannende Beitr\u00e4ge \u00fcber Klassiker und Rarit\u00e4ten mit Stil \u2013 f\u00fcr Freunde italienischer, britischer und deutscher Motorradgeschichte.<\/p>\n","protected":false},"featured_media":8652,"template":"","meta":{"iawp_total_views":0},"product_brand":[],"product_cat":[25],"product_tag":[7754,7755,374,4439,7753],"class_list":{"0":"post-8623","1":"product","2":"type-product","3":"status-publish","4":"has-post-thumbnail","6":"product_cat-motorrad-classic","7":"product_tag-honda-cb-77","8":"product_tag-norton-p92","9":"product_tag-ducati-750-gt","10":"product_tag-moto-guzzi-sport-15","11":"product_tag-benelli-sei","13":"first","14":"instock","15":"shipping-taxable","16":"purchasable","17":"product-type-simple"},"_links":{"self":[{"href":"https:\/\/motorrad-erinnerungen.de\/shop\/wp-json\/wp\/v2\/product\/8623","targetHints":{"allow":["GET"]}}],"collection":[{"href":"https:\/\/motorrad-erinnerungen.de\/shop\/wp-json\/wp\/v2\/product"}],"about":[{"href":"https:\/\/motorrad-erinnerungen.de\/shop\/wp-json\/wp\/v2\/types\/product"}],"wp:featuredmedia":[{"embeddable":true,"href":"https:\/\/motorrad-erinnerungen.de\/shop\/wp-json\/wp\/v2\/media\/8652"}],"wp:attachment":[{"href":"https:\/\/motorrad-erinnerungen.de\/shop\/wp-json\/wp\/v2\/media?parent=8623"}],"wp:term":[{"taxonomy":"product_brand","embeddable":true,"href":"https:\/\/motorrad-erinnerungen.de\/shop\/wp-json\/wp\/v2\/product_brand?post=8623"},{"taxonomy":"product_cat","embeddable":true,"href":"https:\/\/motorrad-erinnerungen.de\/shop\/wp-json\/wp\/v2\/product_cat?post=8623"},{"taxonomy":"product_tag","embeddable":true,"href":"https:\/\/motorrad-erinnerungen.de\/shop\/wp-json\/wp\/v2\/product_tag?post=8623"}],"curies":[{"name":"wp","href":"https:\/\/api.w.org\/{rel}","templated":true}]}}