{"id":8971,"date":"2025-09-29T11:19:44","date_gmt":"2025-09-29T09:19:44","guid":{"rendered":"https:\/\/motorrad-erinnerungen.de\/2026\/produkt\/motorrad-24-2018-bmw-r-1250-gs-bmw-s-1000-rr-triumph-scrambler-1200-xe\/"},"modified":"2026-03-16T16:36:22","modified_gmt":"2026-03-16T15:36:22","slug":"motorrad-24-2018-bmw-r-1250-gs-bmw-s-1000-rr-triumph-scrambler-1200-xe","status":"publish","type":"product","link":"https:\/\/motorrad-erinnerungen.de\/shop\/produkt\/motorrad-24-2018-bmw-r-1250-gs-bmw-s-1000-rr-triumph-scrambler-1200-xe\/","title":{"rendered":"MOTORRAD 24\/2018 \u2013 BMW R 1250 GS, BMW S 1000 RR, Triumph Scrambler 1200 XE"},"content":{"rendered":"<p>Die Zeitschrift <strong>MOTORRAD 24\/2018<\/strong> vom 9. November 2018 wird hier zum Kauf angeboten.<\/p>\n<h2>\ud83d\udccc Die Titelthemen in :<\/h2>\n<ul>\n<li><strong>BMW R 1250 GS<\/strong> \u2013 Top-Test<\/li>\n<li><strong>BMW S 1000 RR<\/strong> \u2013 Show Time<\/li>\n<li><strong>Triumph Scrambler 1200 XS\/XE<\/strong> \u2013 Premiere<\/li>\n<li><strong>Ducati Diavel 1260 S<\/strong> \u2013 Vorstellung<\/li>\n<li><strong>Yamaha T\u00e9n\u00e9r\u00e9 700<\/strong> \u2013 Vorstellung<\/li>\n<li><strong>Honda CBR 650 R<\/strong> \u2013 Vorstellung<\/li>\n<li><strong>Kawasaki Z 400<\/strong> \u2013 Vorstellung<\/li>\n<li><strong>Suzuki GSX-R 1300 Hayabusa vs. Kawasaki Ninja H2 SX<\/strong> &#8211; der schnelle Rausch<\/li>\n<\/ul>\n<h2>\u2795 Weitere Tests &amp; Highlights<\/h2>\n<ul>\n<li><strong>mit sieben Dauertest-Bikes im Elsass:<\/strong><\/li>\n<li><strong>Aprilia Shiver 900 + BMW G 310 R + Harley-Davidson Heritage Classic 114 + Honda CBR 1000 RR Fireblade + Honda GL 1800 Gold Wing + KTM 790 Duke + Triumph Thruxton R<\/strong><\/li>\n<\/ul>\n<h2>\ud83d\udca1 Tipp<\/h2>\n<ul>\n<li>Eine Motorrad-Zeitschrift kann auch eine willkommene \u00dcberraschung f\u00fcr Motorrad-\/Rollerfans sein<\/li>\n<li>\u2026 zum Verschenken von Erinnerungen \u2026 Tr\u00e4umen \u2026<\/li>\n<\/ul>\n<h2>\ud83d\udce6 Versand &amp; Service<\/h2>\n<ul>\n<li>Kostenloser Versand in Deutschland, Auslandsversand f\u00fcr eine geringe Pauschale<\/li>\n<li>Erfahrung aus weit \u00fcber 30.000 erfolgreichen Sendungen<\/li>\n<li>Ihre Zeitschrift wird sicher und liebevoll verpackt<\/li>\n<\/ul>\n<h2>\ud83c\udf0d Zustand der Zeitschrift<\/h2>\n<ul>\n<li>Gebraucht, weil gelesen, durchgebl\u00e4ttert oder gestapelt \ud83d\ude09 dem Alter angemessen gut bis sehr gut erhalten<\/li>\n<li>Alles original<\/li>\n<li>Es k\u00f6nnen Klebespuren von Abo-Adressaufklebern vorhanden sein<\/li>\n<\/ul>\n","protected":false},"excerpt":{"rendered":"<p>Exklusiver Top-Test: BMW R 1250 GS. Au\u00dferdem BMW S 1000 RR, Triumph Scrambler 1200 XE, Ducati Diavel 1260 S, Yamaha T\u00e9n\u00e9r\u00e9 700, Honda CBR 650 R und Kawasaki Z 400.<\/p>\n","protected":false},"featured_media":8976,"template":"","meta":{"iawp_total_views":0},"product_brand":[],"product_cat":[23],"product_tag":[7220,2451,7531,2526,7973,3219,8079,4834,8080,6071,7111,7131,7132,7141,7172,471],"class_list":{"0":"post-8971","1":"product","2":"type-product","3":"status-publish","4":"has-post-thumbnail","6":"product_cat-motorrad","7":"product_tag-aprilia-shiver-900","8":"product_tag-honda-gl-1800-gold-wing","9":"product_tag-kawasaki-ninja-h2-sx","10":"product_tag-honda-fireblade","11":"product_tag-honda-cbr-650-r","12":"product_tag-bmw-s-1000-rr","13":"product_tag-triumph-scrambler-1200-xs-xe","14":"product_tag-triumph-thruxton-r","15":"product_tag-suzuki-gsx-r-1300-hayabusa","16":"product_tag-bmw-g-310-r","17":"product_tag-harley-davidson-heritage-classic-114","18":"product_tag-bmw-r-1250-gs","19":"product_tag-yamaha-tenere-700","20":"product_tag-ktm-790-duke","21":"product_tag-ducati-diavel-1260-s","22":"product_tag-kawasaki-z-400","24":"first","25":"instock","26":"sold-individually","27":"shipping-taxable","28":"purchasable","29":"product-type-simple"},"_links":{"self":[{"href":"https:\/\/motorrad-erinnerungen.de\/shop\/wp-json\/wp\/v2\/product\/8971","targetHints":{"allow":["GET"]}}],"collection":[{"href":"https:\/\/motorrad-erinnerungen.de\/shop\/wp-json\/wp\/v2\/product"}],"about":[{"href":"https:\/\/motorrad-erinnerungen.de\/shop\/wp-json\/wp\/v2\/types\/product"}],"wp:featuredmedia":[{"embeddable":true,"href":"https:\/\/motorrad-erinnerungen.de\/shop\/wp-json\/wp\/v2\/media\/8976"}],"wp:attachment":[{"href":"https:\/\/motorrad-erinnerungen.de\/shop\/wp-json\/wp\/v2\/media?parent=8971"}],"wp:term":[{"taxonomy":"product_brand","embeddable":true,"href":"https:\/\/motorrad-erinnerungen.de\/shop\/wp-json\/wp\/v2\/product_brand?post=8971"},{"taxonomy":"product_cat","embeddable":true,"href":"https:\/\/motorrad-erinnerungen.de\/shop\/wp-json\/wp\/v2\/product_cat?post=8971"},{"taxonomy":"product_tag","embeddable":true,"href":"https:\/\/motorrad-erinnerungen.de\/shop\/wp-json\/wp\/v2\/product_tag?post=8971"}],"curies":[{"name":"wp","href":"https:\/\/api.w.org\/{rel}","templated":true}]}}