{"id":8984,"date":"2025-09-29T20:28:38","date_gmt":"2025-09-29T18:28:38","guid":{"rendered":"https:\/\/motorrad-erinnerungen.de\/2026\/produkt\/motorrad-01-2019-yamaha-tenere-700-ktm-790-adventure-ducati-panigale-v4-r\/"},"modified":"2025-09-29T22:21:11","modified_gmt":"2025-09-29T20:21:11","slug":"motorrad-01-2019-yamaha-tenere-700-ktm-790-adventure-ducati-panigale-v4-r","status":"publish","type":"product","link":"https:\/\/motorrad-erinnerungen.de\/shop\/produkt\/motorrad-01-2019-yamaha-tenere-700-ktm-790-adventure-ducati-panigale-v4-r\/","title":{"rendered":"MOTORRAD 01\/2019 \u2013 Yamaha T\u00e9n\u00e9r\u00e9 700, KTM 790 Adventure, Ducati Panigale V4 R"},"content":{"rendered":"<p>Die Zeitschrift <strong>MOTORRAD 01\/2019<\/strong> vom 21. Dezember 2018 wird hier zum Kauf angeboten.<\/p>\n<h2>\ud83d\udccc Die Titelthemen in :<\/h2>\n<ul>\n<li><strong>Yamaha T\u00e9n\u00e9r\u00e9 700<\/strong> vs. <strong>KTM 790 Adventure<\/strong> \u2013 Technik-Check<\/li>\n<li><strong>Ducati Panigale V4 R<\/strong> \u2013 Schon gefahren<\/li>\n<li><strong>Triumph Speed Twin<\/strong> \u2013 Fahrbericht mit dem Briten-Roadster<\/li>\n<li><strong>BMW Cruiser<\/strong> mit 1800 Kubik \u2013 Vorschau<\/li>\n<\/ul>\n<h2>\u2795 Weitere Tests &amp; Highlights<\/h2>\n<ul>\n<li><strong>KTM 1290 Supe Duke GT<\/strong> \u2013 Fahrbericht<\/li>\n<li><strong>Honda Super Cub 125<\/strong> &#8211; feiert Deutschland-Premiere, hier im Test kompakt<\/li>\n<li>Testsieger 2018 &#8211; \u00fcber 250 Produkte getestet<\/li>\n<\/ul>\n<h2>\ud83d\udca1 Tipp<\/h2>\n<ul>\n<li>Eine Motorrad-Zeitschrift kann auch eine willkommene \u00dcberraschung f\u00fcr Motorrad-\/Rollerfans sein<\/li>\n<li>\u2026 zum Verschenken von Erinnerungen \u2026 Tr\u00e4umen \u2026<\/li>\n<\/ul>\n<h2>\ud83d\udce6 Versand &amp; Service<\/h2>\n<ul>\n<li>Kostenloser Versand in Deutschland, Auslandsversand f\u00fcr eine geringe Pauschale<\/li>\n<li>Erfahrung aus weit \u00fcber 30.000 erfolgreichen Sendungen<\/li>\n<li>Ihre Zeitschrift wird sicher und liebevoll verpackt<\/li>\n<\/ul>\n<h2>\ud83c\udf0d Zustand der Zeitschrift<\/h2>\n<ul>\n<li>Gebraucht, weil gelesen, durchgebl\u00e4ttert oder gestapelt \ud83d\ude09 dem Alter angemessen gut bis sehr gut erhalten<\/li>\n<li>Alles original<\/li>\n<li>Es k\u00f6nnen Klebespuren von Abo-Adressaufklebern vorhanden sein<\/li>\n<\/ul>\n","protected":false},"excerpt":{"rendered":"<p>Gro\u00dfer Technik-Check: Yamaha T\u00e9n\u00e9r\u00e9 700 gegen KTM 790 Adventure. Schon gefahren: Ducati Panigale V4 R. Dazu Triumph Speed Twin und BMW Cruiser mit 1800 Kubik.<\/p>\n","protected":false},"featured_media":8990,"template":"","meta":{"iawp_total_views":1},"product_brand":[],"product_cat":[23],"product_tag":[7987,8087,8096,8097,7132,7143,7164],"class_list":{"0":"post-8984","1":"product","2":"type-product","3":"status-publish","4":"has-post-thumbnail","6":"product_cat-motorrad","7":"product_tag-ducati-panigale-v4-r","8":"product_tag-bmw-cruiser","9":"product_tag-honda-super-cub-125","10":"product_tag-testsieger-2018","11":"product_tag-yamaha-tenere-700","12":"product_tag-triumph-speed-twin","13":"product_tag-ktm-790-adventure","15":"first","16":"instock","17":"sold-individually","18":"shipping-taxable","19":"purchasable","20":"product-type-simple"},"_links":{"self":[{"href":"https:\/\/motorrad-erinnerungen.de\/shop\/wp-json\/wp\/v2\/product\/8984","targetHints":{"allow":["GET"]}}],"collection":[{"href":"https:\/\/motorrad-erinnerungen.de\/shop\/wp-json\/wp\/v2\/product"}],"about":[{"href":"https:\/\/motorrad-erinnerungen.de\/shop\/wp-json\/wp\/v2\/types\/product"}],"wp:featuredmedia":[{"embeddable":true,"href":"https:\/\/motorrad-erinnerungen.de\/shop\/wp-json\/wp\/v2\/media\/8990"}],"wp:attachment":[{"href":"https:\/\/motorrad-erinnerungen.de\/shop\/wp-json\/wp\/v2\/media?parent=8984"}],"wp:term":[{"taxonomy":"product_brand","embeddable":true,"href":"https:\/\/motorrad-erinnerungen.de\/shop\/wp-json\/wp\/v2\/product_brand?post=8984"},{"taxonomy":"product_cat","embeddable":true,"href":"https:\/\/motorrad-erinnerungen.de\/shop\/wp-json\/wp\/v2\/product_cat?post=8984"},{"taxonomy":"product_tag","embeddable":true,"href":"https:\/\/motorrad-erinnerungen.de\/shop\/wp-json\/wp\/v2\/product_tag?post=8984"}],"curies":[{"name":"wp","href":"https:\/\/api.w.org\/{rel}","templated":true}]}}