{"id":9010,"date":"2025-09-30T10:06:36","date_gmt":"2025-09-30T08:06:36","guid":{"rendered":"https:\/\/motorrad-erinnerungen.de\/2026\/produkt\/motorrad-12-2019-yamaha-tenere-700-zero-sr-f-bmw-r-1250-r\/"},"modified":"2026-03-28T21:29:12","modified_gmt":"2026-03-28T20:29:12","slug":"motorrad-12-2019-yamaha-tenere-700-zero-sr-f-bmw-r-1250-r","status":"publish","type":"product","link":"https:\/\/motorrad-erinnerungen.de\/shop\/produkt\/motorrad-12-2019-yamaha-tenere-700-zero-sr-f-bmw-r-1250-r\/","title":{"rendered":"MOTORRAD 12\/2019 \u2013 Yamaha T\u00e9n\u00e9r\u00e9 700, Zero SR\/F, BMW R 1250 R"},"content":{"rendered":"<p>Die Zeitschrift <strong>MOTORRAD 12\/2019<\/strong> vom 24. Mai 2019 wird hier zum Kauf angeboten.<\/p>\n<h2>\ud83d\udccc Die Titelthemen in :<\/h2>\n<ul>\n<li><strong>Yamaha T\u00e9n\u00e9r\u00e9 700<\/strong> \u2013 Fahrbericht<\/li>\n<li><strong>Zero SR\/F<\/strong> \u2013 E-Motorrad im Top-Test<\/li>\n<li><strong>BMW R 1250 R<\/strong> vs. <strong>Ducati Monster 1200 S<\/strong> \u2013 Roadster-Vergleich<\/li>\n<\/ul>\n<h2>\ud83d\udccc Sechs Bikes f\u00fcr A2-Einsteiger (48-PS-Spezial)<\/h2>\n<ul>\n<li><strong>Honda CMX 500 Rebel vs. Kawasaki Z 400, KTM 390 Duke, Royal Enfield Continental GT 650, Triumpbh Street Triple S (A2) und Yamaha YZF-R3<\/strong><\/li>\n<\/ul>\n<h2>\u2795 Weitere Tests &amp; Highlights<\/h2>\n<ul>\n<li><b>Moto Morini Corsaro 1200 ZZ <\/b>\u2013 erhielt ein wenig Feinschliff, Test kompakt<\/li>\n<li><strong>Ducati Diavel 1260 S<\/strong> &#8211; Lesertest<\/li>\n<\/ul>\n<h2>\ud83d\udca1 Tipp<\/h2>\n<ul>\n<li>Eine Motorrad-Zeitschrift kann auch eine willkommene \u00dcberraschung f\u00fcr Motorrad-\/Rollerfans sein<\/li>\n<li>\u2026 zum Verschenken von Erinnerungen \u2026 Tr\u00e4umen \u2026<\/li>\n<\/ul>\n<h2>\ud83d\udce6 Versand &amp; Service<\/h2>\n<ul>\n<li>Kostenloser Versand in Deutschland, Auslandsversand f\u00fcr eine geringe Pauschale<\/li>\n<li>Erfahrung aus weit \u00fcber 30.000 erfolgreichen Sendungen<\/li>\n<li>Ihre Zeitschrift wird sicher und liebevoll verpackt<\/li>\n<\/ul>\n<h2>\ud83c\udf0d Zustand der Zeitschrift<\/h2>\n<ul>\n<li>Gebraucht, weil gelesen, durchgebl\u00e4ttert oder gestapelt \ud83d\ude09 dem Alter angemessen gut bis sehr gut erhalten<\/li>\n<li>Alles original<\/li>\n<li>Es k\u00f6nnen Klebespuren von Abo-Adressaufklebern vorhanden sein<\/li>\n<\/ul>\n","protected":false},"excerpt":{"rendered":"<p>Neu: Fahrbericht Yamaha T\u00e9n\u00e9r\u00e9 700. E-Motorrad im Top-Test: Zero SR\/F. Roadster-Vergleich: BMW R 1250 R gegen Ducati Monster 1200 S. Dazu drei Tourentipps und A2-Einsteigerbikes.<\/p>\n","protected":false},"featured_media":13497,"template":"","meta":{"iawp_total_views":0},"product_brand":[],"product_cat":[23],"product_tag":[8130,3669,8131,3742,3791,3811,7132,7148,7172,7998,8120,8121,471],"class_list":{"0":"post-9010","1":"product","2":"type-product","3":"status-publish","4":"has-post-thumbnail","6":"product_cat-motorrad","7":"product_tag-moto-morini-corsaro-1200-zz","8":"product_tag-ktm-390-duke","9":"product_tag-triumpbh-street-triple-s-a2","10":"product_tag-ducati-monster-1200-s","11":"product_tag-ducati-monster-1200","12":"product_tag-yamaha-yzf-r3","13":"product_tag-yamaha-tenere-700","14":"product_tag-honda-cmx-500-rebel","15":"product_tag-ducati-diavel-1260-s","16":"product_tag-royal-enfield-continental-gt-650","17":"product_tag-zero-sr-f","18":"product_tag-bmw-r-1250-r","19":"product_tag-kawasaki-z-400","21":"first","22":"instock","23":"sold-individually","24":"shipping-taxable","25":"purchasable","26":"product-type-simple"},"_links":{"self":[{"href":"https:\/\/motorrad-erinnerungen.de\/shop\/wp-json\/wp\/v2\/product\/9010","targetHints":{"allow":["GET"]}}],"collection":[{"href":"https:\/\/motorrad-erinnerungen.de\/shop\/wp-json\/wp\/v2\/product"}],"about":[{"href":"https:\/\/motorrad-erinnerungen.de\/shop\/wp-json\/wp\/v2\/types\/product"}],"wp:featuredmedia":[{"embeddable":true,"href":"https:\/\/motorrad-erinnerungen.de\/shop\/wp-json\/wp\/v2\/media\/13497"}],"wp:attachment":[{"href":"https:\/\/motorrad-erinnerungen.de\/shop\/wp-json\/wp\/v2\/media?parent=9010"}],"wp:term":[{"taxonomy":"product_brand","embeddable":true,"href":"https:\/\/motorrad-erinnerungen.de\/shop\/wp-json\/wp\/v2\/product_brand?post=9010"},{"taxonomy":"product_cat","embeddable":true,"href":"https:\/\/motorrad-erinnerungen.de\/shop\/wp-json\/wp\/v2\/product_cat?post=9010"},{"taxonomy":"product_tag","embeddable":true,"href":"https:\/\/motorrad-erinnerungen.de\/shop\/wp-json\/wp\/v2\/product_tag?post=9010"}],"curies":[{"name":"wp","href":"https:\/\/api.w.org\/{rel}","templated":true}]}}