{"id":9053,"date":"2025-09-30T21:10:19","date_gmt":"2025-09-30T19:10:19","guid":{"rendered":"https:\/\/motorrad-erinnerungen.de\/2026\/produkt\/motorrad-26a-2019-sammler%e2%80%91edition-2019-hinter-den-kulissen-top%e2%80%91test-alpen%e2%80%91masters\/"},"modified":"2026-01-15T17:34:55","modified_gmt":"2026-01-15T16:34:55","slug":"motorrad-26a-2019-sammler%e2%80%91edition-2019-hinter-den-kulissen-top%e2%80%91test-alpen%e2%80%91masters","status":"publish","type":"product","link":"https:\/\/motorrad-erinnerungen.de\/shop\/produkt\/motorrad-26a-2019-sammler%e2%80%91edition-2019-hinter-den-kulissen-top%e2%80%91test-alpen%e2%80%91masters\/","title":{"rendered":"MOTORRAD 26a\/2019 \u2013 Sammler\u2011Edition 2019: Hinter den Kulissen, Top\u2011Test, Alpen\u2011Masters"},"content":{"rendered":"<p>Die Zeitschrift <strong>MOTORRAD 26a\/2019<\/strong> (Sammler\u2011Edition 2019) wird hier zum Kauf angeboten.<\/p>\n<h2>\ud83d\udccc Die Titelthemen in :<\/h2>\n<ul>\n<li><strong>Hinter den Kulissen<\/strong> \u2013 das Jahr 2019<\/li>\n<li><strong>Top\u2011Test<\/strong> \u2013 Highlights<\/li>\n<li><strong>Alpen\u2011Masters<\/strong> \u2013 R\u00fcckblick<\/li>\n<li><strong>Mofa\u2011Rennen<\/strong> \u2013 Spa\u00df &amp; Action<\/li>\n<li><strong>Backstage MotoGP<\/strong> \u2013 Einblicke<\/li>\n<li><strong>Holger Aue privat<\/strong> \u2013 Reportage<\/li>\n<\/ul>\n<h2>\u2795 Weitere Tests &amp; Highlights<\/h2>\n<ul>\n<li><strong>Die Top\u2011Ten\u2011Bikes der Tester<\/strong> (ohne 1000\u2011Punkte):<br \/>\n<strong>Aprilia Tuono V4 1100 Factory + Ducati 916 + Ducati Hypermotard 950 + Honda Fireblade SP + Indian FTR 1200 +<\/strong><br \/>\n<strong>Kawasaki H2 SX SE+ + KTM 790 Adventure R + Triumph Speed Twin + Yamaha T\u00e9n\u00e9r\u00e9 700 + Zero SR\/F<\/strong><\/li>\n<\/ul>\n<h2><strong>\ud83d\udca1 Tipp<\/strong><\/h2>\n<ul>\n<li>Eine Motorrad-Zeitschrift kann auch eine willkommene \u00dcberraschung f\u00fcr Motorrad-\/Rollerfans sein<\/li>\n<li>\u2026 zum Verschenken von Erinnerungen \u2026 Tr\u00e4umen \u2026<\/li>\n<\/ul>\n<h2>\ud83d\udce6 Versand &amp; Service<\/h2>\n<ul>\n<li>Kostenloser Versand in Deutschland, Auslandsversand f\u00fcr eine geringe Pauschale<\/li>\n<li>Erfahrung aus weit \u00fcber 30.000 erfolgreichen Sendungen<\/li>\n<li>Ihre Zeitschrift wird sicher und liebevoll verpackt<\/li>\n<\/ul>\n<h2>\ud83c\udf0d Zustand der Zeitschrift<\/h2>\n<ul>\n<li>Gebraucht, weil gelesen, durchgebl\u00e4ttert oder gestapelt \ud83d\ude09 dem Alter angemessen gut bis sehr gut erhalten<\/li>\n<li>Alles original<\/li>\n<li>Es k\u00f6nnen Klebespuren von Abo-Adressaufklebern vorhanden sein<\/li>\n<\/ul>\n","protected":false},"excerpt":{"rendered":"<p>Exklusive Sammler\u2011Edition 2019: Hinter den Kulissen, Top\u2011Test\u2011R\u00fcckblick, Alpen\u2011Masters, Mofa\u2011Rennen, Backstage MotoGP, Holger Aue privat.<\/p>\n","protected":false},"featured_media":13485,"template":"","meta":{"iawp_total_views":2},"product_brand":[],"product_cat":[23],"product_tag":[3743,7132,7143,7293,7899,8106,8120,8141,8195,8196,1955],"class_list":{"0":"post-9053","1":"product","2":"type-product","3":"status-publish","4":"has-post-thumbnail","6":"product_cat-motorrad","7":"product_tag-honda-fireblade-sp","8":"product_tag-yamaha-tenere-700","9":"product_tag-triumph-speed-twin","10":"product_tag-aprilia-tuono-v4-1100-factory","11":"product_tag-kawasaki-h2-sx-se","12":"product_tag-ducati-hypermotard-950","13":"product_tag-zero-sr-f","14":"product_tag-ktm-790-adventure-r","15":"product_tag-holger-aue","16":"product_tag-indian-ftr-1200","17":"product_tag-ducati-916","19":"first","20":"instock","21":"sold-individually","22":"shipping-taxable","23":"purchasable","24":"product-type-simple"},"_links":{"self":[{"href":"https:\/\/motorrad-erinnerungen.de\/shop\/wp-json\/wp\/v2\/product\/9053","targetHints":{"allow":["GET"]}}],"collection":[{"href":"https:\/\/motorrad-erinnerungen.de\/shop\/wp-json\/wp\/v2\/product"}],"about":[{"href":"https:\/\/motorrad-erinnerungen.de\/shop\/wp-json\/wp\/v2\/types\/product"}],"wp:featuredmedia":[{"embeddable":true,"href":"https:\/\/motorrad-erinnerungen.de\/shop\/wp-json\/wp\/v2\/media\/13485"}],"wp:attachment":[{"href":"https:\/\/motorrad-erinnerungen.de\/shop\/wp-json\/wp\/v2\/media?parent=9053"}],"wp:term":[{"taxonomy":"product_brand","embeddable":true,"href":"https:\/\/motorrad-erinnerungen.de\/shop\/wp-json\/wp\/v2\/product_brand?post=9053"},{"taxonomy":"product_cat","embeddable":true,"href":"https:\/\/motorrad-erinnerungen.de\/shop\/wp-json\/wp\/v2\/product_cat?post=9053"},{"taxonomy":"product_tag","embeddable":true,"href":"https:\/\/motorrad-erinnerungen.de\/shop\/wp-json\/wp\/v2\/product_tag?post=9053"}],"curies":[{"name":"wp","href":"https:\/\/api.w.org\/{rel}","templated":true}]}}