{"id":9126,"date":"2025-10-06T10:33:34","date_gmt":"2025-10-06T08:33:34","guid":{"rendered":"https:\/\/motorrad-erinnerungen.de\/2026\/?post_type=product&#038;p=9126"},"modified":"2026-03-21T10:43:55","modified_gmt":"2026-03-21T09:43:55","slug":"ps-2-1986","status":"publish","type":"product","link":"https:\/\/motorrad-erinnerungen.de\/shop\/produkt\/ps-2-1986\/","title":{"rendered":"PS 2\/1986 \u2013 Fahrbericht Yamaha FJ 1200 , Dauertest Honda VF 1000 F II"},"content":{"rendered":"<p>Zum Kauf angeboten wird die <strong>Motorrad-Zeitung \u201ePS 2\/1986\u201c<\/strong>.<\/p>\n<h2>\ud83d\udccc Freuen Sie sich auf folgende Beitr\u00e4ge unter anderem zu:<\/h2>\n<ul>\n<li><b>Yamaha FJ 1200<\/b> \u2013 Fahrbericht, Titelthema<\/li>\n<li><strong>Honda VF 1000 F II<\/strong> &#8211; Dauertest, Abschlussbilanz nach 25000 Test-km<\/li>\n<li><strong>Yamaha XT 600 Z T\u00e9n\u00e9r\u00e9<\/strong> &#8211; Fahrbericht<\/li>\n<li><strong>Harley-Davidson Softail Custom<\/strong> &#8211; Test<\/li>\n<li><strong>Victoria Bergmeister<\/strong> &#8211; Veteran mit zwei Vergasern<\/li>\n<li><strong>Honda RVF 750<\/strong> &#8211; Fahrbericht und Technik<\/li>\n<li><strong>Honda CR 250 R vs. Husqvarna 250 CR vs. Kawasaki KX 250 vs. KTM 250 MX 86 vs. Maico GM Star 250 vs. Suzuki RM 250 vs. Yamaha YZ 250<\/strong> &#8211; Cross-Vergleichstest<\/li>\n<\/ul>\n<h2>\ud83d\udce6 Versand &amp; Service<\/h2>\n<ul>\n<li>\u2713 Kostenloser Versand in Deutschland, Auslandsversand f\u00fcr eine geringe Pauschale<\/li>\n<li>\u2713 Erfahrung aus \u00fcber 30.000 erfolgreichen Sendungen<\/li>\n<li>\u2713 Ihre Zeitschrift wird sicher und liebevoll verpackt<\/li>\n<\/ul>\n<h2>\ud83c\udf0d Zustand der Zeitschrift<\/h2>\n<p><strong>Gebraucht, weil gelesen, durchgebl\u00e4ttert oder gestapelt \ud83d\ude09<\/strong> dem Alter angemessen gut bis sehr gut erhalten. Alles original. Es k\u00f6nnen Klebespuren von Abo-Adressaufklebern vorhanden sein.<\/p>\n","protected":false},"excerpt":{"rendered":"<p>Zum Kauf angeboten wird die Motorrad-Zeitung \u201ePS 2\/1986\u201c. \ud83d\udccc Freuen Sie sich auf folgende Beitr\u00e4ge unter anderem zu: Yamaha FJ 1200 \u2013 Fahrbericht, Titelthema Honda VF 1000 F II &#8211; Dauertest, Abschlussbilanz nach 25000 Test-km Yamaha XT 600 Z T\u00e9n\u00e9r\u00e9 &#8211; Fahrbericht Harley-Davidson Softail Custom &#8211; Test Victoria Bergmeister &#8211; Veteran mit zwei Vergasern Honda [&hellip;]<\/p>\n","protected":false},"featured_media":13475,"template":"","meta":{"iawp_total_views":0},"product_brand":[],"product_cat":[28],"product_tag":[8247,1127,8248,1444,1451,1455,1459,1641,1649,1795,5554,8246,769],"class_list":{"0":"post-9126","1":"product","2":"type-product","3":"status-publish","4":"has-post-thumbnail","6":"product_cat-ps","7":"product_tag-ktm-250-mx-86","8":"product_tag-kawasaki-kx-250","9":"product_tag-maico-gm-star-250","10":"product_tag-honda-rvf-750","11":"product_tag-harley-davidson-softail-custom","12":"product_tag-yamaha-fj-1200","13":"product_tag-honda-vf-1000-f-ii","14":"product_tag-yamaha-xt-600-z-tenere","15":"product_tag-suzuki-rm-250","16":"product_tag-yamaha-yz-250","17":"product_tag-husqvarna-250-cr","18":"product_tag-victoria-bergmeister","19":"product_tag-honda-cr-250-r","21":"first","22":"instock","23":"shipping-taxable","24":"purchasable","25":"product-type-simple"},"_links":{"self":[{"href":"https:\/\/motorrad-erinnerungen.de\/shop\/wp-json\/wp\/v2\/product\/9126","targetHints":{"allow":["GET"]}}],"collection":[{"href":"https:\/\/motorrad-erinnerungen.de\/shop\/wp-json\/wp\/v2\/product"}],"about":[{"href":"https:\/\/motorrad-erinnerungen.de\/shop\/wp-json\/wp\/v2\/types\/product"}],"wp:featuredmedia":[{"embeddable":true,"href":"https:\/\/motorrad-erinnerungen.de\/shop\/wp-json\/wp\/v2\/media\/13475"}],"wp:attachment":[{"href":"https:\/\/motorrad-erinnerungen.de\/shop\/wp-json\/wp\/v2\/media?parent=9126"}],"wp:term":[{"taxonomy":"product_brand","embeddable":true,"href":"https:\/\/motorrad-erinnerungen.de\/shop\/wp-json\/wp\/v2\/product_brand?post=9126"},{"taxonomy":"product_cat","embeddable":true,"href":"https:\/\/motorrad-erinnerungen.de\/shop\/wp-json\/wp\/v2\/product_cat?post=9126"},{"taxonomy":"product_tag","embeddable":true,"href":"https:\/\/motorrad-erinnerungen.de\/shop\/wp-json\/wp\/v2\/product_tag?post=9126"}],"curies":[{"name":"wp","href":"https:\/\/api.w.org\/{rel}","templated":true}]}}