{"id":9137,"date":"2025-10-06T11:56:53","date_gmt":"2025-10-06T09:56:53","guid":{"rendered":"https:\/\/motorrad-erinnerungen.de\/2026\/?post_type=product&#038;p=9137"},"modified":"2026-03-21T10:41:45","modified_gmt":"2026-03-21T09:41:45","slug":"ps-2-1987-spezialtest-yamaha-srx-600-vergleich-suzuki-rg-250-gamma-vs-yamaha-tzr-250","status":"publish","type":"product","link":"https:\/\/motorrad-erinnerungen.de\/shop\/produkt\/ps-2-1987-spezialtest-yamaha-srx-600-vergleich-suzuki-rg-250-gamma-vs-yamaha-tzr-250\/","title":{"rendered":"PS 2\/1987 \u2013 Spezialtest Yamaha SRX 600, Vergleich Suzuki RG 250 Gamma vs. Yamaha TZR 250"},"content":{"rendered":"<p>Zum Kauf angeboten wird die <strong>Motorrad-Zeitung \u201ePS 2\/1987\u201c<\/strong>.<\/p>\n<h2>\ud83d\udccc Freuen Sie sich auf folgende Beitr\u00e4ge unter anderem zu:<\/h2>\n<ul>\n<li><b>Honda CBR 1000 F, 600 F und XL 600 V Transalp <\/b>\u2013 Fahrberichte, Titelthema<\/li>\n<li><strong>Suzuki RG 250 Gamma vs. Yamaha TZR 250<\/strong> &#8211; Vergleichstest<\/li>\n<li><strong>Yamaha SRX 600<\/strong> &#8211; Spezialtest<\/li>\n<li><strong>Kawasaki GPZ 750<\/strong> &#8211; Gebrauchte des Monats<\/li>\n<li><strong>Honda XL 600 LM vs. Kawasaki KLR 650 vs. Suzuki DR 600 R Dakar vs. Yamaha XT 600 Z T\u00e9n\u00e9r\u00e9<\/strong> &#8211; Vergleichstest<\/li>\n<li><strong>Derbi 80<\/strong> &#8211; Rennmaschine<\/li>\n<\/ul>\n<h2>\ud83d\udce6 Versand &amp; Service<\/h2>\n<ul>\n<li>\u2713 Kostenloser Versand in Deutschland, Auslandsversand f\u00fcr eine geringe Pauschale<\/li>\n<li>\u2713 Erfahrung aus \u00fcber 30.000 erfolgreichen Sendungen<\/li>\n<li>\u2713 Ihre Zeitschrift wird sicher und liebevoll verpackt<\/li>\n<\/ul>\n<h2>\ud83c\udf0d Zustand der Zeitschrift<\/h2>\n<p><strong>Gebraucht, weil gelesen, durchgebl\u00e4ttert oder gestapelt \ud83d\ude09<\/strong> dem Alter angemessen gut bis sehr gut erhalten. Alles original. Es k\u00f6nnen Klebespuren von Abo-Adressaufklebern vorhanden sein.<\/p>\n","protected":false},"excerpt":{"rendered":"<p>Zum Kauf angeboten wird die Motorrad-Zeitung \u201ePS 2\/1987\u201c. \ud83d\udccc Freuen Sie sich auf folgende Beitr\u00e4ge unter anderem zu: Honda CBR 1000 F, 600 F und XL 600 V Transalp \u2013 Fahrberichte, Titelthema Suzuki RG 250 Gamma vs. Yamaha TZR 250 &#8211; Vergleichstest Yamaha SRX 600 &#8211; Spezialtest Kawasaki GPZ 750 &#8211; Gebrauchte des Monats Honda [&hellip;]<\/p>\n","protected":false},"featured_media":13469,"template":"","meta":{"iawp_total_views":0},"product_brand":[],"product_cat":[28],"product_tag":[1425,1474,1482,1515,1551,1554,1555,1641,1091,8264,1204,1409],"class_list":{"0":"post-9137","1":"product","2":"type-product","3":"status-publish","4":"has-post-thumbnail","6":"product_cat-ps","7":"product_tag-honda-xl-600-lm","8":"product_tag-suzuki-dr-600-r-dakar","9":"product_tag-yamaha-tzr-250","10":"product_tag-kawasaki-klr-650","11":"product_tag-honda-xl-600-v-transalp","12":"product_tag-honda-cbr-1000-f","13":"product_tag-honda-cbr-600-f","14":"product_tag-yamaha-xt-600-z-tenere","15":"product_tag-kawasaki-gpz-750","16":"product_tag-derbi-80","17":"product_tag-suzuki-rg-250-gamma","18":"product_tag-yamaha-srx-600","20":"first","21":"instock","22":"shipping-taxable","23":"purchasable","24":"product-type-simple"},"_links":{"self":[{"href":"https:\/\/motorrad-erinnerungen.de\/shop\/wp-json\/wp\/v2\/product\/9137","targetHints":{"allow":["GET"]}}],"collection":[{"href":"https:\/\/motorrad-erinnerungen.de\/shop\/wp-json\/wp\/v2\/product"}],"about":[{"href":"https:\/\/motorrad-erinnerungen.de\/shop\/wp-json\/wp\/v2\/types\/product"}],"wp:featuredmedia":[{"embeddable":true,"href":"https:\/\/motorrad-erinnerungen.de\/shop\/wp-json\/wp\/v2\/media\/13469"}],"wp:attachment":[{"href":"https:\/\/motorrad-erinnerungen.de\/shop\/wp-json\/wp\/v2\/media?parent=9137"}],"wp:term":[{"taxonomy":"product_brand","embeddable":true,"href":"https:\/\/motorrad-erinnerungen.de\/shop\/wp-json\/wp\/v2\/product_brand?post=9137"},{"taxonomy":"product_cat","embeddable":true,"href":"https:\/\/motorrad-erinnerungen.de\/shop\/wp-json\/wp\/v2\/product_cat?post=9137"},{"taxonomy":"product_tag","embeddable":true,"href":"https:\/\/motorrad-erinnerungen.de\/shop\/wp-json\/wp\/v2\/product_tag?post=9137"}],"curies":[{"name":"wp","href":"https:\/\/api.w.org\/{rel}","templated":true}]}}