{"id":9405,"date":"2025-10-13T19:36:39","date_gmt":"2025-10-13T17:36:39","guid":{"rendered":"https:\/\/motorrad-erinnerungen.de\/2026\/produkt\/motorrad-13-2021-roadster-vergleich-harley-davidson-pan-america-super-sportler\/"},"modified":"2025-10-13T20:13:17","modified_gmt":"2025-10-13T18:13:17","slug":"motorrad-13-2021-roadster-vergleich-harley-davidson-pan-america-super-sportler","status":"publish","type":"product","link":"https:\/\/motorrad-erinnerungen.de\/shop\/produkt\/motorrad-13-2021-roadster-vergleich-harley-davidson-pan-america-super-sportler\/","title":{"rendered":"MOTORRAD 13\/2021 \u2013 Harley-Davidson Pan America, Test BMW M 1000 RR"},"content":{"rendered":"<p>Hier kann die Zeitschrift <strong>MOTORRAD 13\/2021<\/strong> vom 11.6.2021 erworben werden.<\/p>\n<h2>\ud83d\udccc <strong>Freuen Sie sich auf folgende Titelthemen<\/strong><\/h2>\n<ul>\n<li><strong>BMW F 900 R<\/strong>, <strong>Ducati Monster<\/strong>, <strong>Kawasaki Z 900<\/strong>, <strong>KTM 890 Duke<\/strong>, <strong>Triumph Street Triple R<\/strong>, <strong>Yamaha MT-09<\/strong>: Gro\u00dfer Roadster-Vergleich<\/li>\n<li><strong>Harley-Davidson Pan America<\/strong>: Top-Test<\/li>\n<li><strong>Yamaha R7<\/strong>, <strong>Suzuki GSX-S 1000<\/strong>, <strong>Kawasaki Ninja 700<\/strong>, <strong>KTM RC 890<\/strong>: Neuheiten Super-Sportler<\/li>\n<li><strong>Kaufberatung: Gep\u00e4cksysteme f\u00fcr Sportler<\/strong><\/li>\n<\/ul>\n<h2>\u2795 <strong>Weitere Tests &amp; Highlights<\/strong><\/h2>\n<ul>\n<li><strong>BMW M 1000 RR<\/strong>: zeigt auf dem Racetrack ihre wahren Qualit\u00e4ten, Test<\/li>\n<li><strong>Suzuki GSX 1400<\/strong>: Erinnerungen<\/li>\n<li><strong>Honda NC 750 X alt\/neu<\/strong>: 2021 Facelift vs. die 2020er<\/li>\n<li><strong>alpha Technik-Yamaha T\u00e9n\u00e9r\u00e9 700<\/strong>: Vorstellung im Test kompakt<\/li>\n<li>Gebrauchtkauf-Check: Exoten zu Top-Preisen<\/li>\n<\/ul>\n<h2>\ud83d\udca1 <strong>Tipp<\/strong><\/h2>\n<ul>\n<li>Eine Motorrad-Zeitschrift kann auch eine willkommene \u00dcberraschung f\u00fcr Motorrad-\/Rollerfans sein \u2026 zum Verschenken von Erinnerungen \u2026 Tr\u00e4umen \u2026<\/li>\n<\/ul>\n<h2>\ud83d\udce6 <strong>Versand &amp; Service<\/strong><\/h2>\n<ul>\n<li>Kostenloser Versand in Deutschland, Auslandsversand f\u00fcr eine geringe Pauschale<\/li>\n<li>Erfahrung aus weit \u00fcber 30.000 erfolgreichen Sendungen<\/li>\n<li>Ihre Zeitschrift wird sicher und liebevoll verpackt<\/li>\n<\/ul>\n<h2>\ud83c\udf0d <strong>Zustand der Zeitschrift<\/strong><\/h2>\n<ul>\n<li>Gebraucht, weil gelesen, durchgebl\u00e4ttert oder gestapelt \ud83d\ude09 insgesamt sehr ordentlich erhalten<\/li>\n<li>Alles original, daher k\u00f6nnen Klebespuren von Abo-Adressaufklebern vorhanden sein<\/li>\n<\/ul>\n","protected":false},"excerpt":{"rendered":"<p>Gro\u00dfer Roadster-Vergleichstest: BMW F 900 R, Ducati Monster, Z 900, KTM Duke, Triumph, Yamaha &#8230; plus Top-Test Harley-Davidson Pan America!<\/p>\n","protected":false},"featured_media":9420,"template":"","meta":{"iawp_total_views":1},"product_brand":[],"product_cat":[23],"product_tag":[8623,3699,8624,5442,8625,6053,8165,8469,8593,8613,8614,2013,8615,2475,8616,3172],"class_list":{"0":"post-9405","1":"product","2":"type-product","3":"status-publish","4":"has-post-thumbnail","6":"product_cat-motorrad","7":"product_tag-kaufberatung-gepaecksysteme-fuer-sportler","8":"product_tag-yamaha-mt-09","9":"product_tag-honda-nc-750-x-alt-neu","10":"product_tag-ducati-monster","11":"product_tag-alpha-technik-yamaha-tenere-700","12":"product_tag-suzuki-gsx-s-1000","13":"product_tag-bmw-f-900-r","14":"product_tag-bmw-m-1000-rr","15":"product_tag-ktm-890-duke","16":"product_tag-harley-davidson-pan-america","17":"product_tag-yamaha-r7","18":"product_tag-kawasaki-z-900","19":"product_tag-kawasaki-ninja-700","20":"product_tag-suzuki-gsx-1400","21":"product_tag-ktm-rc-890","22":"product_tag-triumph-street-triple-r","24":"first","25":"instock","26":"sold-individually","27":"shipping-taxable","28":"purchasable","29":"product-type-simple"},"_links":{"self":[{"href":"https:\/\/motorrad-erinnerungen.de\/shop\/wp-json\/wp\/v2\/product\/9405","targetHints":{"allow":["GET"]}}],"collection":[{"href":"https:\/\/motorrad-erinnerungen.de\/shop\/wp-json\/wp\/v2\/product"}],"about":[{"href":"https:\/\/motorrad-erinnerungen.de\/shop\/wp-json\/wp\/v2\/types\/product"}],"wp:featuredmedia":[{"embeddable":true,"href":"https:\/\/motorrad-erinnerungen.de\/shop\/wp-json\/wp\/v2\/media\/9420"}],"wp:attachment":[{"href":"https:\/\/motorrad-erinnerungen.de\/shop\/wp-json\/wp\/v2\/media?parent=9405"}],"wp:term":[{"taxonomy":"product_brand","embeddable":true,"href":"https:\/\/motorrad-erinnerungen.de\/shop\/wp-json\/wp\/v2\/product_brand?post=9405"},{"taxonomy":"product_cat","embeddable":true,"href":"https:\/\/motorrad-erinnerungen.de\/shop\/wp-json\/wp\/v2\/product_cat?post=9405"},{"taxonomy":"product_tag","embeddable":true,"href":"https:\/\/motorrad-erinnerungen.de\/shop\/wp-json\/wp\/v2\/product_tag?post=9405"}],"curies":[{"name":"wp","href":"https:\/\/api.w.org\/{rel}","templated":true}]}}