{"id":9499,"date":"2025-10-15T13:03:48","date_gmt":"2025-10-15T11:03:48","guid":{"rendered":"https:\/\/motorrad-erinnerungen.de\/2026\/produkt\/motorrad-01-2022-reisen-abenteuer-tourer-test\/"},"modified":"2025-10-15T13:24:34","modified_gmt":"2025-10-15T11:24:34","slug":"motorrad-01-2022-reisen-abenteuer-tourer-test","status":"publish","type":"product","link":"https:\/\/motorrad-erinnerungen.de\/shop\/produkt\/motorrad-01-2022-reisen-abenteuer-tourer-test\/","title":{"rendered":"MOTORRAD 01\/2022 \u2013 Reisen &#038; Abenteuer, Top-Test Yamaha R7"},"content":{"rendered":"<p>Hier kann die Zeitschrift <strong>MOTORRAD 01\/2022<\/strong> vom 24.12.2021 erworben werden.<\/p>\n<h2>\ud83d\udccc <strong>Freuen Sie sich auf folgende Titelthemen<\/strong><\/h2>\n<ul>\n<li><strong>Reisen &amp; Abenteuer:<\/strong> Das gro\u00dfe MOTORRAD-Sonderthema, ein Thema u.a.:<\/li>\n<li><strong>Honda CRF 1000 L Africa Twin, Yamaha T\u00e9n\u00e9r\u00e9 700, KTM 790 Adventure R<\/strong>: damit offfroad nach Sarajevo<\/li>\n<li><strong>Yamaha R7:<\/strong> Top-Test<\/li>\n<li><strong>BMW R 1250 RS, Kawasaki Versys 1000 S Tourer, Suzuki V-Strom 1050 XT:<\/strong> Vergleichstest Tourer<\/li>\n<li><strong>Triumph Tiger Sport 660:<\/strong> Fahrbericht<\/li>\n<li><strong>KTM 990 Duke:<\/strong> Erlk\u00f6nig erwischt<\/li>\n<\/ul>\n<h2>\u2795 <strong>Weitere Tests &amp; Highlights<\/strong><\/h2>\n<ul>\n<li><strong>Ducati Multistrada V4 S vs. Harley-Davidson Pan America 1250:<\/strong> Alpenchallenge-Konzeptvergleich<\/li>\n<\/ul>\n<h2>\ud83d\udca1 <strong>Tipp<\/strong><\/h2>\n<ul>\n<li>Eine Motorrad-Zeitschrift kann auch eine willkommene \u00dcberraschung f\u00fcr Motorrad-\/Rollerfans sein \u2026 zum Verschenken von Erinnerungen \u2026 Tr\u00e4umen \u2026<\/li>\n<\/ul>\n<h2>\ud83d\udce6 <strong>Versand &amp; Service<\/strong><\/h2>\n<ul>\n<li>Kostenloser Versand in Deutschland, Auslandsversand f\u00fcr eine geringe Pauschale<\/li>\n<li>Wir haben Erfahrung aus weit \u00fcber 30.000 erfolgreichen Sendungen<\/li>\n<li>Ihre Zeitschrift wird sicher und liebevoll verpackt<\/li>\n<\/ul>\n<h2>\ud83c\udf0d <strong>Zustand der Zeitschrift<\/strong><\/h2>\n<ul>\n<li>Gebraucht, weil gelesen, durchgebl\u00e4ttert oder gestapelt \ud83d\ude09 insgesamt sehr ordentlich erhalten<\/li>\n<li>Alles original, daher k\u00f6nnen Klebespuren von Abo-Adressaufklebern vorhanden sein<\/li>\n<\/ul>\n","protected":false},"excerpt":{"rendered":"<p>Sonderthema: Reisen &amp; Abenteuer mit den richtigen Bikes und Ausr\u00fcstung. Top-Test Yamaha R7, Vergleichstest Tourer: BMW R 1250 RS, Kawasaki Versys 1000 S Tourer, Suzuki V-Strom 1050 XT. Fahrbericht: Triumph Tiger Sport 660.<\/p>\n","protected":false},"featured_media":9503,"template":"","meta":{"iawp_total_views":0},"product_brand":[],"product_cat":[23],"product_tag":[8141,8596,8614,8631,8655,3813,8687,7132,8704,7159,8705,7166,7192,7285],"class_list":{"0":"post-9499","1":"product","2":"type-product","3":"status-publish","4":"has-post-thumbnail","6":"product_cat-motorrad","7":"product_tag-ktm-790-adventure-r","8":"product_tag-harley-davidson-pan-america-1250","9":"product_tag-yamaha-r7","10":"product_tag-harley-davidson-sportster-s","11":"product_tag-triumph-tiger-sport-660","12":"product_tag-bmw-s-1000-xr","13":"product_tag-ducati-streetfighter-v2","14":"product_tag-yamaha-tenere-700","15":"product_tag-kawasaki-versys-1000-s-tourer","16":"product_tag-bmw-r-1250-rs","17":"product_tag-ktm-990-duke","18":"product_tag-suzuki-v-strom-1050-xt","19":"product_tag-ducati-multistrada-v4-s","20":"product_tag-honda-crf-1000-l-africa-twin","22":"first","23":"instock","24":"sold-individually","25":"shipping-taxable","26":"purchasable","27":"product-type-simple"},"_links":{"self":[{"href":"https:\/\/motorrad-erinnerungen.de\/shop\/wp-json\/wp\/v2\/product\/9499","targetHints":{"allow":["GET"]}}],"collection":[{"href":"https:\/\/motorrad-erinnerungen.de\/shop\/wp-json\/wp\/v2\/product"}],"about":[{"href":"https:\/\/motorrad-erinnerungen.de\/shop\/wp-json\/wp\/v2\/types\/product"}],"wp:featuredmedia":[{"embeddable":true,"href":"https:\/\/motorrad-erinnerungen.de\/shop\/wp-json\/wp\/v2\/media\/9503"}],"wp:attachment":[{"href":"https:\/\/motorrad-erinnerungen.de\/shop\/wp-json\/wp\/v2\/media?parent=9499"}],"wp:term":[{"taxonomy":"product_brand","embeddable":true,"href":"https:\/\/motorrad-erinnerungen.de\/shop\/wp-json\/wp\/v2\/product_brand?post=9499"},{"taxonomy":"product_cat","embeddable":true,"href":"https:\/\/motorrad-erinnerungen.de\/shop\/wp-json\/wp\/v2\/product_cat?post=9499"},{"taxonomy":"product_tag","embeddable":true,"href":"https:\/\/motorrad-erinnerungen.de\/shop\/wp-json\/wp\/v2\/product_tag?post=9499"}],"curies":[{"name":"wp","href":"https:\/\/api.w.org\/{rel}","templated":true}]}}