{"id":9515,"date":"2025-10-15T16:27:55","date_gmt":"2025-10-15T14:27:55","guid":{"rendered":"https:\/\/motorrad-erinnerungen.de\/2026\/produkt\/motorrad-05-2022-vergleichstest-superhandliche-reise-enduros\/"},"modified":"2025-10-15T16:41:00","modified_gmt":"2025-10-15T14:41:00","slug":"motorrad-05-2022-vergleichstest-superhandliche-reise-enduros","status":"publish","type":"product","link":"https:\/\/motorrad-erinnerungen.de\/shop\/produkt\/motorrad-05-2022-vergleichstest-superhandliche-reise-enduros\/","title":{"rendered":"MOTORRAD 05\/2022 \u2013 TopTest Triumph Tiger Sport 660"},"content":{"rendered":"<p>Hier kann die Zeitschrift <strong>MOTORRAD 05\/2022<\/strong> vom 18.2.2022 erworben werden.<\/p>\n<h2>\ud83d\udccc <strong>Freuen Sie sich auf folgende Titelthemen<\/strong><\/h2>\n<ul>\n<li><strong>Aprilia Tuareg 660, BMW F 750 GS, Yamaha T\u00e9n\u00e9r\u00e9 700:<\/strong> Vergleichstest superhandliche Reise-Enduros<\/li>\n<li><strong>Ducati Panigale V4 S:<\/strong> Vergleich alt gegen neu<\/li>\n<li><strong>Triumph Tiger Sport 660:<\/strong> Top-Test<\/li>\n<li><strong>BMW K 1600 GT:<\/strong> Erster Fahrbericht<\/li>\n<li><strong>Honda CB 650 F\/R:<\/strong> Top-Gebrauchte<\/li>\n<\/ul>\n<h2>\u2795 <strong>Weitere Tests &amp; Highlights<\/strong><\/h2>\n<ul>\n<li><strong>KTM RC 390 vs. Yamaha R3<\/strong>: Nachwuchs-Racer im Vergleichstest<\/li>\n<li><strong>Suzuki GSX 1200<\/strong>: Erinnerungen an die Inazuma-Suzi<\/li>\n<li><strong>Racefoxx-BMW R 18<\/strong>: die Dicke wurde getunt<\/li>\n<li><strong>Technik, Service, Fitness:<\/strong> Fit in die Motorradsaison 2022<\/li>\n<\/ul>\n<h2>\ud83d\udca1 <strong>Tipp<\/strong><\/h2>\n<ul>\n<li>Eine Motorrad-Zeitschrift kann auch eine willkommene \u00dcberraschung f\u00fcr Motorradfans sein \u2026 zum Verschenken von Erinnerungen \u2026 Tr\u00e4umen \u2026<\/li>\n<\/ul>\n<h2>\ud83d\udce6 <strong>Versand &amp; Service<\/strong><\/h2>\n<ul>\n<li>Kostenloser Versand in Deutschland, Auslandsversand f\u00fcr eine geringe Pauschale<\/li>\n<li>Wir haben Erfahrung aus weit \u00fcber 30.000 erfolgreichen Sendungen<\/li>\n<li>Ihre Zeitschrift wird sicher und liebevoll verpackt<\/li>\n<\/ul>\n<h2>\ud83c\udf0d <strong>Zustand der Zeitschrift<\/strong><\/h2>\n<ul>\n<li>Gebraucht, weil gelesen, durchgebl\u00e4ttert oder gestapelt \ud83d\ude09 insgesamt sehr ordentlich erhalten<\/li>\n<li>Alles original, daher k\u00f6nnen Klebespuren von Abo-Adressaufklebern vorhanden sein<\/li>\n<\/ul>\n","protected":false},"excerpt":{"rendered":"<p>Vergleichstest superhandliche Reise-Enduros: Aprilia Tuareg 660, BMW F 750 GS, Yamaha T\u00e9n\u00e9r\u00e9 700. Vergleich Ducati Panigale V4 S (alt gegen neu), Top-Test Triumph Tiger Sport 660, erster Fahrbericht BMW K 1600 GT. Gebraucht-Hit: Honda CB 650 F\/R.<\/p>\n","protected":false},"featured_media":9523,"template":"","meta":{"iawp_total_views":2},"product_brand":[],"product_cat":[23],"product_tag":[8094,8655,2325,8719,3427,3769,3802,4114,7122,7132,7201,7568],"class_list":{"0":"post-9515","1":"product","2":"type-product","3":"status-publish","4":"has-post-thumbnail","6":"product_cat-motorrad","7":"product_tag-honda-cb-650-r","8":"product_tag-triumph-tiger-sport-660","9":"product_tag-suzuki-gsx-1200","10":"product_tag-racefoxx-bmw-r-18","11":"product_tag-bmw-k-1600-gt","12":"product_tag-honda-cb-650-f","13":"product_tag-ktm-rc-390","14":"product_tag-yamaha-r3","15":"product_tag-bmw-f-750-gs","16":"product_tag-yamaha-tenere-700","17":"product_tag-aprilia-tuareg-660","18":"product_tag-ducati-panigale-v4-s","20":"first","21":"instock","22":"sold-individually","23":"shipping-taxable","24":"purchasable","25":"product-type-simple"},"_links":{"self":[{"href":"https:\/\/motorrad-erinnerungen.de\/shop\/wp-json\/wp\/v2\/product\/9515","targetHints":{"allow":["GET"]}}],"collection":[{"href":"https:\/\/motorrad-erinnerungen.de\/shop\/wp-json\/wp\/v2\/product"}],"about":[{"href":"https:\/\/motorrad-erinnerungen.de\/shop\/wp-json\/wp\/v2\/types\/product"}],"wp:featuredmedia":[{"embeddable":true,"href":"https:\/\/motorrad-erinnerungen.de\/shop\/wp-json\/wp\/v2\/media\/9523"}],"wp:attachment":[{"href":"https:\/\/motorrad-erinnerungen.de\/shop\/wp-json\/wp\/v2\/media?parent=9515"}],"wp:term":[{"taxonomy":"product_brand","embeddable":true,"href":"https:\/\/motorrad-erinnerungen.de\/shop\/wp-json\/wp\/v2\/product_brand?post=9515"},{"taxonomy":"product_cat","embeddable":true,"href":"https:\/\/motorrad-erinnerungen.de\/shop\/wp-json\/wp\/v2\/product_cat?post=9515"},{"taxonomy":"product_tag","embeddable":true,"href":"https:\/\/motorrad-erinnerungen.de\/shop\/wp-json\/wp\/v2\/product_tag?post=9515"}],"curies":[{"name":"wp","href":"https:\/\/api.w.org\/{rel}","templated":true}]}}