{"id":9516,"date":"2025-10-15T16:27:55","date_gmt":"2025-10-15T14:27:55","guid":{"rendered":"https:\/\/motorrad-erinnerungen.de\/2026\/produkt\/motorrad-06-2022-vergleichstest-crossover-bikes\/"},"modified":"2026-03-21T18:30:10","modified_gmt":"2026-03-21T17:30:10","slug":"motorrad-06-2022-vergleichstest-crossover-bikes","status":"publish","type":"product","link":"https:\/\/motorrad-erinnerungen.de\/shop\/produkt\/motorrad-06-2022-vergleichstest-crossover-bikes\/","title":{"rendered":"MOTORRAD 06\/2022 \u2013 Top-Test Triumph Speed Triple R"},"content":{"rendered":"<p>Hier kann die Zeitschrift <strong>MOTORRAD 06\/2022<\/strong> vom 4.3.2022 erworben werden.<\/p>\n<h2>\ud83d\udccc <strong>Freuen Sie sich auf folgende Titelthemen<\/strong><\/h2>\n<ul>\n<li><strong>Kawasaki Versys 650, Triumph Tiger Sport 660, Yamaha Tracer 7 GT:<\/strong> Vergleichstest Crossover-Bikes<\/li>\n<li><strong>Triumph Speed Triple RR:<\/strong> Top-Test<\/li>\n<li><strong>Aprilia Tuareg 660\/Yamaha T\u00e9n\u00e9r\u00e9 700:<\/strong> Offroad-Vergleich<\/li>\n<li><strong>Indian Pursuit Dark Horse und Limited:<\/strong> Neuheit<\/li>\n<li><strong>Yamaha T\u00e9n\u00e9r\u00e9 700 World Raid<\/strong>: Neuheit<\/li>\n<\/ul>\n<h2>\u2795 <strong>Weitere Tests &amp; Highlights<\/strong><\/h2>\n<ul>\n<li><strong>Ducati Streetfighter<\/strong>: Standard oder S? Tipps f\u00fcr den Gebrauchtkauf<\/li>\n<li><strong>Reifentest 2022, Teil 1:<\/strong> Sportreifen, mit Nassgrip und Verschlei\u00df<\/li>\n<li><strong>Silvretta-Hochalpenstra\u00dfe:<\/strong> Pass-Portr\u00e4t<\/li>\n<li><strong>150 Seiten Saisonstart-Ausgabe<\/strong><\/li>\n<\/ul>\n<h2>\ud83d\udca1 <strong>Tipp<\/strong><\/h2>\n<ul>\n<li>Eine Motorrad-Zeitschrift kann auch eine willkommene \u00dcberraschung f\u00fcr Motorradfans sein \u2026 zum Verschenken von Erinnerungen \u2026 Tr\u00e4umen \u2026<\/li>\n<\/ul>\n<h2>\ud83d\udce6 <strong>Versand &amp; Service<\/strong><\/h2>\n<ul>\n<li>Kostenloser Versand in Deutschland, Auslandsversand f\u00fcr eine geringe Pauschale<\/li>\n<li>Wir haben Erfahrung aus weit \u00fcber 30.000 erfolgreichen Sendungen<\/li>\n<li>Ihre Zeitschrift wird sicher und liebevoll verpackt<\/li>\n<\/ul>\n<h2>\ud83c\udf0d <strong>Zustand der Zeitschrift<\/strong><\/h2>\n<ul>\n<li>Gebraucht, weil gelesen, durchgebl\u00e4ttert oder gestapelt \ud83d\ude09 insgesamt sehr ordentlich erhalten<\/li>\n<li>Alles original, daher k\u00f6nnen Klebespuren von Abo-Adressaufklebern vorhanden sein<\/li>\n<\/ul>\n","protected":false},"excerpt":{"rendered":"<p>Vergleichstest Crossover-Bikes: Kawasaki Versys 650, Triumph Tiger Sport 660, Yamaha Tracer 7 GT. Top-Test Triumph Speed Triple RR, Offroad-Test Aprilia Tuareg 660\/Yamaha T\u00e9n\u00e9r\u00e9 700 World Raid, Reifentest und Neuheiten.<\/p>\n","protected":false},"featured_media":9525,"template":"","meta":{"iawp_total_views":2},"product_brand":[],"product_cat":[23],"product_tag":[3563,6021,7132,7201,8655,8674,8710,8711],"class_list":{"0":"post-9516","1":"product","2":"type-product","3":"status-publish","4":"has-post-thumbnail","6":"product_cat-motorrad","7":"product_tag-ducati-streetfighter","8":"product_tag-kawasaki-versys-650","9":"product_tag-yamaha-tenere-700","10":"product_tag-aprilia-tuareg-660","11":"product_tag-triumph-tiger-sport-660","12":"product_tag-yamaha-tracer-7-gt","13":"product_tag-triumph-speed-triple-rr","14":"product_tag-indian-pursuit-dark-horse","16":"first","17":"instock","18":"sold-individually","19":"shipping-taxable","20":"purchasable","21":"product-type-simple"},"_links":{"self":[{"href":"https:\/\/motorrad-erinnerungen.de\/shop\/wp-json\/wp\/v2\/product\/9516","targetHints":{"allow":["GET"]}}],"collection":[{"href":"https:\/\/motorrad-erinnerungen.de\/shop\/wp-json\/wp\/v2\/product"}],"about":[{"href":"https:\/\/motorrad-erinnerungen.de\/shop\/wp-json\/wp\/v2\/types\/product"}],"wp:featuredmedia":[{"embeddable":true,"href":"https:\/\/motorrad-erinnerungen.de\/shop\/wp-json\/wp\/v2\/media\/9525"}],"wp:attachment":[{"href":"https:\/\/motorrad-erinnerungen.de\/shop\/wp-json\/wp\/v2\/media?parent=9516"}],"wp:term":[{"taxonomy":"product_brand","embeddable":true,"href":"https:\/\/motorrad-erinnerungen.de\/shop\/wp-json\/wp\/v2\/product_brand?post=9516"},{"taxonomy":"product_cat","embeddable":true,"href":"https:\/\/motorrad-erinnerungen.de\/shop\/wp-json\/wp\/v2\/product_cat?post=9516"},{"taxonomy":"product_tag","embeddable":true,"href":"https:\/\/motorrad-erinnerungen.de\/shop\/wp-json\/wp\/v2\/product_tag?post=9516"}],"curies":[{"name":"wp","href":"https:\/\/api.w.org\/{rel}","templated":true}]}}