{"id":9587,"date":"2025-10-15T22:17:47","date_gmt":"2025-10-15T20:17:47","guid":{"rendered":"https:\/\/motorrad-erinnerungen.de\/2026\/produkt\/motorrad-16-2022-yamaha-tenere-900-alpen-masters-haertetest\/"},"modified":"2026-03-21T10:57:43","modified_gmt":"2026-03-21T09:57:43","slug":"motorrad-16-2022-yamaha-tenere-900-alpen-masters-haertetest","status":"publish","type":"product","link":"https:\/\/motorrad-erinnerungen.de\/shop\/produkt\/motorrad-16-2022-yamaha-tenere-900-alpen-masters-haertetest\/","title":{"rendered":"MOTORRAD 16\/2022 \u2013 Yamaha T\u00e9n\u00e9r\u00e9 900 &#038; Alpen Masters 2022, Teil 2"},"content":{"rendered":"<p>Hier kann die Zeitschrift <strong>MOTORRAD 16\/2022<\/strong> vom 22.7.2022 erworben werden.<\/p>\n<h2>\ud83d\udccc <strong>Freuen Sie sich auf folgende Titelthemen<\/strong><\/h2>\n<ul>\n<li><strong>Yamaha T\u00e9n\u00e9r\u00e9 900:<\/strong> Neu f\u00fcr 2023<\/li>\n<li><strong>Yamaha T\u00e9n\u00e9r\u00e9 700 vs. T\u00e9n\u00e9r\u00e9 700 World Raid:<\/strong> Vergleichstest<\/li>\n<li><strong>Ducati Scrambler-Reihe:<\/strong> Exklusiver Gebrauchtkauf-Tipp<\/li>\n<li><strong>Yamaha SR 500<\/strong>: Erinnerungen an das Kult-Motorrad<\/li>\n<\/ul>\n<h2>\u2795 <strong>Weitere Tests &amp; Highlights<\/strong><\/h2>\n<ul>\n<li><strong>Alpen-Masters 2022<\/strong>, Teil 2, mit dabei:<\/li>\n<li><strong>CFMoto 650 MT, Triumph Tiger Sport 660:<\/strong> Crossover<\/li>\n<li><strong>BMW K 1600 GT, Honda Gold Wing Tour DCT:<\/strong> Big Tourer<\/li>\n<li><strong>Ducati DesertX, Husqvarna Norden 901:<\/strong> Mid Adventure<\/li>\n<li><strong>Triumph Speed Triple 1200 RS, Yamaha MT-10:<\/strong> Power Nakeds<\/li>\n<\/ul>\n<h2>\ud83d\udce6 <strong>Versand &amp; Service<\/strong><\/h2>\n<ul>\n<li>Kostenloser Versand in Deutschland, Auslandsversand f\u00fcr eine geringe Pauschale<\/li>\n<li>Langj\u00e4hrige Versand-Erfahrung mit \u00fcber 30.000 erfolgreichen Sendungen<\/li>\n<li>Sichere und liebevolle Verpackung<\/li>\n<\/ul>\n<h2>\ud83c\udf0d <strong>Zustand der Zeitschrift<\/strong><\/h2>\n<ul>\n<li>Gebraucht, insgesamt sehr ordentlich erhalten<\/li>\n<li>Alles original, deshalb k\u00f6nnen Klebespuren von Abo-Adressaufklebern vorhanden sein<\/li>\n<\/ul>\n","protected":false},"excerpt":{"rendered":"<p>Gro\u00dfer H\u00e4rtetest: 8 Bikes im Alpen Masters! Yamaha T\u00e9n\u00e9r\u00e9 900 als Neuheit f\u00fcr 2023, Vergleichstest Adventure- und Cross-Over-Bikes sowie exklusive Gebrauchtkauf-Tipps zur Ducati-Scrambler-Reihe.<\/p>\n","protected":false},"featured_media":9589,"template":"","meta":{"iawp_total_views":1},"product_brand":[],"product_cat":[23],"product_tag":[8617,8655,8673,8697,8768,8770,731,8771,3427,7101,7132,7199],"class_list":{"0":"post-9587","1":"product","2":"type-product","3":"status-publish","4":"has-post-thumbnail","6":"product_cat-motorrad","7":"product_tag-triumph-speed-triple-1200-rs","8":"product_tag-triumph-tiger-sport-660","9":"product_tag-cfmoto-650-mt","10":"product_tag-ducati-desertx","11":"product_tag-yamaha-tenere-900","12":"product_tag-honda-gold-wing-tour-dct","13":"product_tag-yamaha-sr-500","14":"product_tag-ducati-scrambler-reihe","15":"product_tag-bmw-k-1600-gt","16":"product_tag-yamaha-mt-10","17":"product_tag-yamaha-tenere-700","18":"product_tag-husqvarna-norden-901","20":"first","21":"instock","22":"shipping-taxable","23":"purchasable","24":"product-type-simple"},"_links":{"self":[{"href":"https:\/\/motorrad-erinnerungen.de\/shop\/wp-json\/wp\/v2\/product\/9587","targetHints":{"allow":["GET"]}}],"collection":[{"href":"https:\/\/motorrad-erinnerungen.de\/shop\/wp-json\/wp\/v2\/product"}],"about":[{"href":"https:\/\/motorrad-erinnerungen.de\/shop\/wp-json\/wp\/v2\/types\/product"}],"wp:featuredmedia":[{"embeddable":true,"href":"https:\/\/motorrad-erinnerungen.de\/shop\/wp-json\/wp\/v2\/media\/9589"}],"wp:attachment":[{"href":"https:\/\/motorrad-erinnerungen.de\/shop\/wp-json\/wp\/v2\/media?parent=9587"}],"wp:term":[{"taxonomy":"product_brand","embeddable":true,"href":"https:\/\/motorrad-erinnerungen.de\/shop\/wp-json\/wp\/v2\/product_brand?post=9587"},{"taxonomy":"product_cat","embeddable":true,"href":"https:\/\/motorrad-erinnerungen.de\/shop\/wp-json\/wp\/v2\/product_cat?post=9587"},{"taxonomy":"product_tag","embeddable":true,"href":"https:\/\/motorrad-erinnerungen.de\/shop\/wp-json\/wp\/v2\/product_tag?post=9587"}],"curies":[{"name":"wp","href":"https:\/\/api.w.org\/{rel}","templated":true}]}}