{"id":9609,"date":"2025-10-16T17:24:55","date_gmt":"2025-10-16T15:24:55","guid":{"rendered":"https:\/\/motorrad-erinnerungen.de\/2026\/produkt\/motorrad-25-2022-tenere-700-langzeittest-herbsttour-eicma\/"},"modified":"2025-10-16T20:40:04","modified_gmt":"2025-10-16T18:40:04","slug":"motorrad-25-2022-tenere-700-langzeittest-herbsttour-eicma","status":"publish","type":"product","link":"https:\/\/motorrad-erinnerungen.de\/shop\/produkt\/motorrad-25-2022-tenere-700-langzeittest-herbsttour-eicma\/","title":{"rendered":"MOTORRAD 25\/2022 \u2013 Vergleich KTM 690 SMC R vs. GasGas SM 700"},"content":{"rendered":"<p>Angeboten zum Kauf wird die Zeitschrift <strong>MOTORRAD 25\/2022<\/strong> vom 25.11.2022.<\/p>\n<h2>\ud83d\udccc <strong>Freuen Sie sich auf folgende Titelthemen<\/strong><\/h2>\n<ul>\n<li><strong>Yamaha T\u00e9n\u00e9r\u00e9 700:<\/strong> Dauertest-Abschlussbilanz nach 50000 Test-km<\/li>\n<li><strong>Aprilia Tuono 660, Benelli Leoncino 800, BMW S 1000 RR, Ducati Multistrada V4 S, Harley-Davidson Pan America 1250 Special, Indian FTR 1200 S, Moto Guzzi V85 TT, Triumph Tiger 900 Rally Pro, Triumph Speed Triple 1200 RR:mit\u00a0<\/strong> 9 Dauertest-Bikes auf gro\u00dfer Herbstausfahrt<\/li>\n<li><strong>Moto Morini 6 \u00bd Scambler und Street:<\/strong> Fahrbericht, exclusiv<\/li>\n<li><strong>Werkstatt-Handschuhe &amp; Handreiniger:<\/strong> Produkttest<\/li>\n<li>EICMA-Report: \u00dcber 20 Top-Messeneuheiten<\/li>\n<\/ul>\n<h2>\u2795 <strong>Weitere Tests &amp; Highlights<\/strong><\/h2>\n<ul>\n<li><strong>Vespa GTS 300 SuperSport<\/strong>: Fahrbericht<\/li>\n<li><strong>KTM 690 SMC R vs. GasGas SM 700<\/strong>: Vergleichstest<\/li>\n<li><strong>Harley-Davidson Softail Slim<\/strong> (FLS\/S): Tipps f\u00fcr die Probefahrt beim Gebrauchtkauf<\/li>\n<li><strong>Aprilia RS 125 GP Replica<\/strong>: Test im Test kompakt<\/li>\n<\/ul>\n<h2>\ud83d\udce6 <strong>Versand &amp; Service<\/strong><\/h2>\n<ul>\n<li>Kostenloser Versand in Deutschland, Auslandsversand f\u00fcr eine geringe Pauschale<\/li>\n<li>Langj\u00e4hrige Versand-Erfahrung mit \u00fcber 30.000 erfolgreichen Sendungen<\/li>\n<li>Ihre Zeitschrift wird sicher und liebevoll verpackt<\/li>\n<\/ul>\n<h2>\ud83c\udf0d <strong>Zustand der Zeitschrift<\/strong><\/h2>\n<ul>\n<li>Gebraucht, weil gelesen, durchgebl\u00e4ttert, gestapelt \ud83d\ude09<\/li>\n<li>Alles original, Klebespuren von Abo-Adressaufklebern sind m\u00f6glich<\/li>\n<\/ul>\n","protected":false},"excerpt":{"rendered":"<p>50.000 km Abschlussbilanz der Yamaha T\u00e9n\u00e9r\u00e9 700, gro\u00dfe Herbstausfahrt, EICMA-Report. Werkstatt-Test, Moto Morini 6 \u00bd, Lesertest und Gewinnchancen.<\/p>\n","protected":false},"featured_media":9619,"template":"","meta":{"iawp_total_views":0},"product_brand":[],"product_cat":[23],"product_tag":[7192,8168,8173,8596,3219,8666,3592,8751,3602,8819,7132,8820,7153,8821,7157,7182],"class_list":{"0":"post-9609","1":"product","2":"type-product","3":"status-publish","4":"has-post-thumbnail","6":"product_cat-motorrad","7":"product_tag-ducati-multistrada-v4-s","8":"product_tag-aprilia-tuono-660","9":"product_tag-moto-morini-6-1-2","10":"product_tag-harley-davidson-pan-america-1250","11":"product_tag-bmw-s-1000-rr","12":"product_tag-triumph-speed-triple-1200-rr","13":"product_tag-ktm-690-smc-r","14":"product_tag-benelli-leoncino-800","15":"product_tag-harley-davidson-softail-slim","16":"product_tag-vespa-gts-300-supersport","17":"product_tag-yamaha-tenere-700","18":"product_tag-gasgas-sm-700","19":"product_tag-indian-ftr-1200-s","20":"product_tag-aprilia-rs-125-gp-replica","21":"product_tag-moto-guzzi-v85-tt","22":"product_tag-triumph-tiger-900-rally-pro","24":"first","25":"instock","26":"shipping-taxable","27":"purchasable","28":"product-type-simple"},"_links":{"self":[{"href":"https:\/\/motorrad-erinnerungen.de\/shop\/wp-json\/wp\/v2\/product\/9609","targetHints":{"allow":["GET"]}}],"collection":[{"href":"https:\/\/motorrad-erinnerungen.de\/shop\/wp-json\/wp\/v2\/product"}],"about":[{"href":"https:\/\/motorrad-erinnerungen.de\/shop\/wp-json\/wp\/v2\/types\/product"}],"wp:featuredmedia":[{"embeddable":true,"href":"https:\/\/motorrad-erinnerungen.de\/shop\/wp-json\/wp\/v2\/media\/9619"}],"wp:attachment":[{"href":"https:\/\/motorrad-erinnerungen.de\/shop\/wp-json\/wp\/v2\/media?parent=9609"}],"wp:term":[{"taxonomy":"product_brand","embeddable":true,"href":"https:\/\/motorrad-erinnerungen.de\/shop\/wp-json\/wp\/v2\/product_brand?post=9609"},{"taxonomy":"product_cat","embeddable":true,"href":"https:\/\/motorrad-erinnerungen.de\/shop\/wp-json\/wp\/v2\/product_cat?post=9609"},{"taxonomy":"product_tag","embeddable":true,"href":"https:\/\/motorrad-erinnerungen.de\/shop\/wp-json\/wp\/v2\/product_tag?post=9609"}],"curies":[{"name":"wp","href":"https:\/\/api.w.org\/{rel}","templated":true}]}}