{"id":9876,"date":"2025-10-22T16:40:12","date_gmt":"2025-10-22T14:40:12","guid":{"rendered":"https:\/\/motorrad-erinnerungen.de\/2026\/produkt\/motorrad-10-2025-ducati-monster-v2-power-nakeds-scrambler-panigale-v2-s\/"},"modified":"2026-03-21T17:38:39","modified_gmt":"2026-03-21T16:38:39","slug":"motorrad-10-2025-ducati-monster-v2-power-nakeds-scrambler-panigale-v2-s","status":"publish","type":"product","link":"https:\/\/motorrad-erinnerungen.de\/shop\/produkt\/motorrad-10-2025-ducati-monster-v2-power-nakeds-scrambler-panigale-v2-s\/","title":{"rendered":"MOTORRAD 10\/2025 \u2013 Top-Test Ducati Panigale V2 S; Multistrada 950 gebraucht"},"content":{"rendered":"<p>Zum Kauf angeboten wird die Zeitschrift <strong>MOTORRAD 10\/2025<\/strong> vom 25.04.2025.<\/p>\n<h2>\ud83d\udccc Freuen Sie sich auf folgende Titelthemen<\/h2>\n<ul>\n<li><strong>Ducati Monster V2<\/strong>: Geht die Erfolgsgeschichte weiter?<\/li>\n<li><strong>KTM 1390 Super Duke R Evo, BMW S 1000 R, Triumph Speed Triple 1200 RS<\/strong>: Power-Naked-Vergleich<\/li>\n<li><strong>Honda CL 500, Triumph Scrambler 400 X, Royal Enfield Guerilla 450<\/strong>: Vergleich A2-Scrambler<\/li>\n<li><strong>Ducati Panigale V2 S<\/strong>: Top-Test<\/li>\n<\/ul>\n<h2>\u2795 Weitere Tests &amp; Highlights<\/h2>\n<ul>\n<li><strong>Aprilia Tuareg Rally, Yamaha T\u00e9n\u00e9r\u00e9 700 Rally<\/strong>: Fahrberichte<\/li>\n<li><strong>Ducati Multistrada 950<\/strong>: Gebrauchtberatung<\/li>\n<li><strong>BMW R 1300 GS<\/strong>: Zubeh\u00f6r im Test<\/li>\n<li><strong>Akku-Luftpumpen<\/strong>: Produkttest<\/li>\n<li><strong>Fahrverbindungen Europa<\/strong>: Die besten Routen<\/li>\n<li><strong>IDM EXTRA<\/strong>: Alles zur Saison 2025<\/li>\n<\/ul>\n<h2>\ud83d\udce6 Versand &amp; Service<\/h2>\n<ul>\n<li>Kostenloser Versand in Deutschland, Auslandsversand f\u00fcr eine geringe Pauschale<\/li>\n<li>Langj\u00e4hrige Versand-Erfahrung mit \u00fcber 17.000 erfolgreichen Sendungen<\/li>\n<li>Ihre Zeitschrift wird sicher und liebevoll verpackt<\/li>\n<\/ul>\n<h2>\ud83c\udf0d Zustand der Zeitschrift<\/h2>\n<ul>\n<li>Gebraucht, weil gelesen, durchgebl\u00e4ttert, gestapelt \ud83d\ude09<\/li>\n<li>Alles original, Klebespuren von Abo-Adressaufklebern sind m\u00f6glich<\/li>\n<\/ul>\n","protected":false},"excerpt":{"rendered":"<p>Ducati Monster V2, Vergleichstest Power-Nakeds (KTM 1390 Super Duke R Evo, BMW S 1000 R, Triumph Speed Triple 1200 RS), neue A2-Scrambler (Honda CL 500, Triumph Scrambler 400 X, Royal Enfield Guerilla 450), Aprilia Tuareg Rally, Yamaha T\u00e9n\u00e9r\u00e9 700 Rally, Test Panigale V2 S, Multistrada 950, beste Fahrverbindungen &amp; Akku-Luftpumpen im Test.<\/p>\n","protected":false},"featured_media":9885,"template":"","meta":{"iawp_total_views":1},"product_brand":[],"product_cat":[23],"product_tag":[9081,9198,9203,9262,9263,3729,9264,7102,9273,7132,8436,8617,8904],"class_list":{"0":"post-9876","1":"product","2":"type-product","3":"status-publish","4":"has-post-thumbnail","6":"product_cat-motorrad","7":"product_tag-triumph-scrambler-400-x","8":"product_tag-ktm-1390-super-duke-r-evo-2","9":"product_tag-ducati-panigale-v2-s","10":"product_tag-ducati-monster-v2","11":"product_tag-royal-enfield-guerilla-450","12":"product_tag-bmw-s-1000-r","13":"product_tag-aprilia-tuareg-rally","14":"product_tag-ducati-multistrada-950","15":"product_tag-motorrad-idm-extra","16":"product_tag-yamaha-tenere-700","17":"product_tag-bmw-r-1300-gs","18":"product_tag-triumph-speed-triple-1200-rs","19":"product_tag-honda-cl-500","21":"first","22":"instock","23":"shipping-taxable","24":"purchasable","25":"product-type-simple"},"_links":{"self":[{"href":"https:\/\/motorrad-erinnerungen.de\/shop\/wp-json\/wp\/v2\/product\/9876","targetHints":{"allow":["GET"]}}],"collection":[{"href":"https:\/\/motorrad-erinnerungen.de\/shop\/wp-json\/wp\/v2\/product"}],"about":[{"href":"https:\/\/motorrad-erinnerungen.de\/shop\/wp-json\/wp\/v2\/types\/product"}],"wp:featuredmedia":[{"embeddable":true,"href":"https:\/\/motorrad-erinnerungen.de\/shop\/wp-json\/wp\/v2\/media\/9885"}],"wp:attachment":[{"href":"https:\/\/motorrad-erinnerungen.de\/shop\/wp-json\/wp\/v2\/media?parent=9876"}],"wp:term":[{"taxonomy":"product_brand","embeddable":true,"href":"https:\/\/motorrad-erinnerungen.de\/shop\/wp-json\/wp\/v2\/product_brand?post=9876"},{"taxonomy":"product_cat","embeddable":true,"href":"https:\/\/motorrad-erinnerungen.de\/shop\/wp-json\/wp\/v2\/product_cat?post=9876"},{"taxonomy":"product_tag","embeddable":true,"href":"https:\/\/motorrad-erinnerungen.de\/shop\/wp-json\/wp\/v2\/product_tag?post=9876"}],"curies":[{"name":"wp","href":"https:\/\/api.w.org\/{rel}","templated":true}]}}